{"id":846,"date":"2022-09-30T22:10:14","date_gmt":"2022-09-30T20:10:14","guid":{"rendered":"http:\/\/empatia-plus.sk\/?page_id=846"},"modified":"2023-07-31T12:16:23","modified_gmt":"2023-07-31T10:16:23","slug":"ingyenes-workshop-toltsd-fel-elettel-a-kommunikaciod-es-vele-a-kapcsolataid","status":"publish","type":"page","link":"https:\/\/empatia-plus.sk\/?page_id=846","title":{"rendered":"(ingyenes minitr\u00e9ning) Kommunik\u00e1lj EGYENRANG\u00daAN, Egy\u00fctt\u00e9rz\u0151en!"},"content":{"rendered":"<div class=\"vce-row-container\" data-vce-boxed-width=\"true\"><div class=\"vce-row vce-row--col-gap-30 vce-row-equal-height vce-row-columns--top vce-row-content--top\" id=\"el-86b786b9\" data-vce-do-apply=\"all el-86b786b9\"><div class=\"vce-row-content\" data-vce-element-content=\"true\"><div class=\"vce-col vce-col--md-auto vce-col--xs-1 vce-col--xs-last vce-col--xs-first vce-col--sm-last vce-col--sm-first vce-col--md-last vce-col--lg-last vce-col--xl-last vce-col--md-first vce-col--lg-first vce-col--xl-first\" id=\"el-1a274ff1\"><div class=\"vce-col-inner\" data-vce-do-apply=\"border margin background  el-1a274ff1\"><div class=\"vce-col-content\" data-vce-element-content=\"true\" data-vce-do-apply=\"padding el-1a274ff1\"><div class=\"vce-button--style-basic-container vce-button--style-basic-container--align-center\"><span class=\"vce-button--style-basic-wrapper vce\" id=\"el-d72ec3bd\" data-vce-do-apply=\"margin el-d72ec3bd\"><a class=\"vce-button--style-basic vce-button--style-basic--border-round vce-button--style-basic--size-large vce-button--style-basic--color-557cbf--fff\" href=\"https:\/\/www.subscribepage.com\/d9q4i8_copy_copy2\" title=\"\" data-vce-do-apply=\"padding border background  el-d72ec3bd\">JELENTKEZEM<\/a><\/span><\/div><\/div><\/div><\/div><\/div><\/div><\/div><div class=\"vce-row-container\" data-vce-boxed-width=\"true\"><div class=\"vce-row vce-row--col-gap-30 vce-row-equal-height vce-row-columns--top vce-row-content--top\" id=\"el-7d11f265\" data-vce-do-apply=\"all el-7d11f265\"><div class=\"vce-row-content\" data-vce-element-content=\"true\"><div class=\"vce-col vce-col--md-49-93p vce-col--xs-1 vce-col--xs-last vce-col--xs-first vce-col--sm-last vce-col--sm-first vce-col--md-first vce-col--lg-first vce-col--xl-first\" id=\"el-b10306ff\"><div class=\"vce-col-inner\" data-vce-do-apply=\"border margin background  el-b10306ff\"><div class=\"vce-col-content\" data-vce-element-content=\"true\" data-vce-do-apply=\"padding el-b10306ff\"><div class=\"vce-text-block\"><div class=\"vce-text-block-wrapper vce\" id=\"el-1bee826e\" data-vce-do-apply=\"all el-1bee826e\"><h4>&nbsp;<\/h4><h4><span style=\"color: #b06310;\"><strong><em><span style=\"font-family: 'comic sans ms', sans-serif;\">Mott\u00f3: \"A kritika a Sz\u00fcks\u00e9gleteink tragikus kifejez\u00e9se!\" (M.B. Rosenberg)<\/span><\/em><\/strong><\/span><\/h4><p>&nbsp;<\/p><h4><span style=\"font-family: 'comic sans ms', sans-serif; color: #b06310;\"><em><strong>\"M\u00c9LT\u00d3 VAGYOK A T\u00d6BBRE!\"<\/strong><\/em><\/span><\/h4><h3>&nbsp;<\/h3><h2><em><strong>Iratkozz fel az 5-r\u00e9szes INGYENES vide\u00f3 Minitr\u00e9ningre itt:&nbsp;<\/strong><\/em><\/h2><h2>https:\/\/www.subscribepage.com\/d9q4i8_copy_copy2<\/h2><p>&nbsp;<\/p><h5 style=\"line-height: 1.75;\"><em><strong>...ha Te is elf\u00e1radt\u00e1l a j\u00e1tszm\u00e1kt\u00f3l \"\u00e1titatott\" <\/strong><\/em><em><strong>konfliktusokba, az \u00f6nmagad, vagy a m\u00e1sikat hib\u00e1ztat\u00f3- (sz\u00e9gyent- \u00e9s b\u0171ntudatot kelt\u0151) strat\u00e9gi\u00e1kba, \u00e9s <\/strong><strong>szeretn\u00e9d m\u00e1r megtapasztalni:<\/strong><\/em><\/h5><h5 style=\"line-height: 1.75;\">- <em>a <strong>\"Sz\u00edvb\u0151l k\u00f6nnyed\u00e9n adni \u00e9s kapni\" Val\u00f3s\u00e1g\u00e1t,<\/strong><\/em><\/h5><h5 style=\"line-height: 1.75;\"><em>- a <strong>Te \u00e9s a M\u00e1sik J\u00f3ll\u00e9t\u00e9t,&nbsp; M\u00e9lt\u00f3s\u00e1g\u00e1t<\/strong> egyform\u00e1n t\u00e1mogat\u00f3 lehet\u0151s\u00e9gek t\u00e1rh\u00e1z\u00e1t,<\/em><\/h5><h5 style=\"line-height: 1.75;\"><em>- az <strong>\u00d6nmagad \u0151szinte kifejez\u00e9s\u00e9nek felszabad\u00edt\u00f3 erej\u00e9t<\/strong>, (a kritik\u00e1k \u00e9s b\u00e1nt\u00e1sok helyett),<\/em><\/h5><h5 style=\"line-height: 1.75;\"><em>- a t\u00f6rt\u00e9neteid <strong>Befoly\u00e1sol\u00f3 Er\u0151det<\/strong>,&nbsp; \u00e9s vele a <strong>K\u00f6nnyedebb Kommunik\u00e1ci\u00f3t \u00e9s Kapcsol\u00f3d\u00e1st<\/strong>!<\/em><\/h5><h4>&nbsp;<\/h4><h4 style=\"line-height: 1.75;\"><span style=\"color: #c4682b;\"><em><strong>A Program sor\u00e1n - az \u00e9lete<\/strong><\/em><\/span><span style=\"color: #c4682b;\"><em><strong>d, kapcsolataid \u00e9s kommunik\u00e1ci\u00f3d min\u0151s\u00e9g\u00e9t Tudatosan befoly\u00e1solni V\u00e1gy\u00f3 (n\u0151k\u00e9nt, anyak\u00e9nt) megtapasztalod, hogy :<\/strong><\/em><\/span><\/h4><h4>&nbsp;<\/h4><h4 style=\"line-height: 1.75;\"><em><span style=\"font-family: helvetica, arial, sans-serif;\">- alapvet\u0151en A B\u00c9KE a term\u00e9szetes \u00e1llapotunk,<\/span><\/em><\/h4><h4 style=\"line-height: 1.75;\"><em><span style=\"font-family: helvetica, arial, sans-serif;\">- sz\u00edvb\u0151l adni \u00e9s kapni szeretn\u00e9nk \u00e9s az&nbsp; &nbsp; &nbsp; &nbsp;lehets\u00e9ges is,<\/span><\/em> <br><em><span style=\"font-family: helvetica, arial, sans-serif;\">- van \u201eki\u00fat\u201d a hozott mint\u00e1kb\u00f3l, <\/span><\/em><br><em><span style=\"font-family: helvetica, arial, sans-serif;\">- nem kell b\u00fcntetni! - az helyett l\u00e9tezik <\/span><\/em><br><em><span style=\"font-family: helvetica, arial, sans-serif;\">egy sokkal TERM\u00c9SZETESEBB \u00c9S <\/span><\/em><br><em><span style=\"font-family: helvetica, arial, sans-serif;\">EREDM\u00c9NYESEBB m\u00f3dja a <\/span><\/em><br><em><span style=\"font-family: helvetica, arial, sans-serif;\">felel\u0151ss\u00e9g v\u00e1llal\u00e1s\u00e1nak, \u00e9s <\/span><\/em><br><em><span style=\"font-family: helvetica, arial, sans-serif;\">\u00e1tad\u00e1s\u00e1nak,<\/span><\/em><br><em><span style=\"font-family: helvetica, arial, sans-serif;\">- kifejezheted az egyet nem \u00e9rt\u00e9sed <\/span><\/em><br><em><span style=\"font-family: helvetica, arial, sans-serif;\">rombol\u00e1s n\u00e9lk\u00fcl, <\/span><\/em><br><em><span style=\"font-family: helvetica, arial, sans-serif;\">- megtapasztalod egy-egy <\/span><\/em><br><em><span style=\"font-family: helvetica, arial, sans-serif;\">konfliktusban (\u00e9s ily m\u00f3don a <\/span><\/em><br><em><span style=\"font-family: helvetica, arial, sans-serif;\">kapcsolataidban) rejl\u0151 fejl\u0151d\u00e9si<\/span><\/em><br><em><span style=\"font-family: helvetica, arial, sans-serif;\">lehet\u0151s\u00e9geket, <\/span><\/em><br><em><span style=\"font-family: helvetica, arial, sans-serif;\">- az \u0151szintes\u00e9ged \u00e9s <\/span><\/em><br><em><span style=\"font-family: helvetica, arial, sans-serif;\">sebezhet\u0151s\u00e9ged EREJ\u00c9T,<\/span><\/em><br><em><span style=\"font-family: helvetica, arial, sans-serif;\">- a benned \u00e9l\u0151, \u00e9s kiakn\u00e1z\u00e1sra v\u00e1gy\u00f3 <\/span><\/em><br><em><span style=\"font-family: helvetica, arial, sans-serif;\">ER\u0150FORR\u00c1SOK&nbsp; t\u00e1rh\u00e1z\u00e1t...<\/span><\/em><\/h4><h3>&nbsp;<\/h3><h3><em><strong><span style=\"color: #333399;\">Az 5 r\u00e9szes program tov\u00e1<\/span><\/strong><\/em><em><strong><span style=\"color: #333399;\">bbl\u00e9p\u00e9si lehet\u0151s\u00e9get ad a hamarosan indul\u00f3&nbsp; \"Er\u0151szakmentes kommunik\u00e1ci\u00f3 Alapok\"&nbsp; k\u00e9pz\u00e9sbe!<\/span><\/strong><\/em><\/h3><h3>&nbsp;<\/h3><h4>Onn\u00e9t visz tov\u00e1bb, ahol \u00e9pp tartasz, t\u00e1g\u00edtva a Tudatoss\u00e1god \u00e9s a Lehet\u0151s\u00e9geid t\u00e1rh\u00e1z\u00e1t a gondolkod\u00e1sodban \u00e9s kommunik\u00e1ci\u00f3dban!<\/h4><h3>&nbsp;<\/h3><h3><strong><em><span style=\"color: #c4682b;\">5 nap Minitr\u00e9ning Aj\u00e1nd\u00e9kokat is tartalmaz (korl\u00e1tozott ideig)! Regisztr\u00e1ci\u00f3d&nbsp; ut\u00e1n mailben inform\u00e1llak a r\u00e9szletekr\u0151l!&nbsp;&nbsp;<\/span><\/em><\/strong><\/h3><h3>&nbsp;<\/h3><h3><em><strong>A r\u00e9szv\u00e9telhez REGISZTR\u00c1CI\u00d3 sz\u00fcks\u00e9ges!<\/strong><\/em><\/h3><h4>&nbsp;<\/h4><h4>Figyelem! A Minitr\u00e9ning CSAK augusztus 23 (szerda \u00e9jf\u00e9lig) lesz ingyenesen el\u00e9rhet\u0151! Ezzel is buzd\u00edtani szeretn\u00e9lek arra, hogy n\u00e9zd meg a felv\u00e9teleket, hogyha val\u00f3ban a halad\u00e1s mellett k\u00f6telezed el magad, \u00e9n abban szeretn\u00e9lek t\u00e1mogatni!<\/h4><h4>Ezut\u00e1n a minintr\u00e9ning megv\u00e1s\u00e1rolhat\u00f3 lesz (45 Eur), ill, ha csatlakozol az \"EMK - Alapok\" k\u00e9pz\u00e9sbe, vagy \u00e9pp valamely halad\u00f3 k\u00e9pz\u00e9s r\u00e9sztvev\u0151je vagy,&nbsp; a felv\u00e9teleket a k\u00e9pz\u00e9s mell\u00e9 B\u00d3NUSZK\u00c9NT MEGKAPOD!<\/h4><p>N\u00e9zd meg, mint mondtak a kor\u00e1bbi hasonl\u00f3 programokr\u00f3l a r\u00e9sztvev\u0151k:<\/p><\/div><\/div><\/div><\/div><\/div><div class=\"vce-col vce-col--md-50-07p vce-col--xs-1 vce-col--xs-last vce-col--xs-first vce-col--sm-last vce-col--sm-first vce-col--md-last vce-col--lg-last vce-col--xl-last\" id=\"el-fc04c7c8\"><div class=\"vce-col-inner\" data-vce-do-apply=\"border margin background  el-fc04c7c8\"><div class=\"vce-col-content\" data-vce-element-content=\"true\" data-vce-do-apply=\"padding el-fc04c7c8\"><div class=\"vce-text-block\"><div class=\"vce-text-block-wrapper vce\" id=\"el-36187862\" data-vce-do-apply=\"all el-36187862\"><\/div><\/div><div class=\"vce-yt-video-player vce-yt-video-player--align-left vce-yt-video-player--size-560x315\"><div class=\"vce vce-yt-video-player-wrapper\" id=\"el-6d3fff2f\" data-vce-do-apply=\"all el-6d3fff2f\" style=\"width: 560px;\"><div class=\"vce-yt-video-player-inner\"><iframe class=\"vce-yt-video-player-iframe\" src=\"https:\/\/www.youtube.com\/embed\/Kx3sxJpbV9E?autoplay=0&amp;mute=0&amp;color=red&amp;controls=1&amp;loop=0&amp;rel=0&amp;start=0&amp;cc_load_policy=0&amp;iv_load_policy=3\" width=\"640\" height=\"390\" frameborder=\"0\" allowfullscreen=\"true\"><\/iframe><\/div><\/div><\/div><div class=\"vce-single-image-container vce-single-image--align-left\"><div class=\"vce vce-single-image-wrapper\" id=\"el-37260232\" data-vce-do-apply=\"all el-37260232\"><figure><div class=\"vce-single-image-inner vce-single-image--absolute\"><\/div><figcaption hidden=\"\"><\/figcaption><\/figure><\/div><\/div><div class=\"vce-single-image-container vce-single-image--align-left\"><div class=\"vce vce-single-image-wrapper\" id=\"el-64336645\" data-vce-do-apply=\"all el-64336645\"><figure><div class=\"vce-single-image-inner vce-single-image--absolute\" style=\"padding-bottom: 83.8298%; width: 940px;\"><img fetchpriority=\"high\" decoding=\"async\" class=\"vce-single-image\" width=\"940\" height=\"788\" src=\"https:\/\/empatia-plus.sk\/wp-content\/uploads\/2023\/07\/a-v\u00e1laszt\u00e1s-lehet\u0151s\u00e9ge-a-kommunik\u00e1ciomban-1-940x788.png\" srcset=\"https:\/\/empatia-plus.sk\/wp-content\/uploads\/2023\/07\/a-v\u00e1laszt\u00e1s-lehet\u0151s\u00e9ge-a-kommunik\u00e1ciomban-1-320x268.png 320w,https:\/\/empatia-plus.sk\/wp-content\/uploads\/2023\/07\/a-v\u00e1laszt\u00e1s-lehet\u0151s\u00e9ge-a-kommunik\u00e1ciomban-1-480x402.png 480w,https:\/\/empatia-plus.sk\/wp-content\/uploads\/2023\/07\/a-v\u00e1laszt\u00e1s-lehet\u0151s\u00e9ge-a-kommunik\u00e1ciomban-1-800x671.png 800w,https:\/\/empatia-plus.sk\/wp-content\/uploads\/2023\/07\/a-v\u00e1laszt\u00e1s-lehet\u0151s\u00e9ge-a-kommunik\u00e1ciomban-1-940x788.png 940w\" data-img-src=\"https:\/\/empatia-plus.sk\/wp-content\/uploads\/2022\/10\/a-v\u00e1laszt\u00e1s-lehet\u0151s\u00e9ge-a-kommunik\u00e1ciomban-1.png\" alt=\"\" title=\"a v\u00e1laszt\u00e1s lehet\u0151s\u00e9ge a kommunik\u00e1ciomban\" \/><\/div><figcaption hidden=\"\"><\/figcaption><\/figure><\/div><\/div><div class=\"vce-text-block\"><div class=\"vce-text-block-wrapper vce\" id=\"el-08ce76d5\" data-vce-do-apply=\"all el-08ce76d5\"><h2>N\u00e9h\u00e1ny visszajelz\u00e9s a kor\u00e1bbi \u00c9l\u0151 tal\u00e1lkoz\u00f3b\u00f3l:<\/h2><p style=\"font-weight: 400;\"><em>\"\u00dagy \u00e1lltalak neki hallgatni, hogy k\u00f6zben rakodtam, mostam \u00e9s k\u00e9sz\u00edtettem el\u0151 a lak\u00e1st a takar\u00edt\u00e1shoz, f\u00e9l f\u00fclessel, hogy a m\u00e1sik f\u00fclem a l\u00e1nyom g\u00fcgy\u00f6g\u00e9s\u00e9t k\u00f6vesse. Azt\u00e1n elj\u00f6tt az a pont, hogy letettem a kir\u00e1zand\u00f3 p\u00e1rn\u00e1kat a kezemb\u0151l, mert \u00fagy \u00e9reztem, a gondolataid teljes figyelmet k\u00f6vetelnek. \u00dagyhogy t\u00f6bbsz\u00f6r visszatekertem, pap\u00edrt \u00e9s tollat fogtam, hogy ezt az \u00e9rt\u00e9ket meg\u00f6r\u00f6k\u00edthessem.\"&nbsp; (Csilla)<\/em><\/p><p>\"<em>K\u00f6sz\u00f6n\u00f6m a fantasztikus el\u0151ad\u00e1sokat, nagyon \u00e9rdekes volt sz\u00e1momra, szinte odaszegezett a k\u00e9perny\u0151 el\u00e9. M\u00e1r olvastam a t\u00e9m\u00e1r\u00f3l, de egy kicsit \"kacif\u00e1ntosnak\" t\u0171nt eddig nekem a m\u00f3dszer. Azonban most annyira \u00e9rthet\u0151en \u00e9s szeml\u00e9letesen mes\u00e9lt\u00e9l r\u00f3la, hogy igaz\u00e1n felkeltetted az \u00e9rdekl\u0151d\u00e9semet a m\u00f3dszer ir\u00e1nt. Elind\u00edtott\u00e1l egy \u00faton, amin haladni fogok tov\u00e1bb, mert nem csak nekem, hanem a k\u00f6r\u00fcl\u00f6ttem \u00e9l\u0151knek is sok \"nyeres\u00e9ge\" lesz bel\u0151le.\" (Zsuzsa)<\/em><\/p><p><em>\"M\u00e9gegyszer nagyon k\u00f6sz\u00f6n\u00f6m a lehet\u0151s\u00e9get erre a 3 alkalomra. Csod\u00e1latos gondolatokat, szeml\u00e9letm\u00f3dot kaptam.... \u00e9s nagyon h\u00e1l\u00e1s vagyok az \u0151szinte gondolataid\u00e9rt, p\u00e9ld\u00e1id\u00e9rt. Ett\u0151l (is) volt olyan emberi. :)\" (Venesz Melinda)<\/em><\/p><p style=\"font-weight: 400;\"><em>\"Mondhatok NEM-et! Ez egy olyan \u00faj felismer\u00e9s, ami esetemben - \u00fagy \u00e9rzem, hogy k\u00e9s\u0151n, \u00e9lettani v\u00e1ltoz\u00e1sokb\u00f3l kifoly\u00f3lag, a korral j\u00f6tt, - &nbsp;h\u00e1l\u00e1val t\u00f6lt el, hogy nem \u00f6nz\u00e9sk\u00e9nt defini\u00e1l\u00f3dik, mint ahogy gyermekkoromban kondicion\u00e1ltak. K\u00f6sz\u00f6n\u00f6m sz\u00e9pen, dr\u00e1ga \u00c9va, a lehet\u0151s\u00e9get!\" (Papp Andrea)<\/em><\/p><p><em>\"Csordultig van a sz\u00edvem h\u00e1l\u00e1val!&nbsp; Nagyszer\u0171 dolog amit csin\u00e1lsz! Nagyon sok ember \u00e9let\u00e9hez j\u00e1rulsz hozz\u00e1 t\u00e1mogat\u00f3lag! <\/em><em>T\u0151bbek k\u0151z\u0151tt az eny\u00e9mhez is, amit nagyon k\u00f6sz\u00f6n\u00f6k!\" (Dr. L\u0151rincz Katalin)<\/em><\/p><p><em>\"V\u00e9gtelen\u00fcl h\u00e1l\u00e1s vagyok, hogy r\u00e9szt vehettem ezen a h\u00e1rom alkalmon. <\/em><em>Neh\u00e9z kiemelni 3 mondatot, mert az eg\u00e9sz \u00fagy volt k\u00e9rek, ahogy volt \u00e9s meg\u00e9ltem a fejl\u0151d\u00e9st!\" <\/em><em>(Kov\u00e1cs Anik\u00f3)<\/em><\/p><p><em>\"K\u00f6sz\u00f6n\u00f6m, hogy megosztottad vel\u00fcnk ezeket az \u00e9rt\u00e9kes gondolatokat, amik val\u00f3ban megv\u00e1ltoztathatj\u00e1k a gondolkod\u00e1sunkat...!\" (Tumpek Orsolya)&nbsp;<\/em><\/p><h2>&nbsp;<\/h2><\/div><\/div><\/div><\/div><\/div><\/div><\/div><\/div>\n","protected":false},"excerpt":{"rendered":"<p>JELENTKEZEM&nbsp;Mott\u00f3: &#8222;A kritika a Sz\u00fcks\u00e9gleteink tragikus kifejez\u00e9se!&#8221; (M.B. Rosenberg)&nbsp;&#8222;M\u00c9LT\u00d3 VAGYOK A T\u00d6BBRE!&#8221;&nbsp;Iratkozz fel az 5-r\u00e9szes INGYENES vide\u00f3 Minitr\u00e9ningre itt:&nbsp;https:\/\/www.subscribepage.com\/d9q4i8_copy_copy2&nbsp;&#8230;ha Te is elf\u00e1radt\u00e1l a j\u00e1tszm\u00e1kt\u00f3l &#8222;\u00e1titatott&#8221; konfliktusokba, az \u00f6nmagad, vagy a m\u00e1sikat hib\u00e1ztat\u00f3- (sz\u00e9gyent- \u00e9s b\u0171ntudatot kelt\u0151) strat\u00e9gi\u00e1kba, \u00e9s szeretn\u00e9d m\u00e1r megtapasztalni:- a &#8222;Sz\u00edvb\u0151l k\u00f6nnyed\u00e9n adni \u00e9s kapni&#8221; Val\u00f3s\u00e1g\u00e1t,- a Te \u00e9s a M\u00e1sik J\u00f3ll\u00e9t\u00e9t,&nbsp; M\u00e9lt\u00f3s\u00e1g\u00e1t egyform\u00e1n t\u00e1mogat\u00f3 lehet\u0151s\u00e9gek t\u00e1rh\u00e1z\u00e1t,- az \u00d6nmagad \u0151szinte kifejez\u00e9s\u00e9nek felszabad\u00edt\u00f3 erej\u00e9t, (a kritik\u00e1k \u00e9s b\u00e1nt\u00e1sok helyett),- a t\u00f6rt\u00e9neteid Befoly\u00e1sol\u00f3 Er\u0151det,&nbsp; \u00e9s vele a K\u00f6nnyedebb Kommunik\u00e1ci\u00f3t \u00e9s Kapcsol\u00f3d\u00e1st!&nbsp;A Program sor\u00e1n &#8211; az \u00e9leted, kapcsolataid \u00e9s kommunik\u00e1ci\u00f3d min\u0151s\u00e9g\u00e9t Tudatosan befoly\u00e1solni V\u00e1gy\u00f3 (n\u0151k\u00e9nt, anyak\u00e9nt) megtapasztalod, hogy :&nbsp;&#8211; alapvet\u0151en A B\u00c9KE a term\u00e9szetes \u00e1llapotunk,- sz\u00edvb\u0151l adni \u00e9s kapni szeretn\u00e9nk \u00e9s az&nbsp; &nbsp; &nbsp; &nbsp;lehets\u00e9ges is, &#8211; van \u201eki\u00fat\u201d a hozott mint\u00e1kb\u00f3l, &#8211; nem kell b\u00fcntetni! &#8211; az helyett l\u00e9tezik egy sokkal TERM\u00c9SZETESEBB \u00c9S EREDM\u00c9NYESEBB m\u00f3dja a felel\u0151ss\u00e9g v\u00e1llal\u00e1s\u00e1nak, \u00e9s \u00e1tad\u00e1s\u00e1nak,- kifejezheted az egyet nem \u00e9rt\u00e9sed rombol\u00e1s n\u00e9lk\u00fcl, &#8211; megtapasztalod egy-egy konfliktusban (\u00e9s ily m\u00f3don a kapcsolataidban) rejl\u0151 fejl\u0151d\u00e9silehet\u0151s\u00e9geket, &#8211; az \u0151szintes\u00e9ged \u00e9s sebezhet\u0151s\u00e9ged EREJ\u00c9T,- a benned \u00e9l\u0151, \u00e9s kiakn\u00e1z\u00e1sra v\u00e1gy\u00f3 ER\u0150FORR\u00c1SOK&nbsp; t\u00e1rh\u00e1z\u00e1t&#8230;&nbsp;Az 5 r\u00e9szes program tov\u00e1bbl\u00e9p\u00e9si lehet\u0151s\u00e9get ad a hamarosan indul\u00f3&nbsp; &#8222;Er\u0151szakmentes kommunik\u00e1ci\u00f3 Alapok&#8221;&nbsp; k\u00e9pz\u00e9sbe!&nbsp;Onn\u00e9t visz tov\u00e1bb, ahol \u00e9pp tartasz, t\u00e1g\u00edtva a Tudatoss\u00e1god \u00e9s a Lehet\u0151s\u00e9geid t\u00e1rh\u00e1z\u00e1t a gondolkod\u00e1sodban \u00e9s kommunik\u00e1ci\u00f3dban!&nbsp;5 nap Minitr\u00e9ning Aj\u00e1nd\u00e9kokat is tartalmaz (korl\u00e1tozott ideig)! Regisztr\u00e1ci\u00f3d&nbsp; ut\u00e1n mailben inform\u00e1llak a r\u00e9szletekr\u0151l!&nbsp;&nbsp;&nbsp;A r\u00e9szv\u00e9telhez REGISZTR\u00c1CI\u00d3 sz\u00fcks\u00e9ges!&nbsp;Figyelem! A Minitr\u00e9ning CSAK augusztus 23 (szerda \u00e9jf\u00e9lig) lesz ingyenesen el\u00e9rhet\u0151! Ezzel is buzd\u00edtani szeretn\u00e9lek arra, hogy n\u00e9zd meg a felv\u00e9teleket, hogyha val\u00f3ban a halad\u00e1s mellett k\u00f6telezed el magad, \u00e9n abban szeretn\u00e9lek t\u00e1mogatni!Ezut\u00e1n a minintr\u00e9ning megv\u00e1s\u00e1rolhat\u00f3 lesz (45 Eur), ill, ha csatlakozol az &#8222;EMK &#8211; Alapok&#8221; k\u00e9pz\u00e9sbe, vagy \u00e9pp valamely halad\u00f3 k\u00e9pz\u00e9s r\u00e9sztvev\u0151je vagy,&nbsp; a felv\u00e9teleket a k\u00e9pz\u00e9s mell\u00e9 B\u00d3NUSZK\u00c9NT MEGKAPOD!N\u00e9zd meg, mint mondtak a kor\u00e1bbi hasonl\u00f3 programokr\u00f3l a r\u00e9sztvev\u0151k:N\u00e9h\u00e1ny visszajelz\u00e9s a kor\u00e1bbi \u00c9l\u0151 tal\u00e1lkoz\u00f3b\u00f3l:&#8221;\u00dagy \u00e1lltalak neki hallgatni, hogy k\u00f6zben rakodtam, mostam \u00e9s k\u00e9sz\u00edtettem el\u0151 a lak\u00e1st a takar\u00edt\u00e1shoz, f\u00e9l f\u00fclessel, hogy a m\u00e1sik f\u00fclem a l\u00e1nyom g\u00fcgy\u00f6g\u00e9s\u00e9t k\u00f6vesse. Azt\u00e1n elj\u00f6tt az a pont, hogy letettem a kir\u00e1zand\u00f3 p\u00e1rn\u00e1kat a kezemb\u0151l, mert \u00fagy \u00e9reztem, a gondolataid teljes figyelmet k\u00f6vetelnek. \u00dagyhogy t\u00f6bbsz\u00f6r visszatekertem, pap\u00edrt \u00e9s tollat fogtam, hogy ezt az \u00e9rt\u00e9ket meg\u00f6r\u00f6k\u00edthessem.&#8221;&nbsp; (Csilla)&#8221;K\u00f6sz\u00f6n\u00f6m a fantasztikus el\u0151ad\u00e1sokat, nagyon \u00e9rdekes volt sz\u00e1momra, szinte odaszegezett a k\u00e9perny\u0151 el\u00e9. M\u00e1r olvastam a t\u00e9m\u00e1r\u00f3l, de egy kicsit &#8222;kacif\u00e1ntosnak&#8221; t\u0171nt eddig nekem a m\u00f3dszer. Azonban most annyira \u00e9rthet\u0151en \u00e9s szeml\u00e9letesen mes\u00e9lt\u00e9l r\u00f3la, hogy igaz\u00e1n felkeltetted az \u00e9rdekl\u0151d\u00e9semet a m\u00f3dszer ir\u00e1nt. Elind\u00edtott\u00e1l egy \u00faton, amin haladni fogok tov\u00e1bb, mert nem csak nekem, hanem a k\u00f6r\u00fcl\u00f6ttem \u00e9l\u0151knek is sok &#8222;nyeres\u00e9ge&#8221; lesz bel\u0151le.&#8221; (Zsuzsa)&#8221;M\u00e9gegyszer nagyon k\u00f6sz\u00f6n\u00f6m a lehet\u0151s\u00e9get erre a 3 alkalomra. Csod\u00e1latos gondolatokat, szeml\u00e9letm\u00f3dot kaptam&#8230;. \u00e9s nagyon h\u00e1l\u00e1s vagyok az \u0151szinte gondolataid\u00e9rt, p\u00e9ld\u00e1id\u00e9rt. Ett\u0151l (is) volt olyan emberi. :)&#8221; (Venesz Melinda)&#8221;Mondhatok NEM-et! Ez egy olyan \u00faj felismer\u00e9s, ami esetemben &#8211; \u00fagy \u00e9rzem, hogy k\u00e9s\u0151n, \u00e9lettani v\u00e1ltoz\u00e1sokb\u00f3l kifoly\u00f3lag, a korral j\u00f6tt, &#8211; &nbsp;h\u00e1l\u00e1val t\u00f6lt el, hogy nem \u00f6nz\u00e9sk\u00e9nt defini\u00e1l\u00f3dik, mint ahogy gyermekkoromban kondicion\u00e1ltak. K\u00f6sz\u00f6n\u00f6m sz\u00e9pen, dr\u00e1ga \u00c9va, a lehet\u0151s\u00e9get!&#8221; (Papp Andrea)&#8221;Csordultig van a sz\u00edvem h\u00e1l\u00e1val!&nbsp; Nagyszer\u0171 dolog amit csin\u00e1lsz! Nagyon sok ember \u00e9let\u00e9hez j\u00e1rulsz hozz\u00e1 t\u00e1mogat\u00f3lag! T\u0151bbek k\u0151z\u0151tt az eny\u00e9mhez is, amit nagyon k\u00f6sz\u00f6n\u00f6k!&#8221; (Dr. L\u0151rincz Katalin)&#8221;V\u00e9gtelen\u00fcl h\u00e1l\u00e1s vagyok, hogy r\u00e9szt vehettem ezen a h\u00e1rom alkalmon. Neh\u00e9z kiemelni 3 mondatot, mert az eg\u00e9sz \u00fagy volt k\u00e9rek, ahogy volt \u00e9s meg\u00e9ltem a fejl\u0151d\u00e9st!&#8221; (Kov\u00e1cs Anik\u00f3)&#8221;K\u00f6sz\u00f6n\u00f6m, hogy megosztottad vel\u00fcnk ezeket az \u00e9rt\u00e9kes gondolatokat, amik val\u00f3ban megv\u00e1ltoztathatj\u00e1k a gondolkod\u00e1sunkat&#8230;!&#8221; (Tumpek Orsolya)&nbsp;&nbsp;<\/p>\n","protected":false},"author":2,"featured_media":0,"parent":0,"menu_order":0,"comment_status":"closed","ping_status":"closed","template":"","meta":{"footnotes":""},"class_list":["post-846","page","type-page","status-publish","hentry"],"_links":{"self":[{"href":"https:\/\/empatia-plus.sk\/index.php?rest_route=\/wp\/v2\/pages\/846","targetHints":{"allow":["GET"]}}],"collection":[{"href":"https:\/\/empatia-plus.sk\/index.php?rest_route=\/wp\/v2\/pages"}],"about":[{"href":"https:\/\/empatia-plus.sk\/index.php?rest_route=\/wp\/v2\/types\/page"}],"author":[{"embeddable":true,"href":"https:\/\/empatia-plus.sk\/index.php?rest_route=\/wp\/v2\/users\/2"}],"replies":[{"embeddable":true,"href":"https:\/\/empatia-plus.sk\/index.php?rest_route=%2Fwp%2Fv2%2Fcomments&post=846"}],"version-history":[{"count":61,"href":"https:\/\/empatia-plus.sk\/index.php?rest_route=\/wp\/v2\/pages\/846\/revisions"}],"predecessor-version":[{"id":1164,"href":"https:\/\/empatia-plus.sk\/index.php?rest_route=\/wp\/v2\/pages\/846\/revisions\/1164"}],"wp:attachment":[{"href":"https:\/\/empatia-plus.sk\/index.php?rest_route=%2Fwp%2Fv2%2Fmedia&parent=846"}],"curies":[{"name":"wp","href":"https:\/\/api.w.org\/{rel}","templated":true}]}}