{"id":721,"date":"2022-07-06T09:02:12","date_gmt":"2022-07-06T07:02:12","guid":{"rendered":"http:\/\/empatia-plus.sk\/?page_id=721"},"modified":"2023-03-07T13:02:17","modified_gmt":"2023-03-07T12:02:17","slug":"emk-parkapcsolati-krizisben-keszuloben-varhato-2022-augusztus-vege","status":"publish","type":"page","link":"https:\/\/empatia-plus.sk\/?page_id=721","title":{"rendered":"EMK (p\u00e1r)Kapcsolati Kr\u00edzisben"},"content":{"rendered":"<div class=\"vce-row-container\" data-vce-boxed-width=\"true\"><div class=\"vce-row vce-row--col-gap-30 vce-row-equal-height vce-row-columns--top vce-row-content--top\" id=\"el-c8128798\" data-vce-do-apply=\"all el-c8128798\"><div class=\"vce-row-content\" data-vce-element-content=\"true\"><div class=\"vce-col vce-col--md-auto vce-col--xs-1 vce-col--xs-last vce-col--xs-first vce-col--sm-last vce-col--sm-first vce-col--md-last vce-col--lg-last vce-col--xl-last vce-col--md-first vce-col--lg-first vce-col--xl-first\" id=\"el-b9399c04\"><div class=\"vce-col-inner\" data-vce-do-apply=\"border margin background  el-b9399c04\"><div class=\"vce-col-content\" data-vce-element-content=\"true\" data-vce-do-apply=\"padding el-b9399c04\"><\/div><\/div><\/div><\/div><\/div><\/div><div class=\"vce-row-container\" data-vce-boxed-width=\"true\"><div class=\"vce-row vce-row--col-gap-30 vce-row-equal-height vce-row-columns--top vce-row-content--top\" id=\"el-875858e8\" data-vce-do-apply=\"all el-875858e8\"><div class=\"vce-row-content\" data-vce-element-content=\"true\"><div class=\"vce-col vce-col--md-auto vce-col--xs-1 vce-col--xs-last vce-col--xs-first vce-col--sm-last vce-col--sm-first vce-col--md-last vce-col--lg-last vce-col--xl-last vce-col--md-first vce-col--lg-first vce-col--xl-first\" id=\"el-58595464\"><div class=\"vce-col-inner\" data-vce-do-apply=\"border margin background  el-58595464\"><div class=\"vce-col-content\" data-vce-element-content=\"true\" data-vce-do-apply=\"padding el-58595464\"><div class=\"vce-button--style-basic-container vce-button--style-basic-container--align-center\"><span class=\"vce-button--style-basic-wrapper vce\" id=\"el-3c8a4cf2\" data-vce-do-apply=\"margin el-3c8a4cf2\"><a class=\"vce-button--style-basic vce-button--style-basic--border-square vce-button--style-basic--size-medium vce-button--style-basic--color-557cbf--fff\" href=\"http:\/\/empatia-plus.sk\/?page_id=966\" title=\"\" data-vce-do-apply=\"padding border background  el-3c8a4cf2\">Jelentkezem<\/a><\/span><\/div><\/div><\/div><\/div><\/div><\/div><\/div><div class=\"vce-row-container\" data-vce-boxed-width=\"true\"><div class=\"vce-row vce-row--col-gap-30 vce-row-equal-height vce-row-columns--top vce-row-content--top\" id=\"el-9c69c71b\" data-vce-do-apply=\"all el-9c69c71b\"><div class=\"vce-row-content\" data-vce-element-content=\"true\"><div class=\"vce-col vce-col--md-auto vce-col--xs-1 vce-col--xs-last vce-col--xs-first vce-col--sm-last vce-col--sm-first vce-col--md-first vce-col--lg-first vce-col--xl-first\" id=\"el-5299c3ca\"><div class=\"vce-col-inner\" data-vce-do-apply=\"border margin background  el-5299c3ca\"><div class=\"vce-col-content\" data-vce-element-content=\"true\" data-vce-do-apply=\"padding el-5299c3ca\"><div class=\"vce-text-block\"><div class=\"vce-text-block-wrapper vce\" id=\"el-43dd233f\" data-vce-do-apply=\"all el-43dd233f\"><h4><em><span style=\"font-family: inherit;\"><strong>Amikor (p\u00e1r)Kapcsolati Kr\u00edzist \u00e9l\u00fcnk \u00e1t, a tapasztalatom azt mutatja, hogy&nbsp; nagyon neh\u00e9z lehet egyed\u00fcl a kiutat l\u00e1tni, mert annyi sok sz\u00fcks\u00e9glet\u00fcnk jelentkezik egy id\u0151ben, hogy a \u201emagamnak adni..., \u00f6nmagammal egy\u00fctt lenni\u201c&nbsp; sokszor nagyon nehezen kivitelezhet\u0151 \"feladat\"...<\/strong><\/span><\/em><\/h4><p>(A (p\u00e1r)Kapcsolati megfogalmaz\u00e1sban a \"(p\u00e1r)\" sz\u00f3 az\u00e9rt ker\u00fclt z\u00e1r\u00f3jelbe, mert b\u00e1rmilyen Kapcsolati Kr\u00edzisben ugyan\u00edgy meg\u00e9lhetj\u00fck a gy\u00e1sz \u00e9s a f\u00e1jdalom folyamat\u00e1t... \u00cdgy, ha sz\u00fcl\u0151vel, feln\u0151tt gyermekkel vagy b\u00e1rki feln\u0151ttel vagy most Kapcsolati Kr\u00edzisben, a k\u00e9pz\u00e9s Neked is sz\u00f3l... )<\/p><h5><em><strong>\"Mi a k\u00f6ve<\/strong><\/em><em><strong>tkez\u0151 l\u00e9p\u00e9sem?\"&nbsp;<\/strong><\/em><\/h5><h6>Ez a k\u00e9rd\u00e9s tal\u00e1n sokkal ink\u00e1bb feler\u0151s\u00f6dik egy kr\u00edzis helyzetben, mint \u00e1ltal\u00e1ban, <em><strong>mert a ki\u00e1br\u00e1ndults\u00e1g, f\u00e9lelem, aggodalom, k\u00e9ts\u00e9gbeesetts\u00e9g \u00e1llapota uralkodhat el...<\/strong><\/em><\/h6><h6><em><strong>Tal\u00e1n hajlamos lehetsz Te is a hib\u00e1ztat\u00e1shoz folyamodni: te mit rontott\u00e1l el?<\/strong>, mit kellett volna m\u00e1sk\u00e9pp csin\u00e1lni?,<strong> mit rontott el a m\u00e1sik? \u00e9s hasonl\u00f3 k\u00ednz\u00f3 gondolatok...<\/strong> ak\u00e1r \u00e1lmatlan \u00e9jszak\u00e1k...<\/em><\/h6><h6>&nbsp;<\/h6><h6><em>Ilyenkor nagyon t\u00e1mogat\u00f3, ha egy<\/em><em> kicsit \"h\u00e1tr\u00e9bbl\u00e9phetek\", \u00e9s t\u00e1volabbr\u00f3l tudom megvizsg\u00e1lni a t\u00f6rt\u00e9netem, \u00e9s egy megtart\u00f3 t\u00e9rben&nbsp; gy\u00e1szolhatom el azt, ami volt, \u00e9s ami lehetett volna, ill. n\u00e9zhetem meg, hogy mi az, amin v\u00e1ltoztatni tudok, hogy az a kapcsol\u00f3d\u00e1st, a meg\u00e9rt\u00e9st er\u0151s\u00edtse?!<\/em><\/h6><h6><em>Azt tapasztaltam, - \u00e9s ebben a folyamatban tudok Neked is seg\u00edteni -, hogy <strong>amikor a f\u00e1jdalmam&nbsp; nincs meg\u00edt\u00e9lve, csak gyeng\u00e9den megtartva. mindig k\u00f6zelebb ker\u00fcl\u00f6k a k\u00f6vetkez\u0151 l\u00e9p\u00e9semhez... \u00d6nmag\u00e1ban m\u00e1r a \"megtart\u00e1s \u00e9s elfogad\u00e1s\" is egy k\u00f6vetkez\u0151 l\u00e9p\u00e9s...&nbsp;<\/strong><\/em><\/h6><h6>&nbsp;<\/h6><h6><em>...szint\u00e9n tapasztaltam, hogy egy ilyen helyzetben mindig el\u00e9g <\/em><em>egyel\u0151re Egyet l\u00e9pni... majd, ha azt megl\u00e9ptem, akkor a k\u00f6vetkez\u0151t... sz\u00e9pen, lassan, ahogy a Lelkem vezet...<\/em><\/h6><p><em><strong>A TR\u00c9NING SOR\u00c1N meg fogjuk n\u00e9zni, hogy<\/strong> <\/em><\/p><ul><li><em><strong> MOST mi lehet a k\u00f6vetkez\u0151 l\u00e9p\u00e9sed,<\/strong><\/em><\/li><li><em><strong>teret biztos\u00edtunk arra, hogy ELEGEND\u0150 MEG\u00c9RT\u00c9ST (EMP\u00c1TI\u00c1T) KAPJ a SAJ\u00c1T F\u00c1JDALMADRA, hogy \"nagyobb leveg\u0151h\u00f6z tudj jutni\",<\/strong><\/em><\/li><li><em><strong>gyakorolni fogjuk azt, hogy amit ki szeretn\u00e9l mondani a p\u00e1rodnak (a m\u00e1siknak), azt lehet\u0151leg \u00fagy mondd, hogy azzal ne ellen\u00e1ll\u00e1st v\u00e1lts ki, hanem a meg\u00e9rt\u00e9s fel\u00e9 tudjatok \"elmozdulni\",&nbsp;<\/strong><\/em><\/li><li><strong><em>megn\u00e9zz\u00fck, hogy mit tehetsz Te akkor, ha szeretn\u00e9d meg\u00faj\u00edtani, helyre\u00e1ll\u00edtani a kapcsolatot, de a m\u00e1sik Nem...,<\/em><\/strong><\/li><li><em><strong>gyakorolni fogjuk, hogy \"ne azt halld\", amit mond a m\u00e1sik, hanem a f\u00e1jdalm\u00e1t, \u00e9s ami az m\u00f6g\u00f6tt VAN (mik\u00f6zben adott esetben nem fogunk egyet\u00e9rteni a strat\u00e9gi\u00e1j\u00e1val...)&nbsp;<\/strong><\/em><\/li><\/ul><h6>Mindezzel&nbsp; l\u00e9pegetni fogunk az \u00d6nmagad\u00e9rt v\u00e1llalt felel\u0151ss\u00e9g \u00fatj\u00e1n, hogy MINDIG t\u00f6bb SAJ\u00c1T ER\u0150T tudj meg\u00e9lni, \u00e9s az a K\u00dcLVIL\u00c1GBAN IS MEGMUTATKOZZON!<\/h6><h6>...v\u00e9gs\u0151 soron mindenk\u00e9pp az \u00faj energia, az&nbsp; \u00fajra rendez\u0151d\u00e9s, \u00e9s az \u00c9let\u00f6r\u00f6m \u00fajra meg\u00e9l\u00e9se az, amit szeretn\u00e9k...<\/h6><p><em><strong>Ebbe a T\u00e9rbe invit\u00e1llak T\u00e9ged is, ha OTT A SZ\u00c1ND\u00c9K, hogy a kapcsolatot Meg\u00faj\u00edts\u00e1tok, vagy szeretn\u00e9d tudni, hogy TE mit tehetsz ennek \u00e9rdek\u00e9ben...&nbsp;<\/strong><\/em><\/p><p><em><strong>v\u00e1rlak akkor is, ha szeretn\u00e9d a M\u00c9LT\u00d3S\u00c1GTELJES KOMMUNIK\u00c1CI\u00d3T fenntartani akkor is, ha&nbsp; az \"elenged\u00e9s\" \u00e9lethelyzet\u00e9ben vagytok...&nbsp; \u00e9s akkor is, ha&nbsp; m\u00e1r sz\u00e9tv\u00e1ltak \u00fatjaitok, de nem siker\u00fclt \"elszakadnod\" a m\u00e1sikt\u00f3l, m\u00e9g mindig hordozod a f\u00e1jdalmakat magadban, \u00e9s j\u00f3 lenne m\u00e1r tov\u00e1bb l\u00e9pni, \u00faj energi\u00e1t beengedni... <\/strong><\/em>&nbsp;<\/p><p>(K\u00e9rlek, vedd figyelembe, hogy a k\u00e9pz\u00e9shez sz\u00fcks\u00e9ges az EMK l\u00e9p\u00e9seinek ismerete, \u00e9s alapszint\u0171 gyakorlata...! - az nem elegend\u0151, hogy hallott\u00e1l r\u00f3la, \u00e9s tudod mi a 4 l\u00e9p\u00e9s, de m\u00e9g sosem haszn\u00e1ltad azt...)<\/p><p><em><strong>A tr\u00e9ning m\u00e1rcius 10-\u00e9n (p\u00e9ntek)&nbsp; indul&nbsp; (16,30-20,00)<\/strong><\/em><\/p><p><strong>2. nap: m\u00e1rc. 24. p\u00e9ntek<\/strong><\/p><p><strong>3.nap: m\u00e1rc. 31. p\u00e9ntek<\/strong><\/p><p><strong>\u00c1ra: 135 Eur (2-r\u00e9szletben is fizethet\u0151)<\/strong><\/p><p><strong>Kor\u00e1nkel\u0151 \u00e1ra (m\u00e1rc. 3-ig): 125 Eur<\/strong><\/p><p><strong><em>(ha kor\u00e1bban r\u00e9szt vett\u00e9l m\u00e1r velem k\u00e9pz\u00e9sen, akkor a Te \u00e1rad a kor\u00e1n-kel\u0151 \u00e1r...)<\/em><\/strong><\/p><p><strong>A k\u00e9pz\u00e9s maxim\u00e1lis l\u00e9tsz\u00e1ma 6 f\u0151,<\/strong> hogy mindenkire elegend\u0151 id\u0151 legyen!<\/p><p>&nbsp;<\/p><p>&nbsp;<\/p><p><strong>A t\u00e9m\u00e1ban magamr\u00f3l:<\/strong><\/p><p><span style=\"font-family: helvetica, arial, sans-serif;\"><em>B\u00e1r nagyon sok f\u00e1jdalmas \u00e9s k\u00e9ts\u00e9gbeesett pillanatot \u00e9ltem meg a v\u00e1l\u00e1som, majd a k\u00f6vetkez\u0151 kapcsolatom elenged\u00e9se kapcs\u00e1n, ugyanakkor ut\u00f3lag ezek rengeteg aj\u00e1nd\u00e9kot tartogattak. <\/em><\/span><\/p><p>Azt hiszem, t\u00falz\u00e1s n\u00e9lk\u00fcl mondhatom, hogy \u00e1ltaluk \"n\u0151ttem fel\", \u00e9s kezdtem felel\u0151ss\u00e9get v\u00e1llalni \u00d6nmagam\u00e9rt!<\/p><p><span style=\"font-family: helvetica, arial, sans-serif;\"><em>Ahogy l\u00e9pegettem (\u00e9s ma is tanulom, gyakorlom tov\u00e1bb az EMK alkalmaz\u00e1s\u00e1t) egyre b\u00e1trabban haszn\u00e1lva azt, egyre tiszt\u00e1bban hallva a Lelkem hangj\u00e1t, majd a m\u00e1sikat is, ma elmondhatom, hogy az, hogy M\u00c9LT\u00d3 a kommunik\u00e1ci\u00f3nk a volt f\u00e9rjemmel \u00e9s a volt partneremmel is, az alapvet\u0151en rajtam m\u00falik... <\/em><\/span><\/p><p><span style=\"font-family: helvetica, arial, sans-serif;\"><em>Ma, ha be is von\u00f3dom a kommunik\u00e1ci\u00f3nkban (hisz emberb\u0151l vagyok - sz\u00e1momra is van mindig tov\u00e1bb), \"h\u00e1tra&nbsp; tudok egyet l\u00e9pni\", tudok gondoskodni a saj\u00e1t j\u00f3ll\u00e9temr\u0151l, hogy \u00fajra \"visszal\u00e9pve\" a kapcsol\u00f3d\u00e1sba&nbsp; a M\u00e9lt\u00f3s\u00e1got fenn tudjuk tartani. <\/em><\/span><\/p><p><span style=\"font-family: helvetica, arial, sans-serif;\"><em>\u00d3ri\u00e1si erej\u00e9t \u00e9lem meg&nbsp; a ebben a folyamatban is a f\u00e1jdalmak, s\u00e9relmek feldolgoz\u00e1s\u00e1nak \u00e9s&nbsp; az EMK tudatos gyakorl\u00e1s\u00e1nak! <\/em><\/span><\/p><p><span style=\"font-family: helvetica, arial, sans-serif;\"><em>Ebben a k\u00e9pz\u00e9sben \u00c9leted mostani szakasz\u00e1hoz szeretn\u00e9k hozz\u00e1j\u00e1rulni, hogy az a legink\u00e1bb EZT AZ IR\u00c1NYT vegye fel, ebben k\u00edv\u00e1nok a t\u00e1mogat\u00e1sodra lenni!&nbsp; Val\u00f3sz\u00edn\u0171, hogy a kialakult helyzet minden t\u00e9nyez\u0151j\u00e9vel&nbsp; nem tudunk foglalkozni, de a T\u00f6lt\u0151d\u00e9s, \u00e9s a Tov\u00e1bbl\u00e9p\u00e9s a Gyakorl\u00e1s \u00e1ltal, garant\u00e1lt! <\/em><\/span><\/p><p><span style=\"font-family: helvetica, arial, sans-serif;\"><em>V\u00e1rlak, ha egy ilyen \u00e9letszakaszban vagy!<\/em><\/span><\/p><p>\u00c9va<\/p><\/div><\/div><\/div><\/div><\/div><div class=\"vce-col vce-col--md-auto vce-col--xs-1 vce-col--xs-last vce-col--xs-first vce-col--sm-last vce-col--sm-first vce-col--md-last vce-col--lg-last vce-col--xl-last\" id=\"el-befb5343\"><div class=\"vce-col-inner\" data-vce-do-apply=\"border margin background  el-befb5343\"><div class=\"vce-col-content\" data-vce-element-content=\"true\" data-vce-do-apply=\"padding el-befb5343\"><div class=\"vce-single-image-container vce-single-image--align-left\"><div class=\"vce vce-single-image-wrapper\" id=\"el-fe491071\" data-vce-do-apply=\"all el-fe491071\"><figure><div class=\"vce-single-image-inner vce-single-image--absolute\" style=\"padding-bottom: 83.8298%; width: 940px;\"><img fetchpriority=\"high\" decoding=\"async\" class=\"vce-single-image\" width=\"940\" height=\"788\" src=\"https:\/\/empatia-plus.sk\/wp-content\/uploads\/2023\/03\/hogyan-tov\u00e1bb-940x788.png\" srcset=\"https:\/\/empatia-plus.sk\/wp-content\/uploads\/2023\/03\/hogyan-tov\u00e1bb-320x268.png 320w,https:\/\/empatia-plus.sk\/wp-content\/uploads\/2023\/03\/hogyan-tov\u00e1bb-480x402.png 480w,https:\/\/empatia-plus.sk\/wp-content\/uploads\/2023\/03\/hogyan-tov\u00e1bb-800x671.png 800w,https:\/\/empatia-plus.sk\/wp-content\/uploads\/2023\/03\/hogyan-tov\u00e1bb-940x788.png 940w\" data-img-src=\"https:\/\/empatia-plus.sk\/wp-content\/uploads\/2023\/02\/hogyan-tov\u00e1bb.png\" alt=\"\" title=\"hogyan tov\u00e1bb\" \/><\/div><figcaption hidden=\"\"><\/figcaption><\/figure><\/div><\/div><\/div><\/div><\/div><\/div><\/div><\/div>\n","protected":false},"excerpt":{"rendered":"<p>JelentkezemAmikor (p\u00e1r)Kapcsolati Kr\u00edzist \u00e9l\u00fcnk \u00e1t, a tapasztalatom azt mutatja, hogy&nbsp; nagyon neh\u00e9z lehet egyed\u00fcl a kiutat l\u00e1tni, mert annyi sok sz\u00fcks\u00e9glet\u00fcnk jelentkezik egy id\u0151ben, hogy a \u201emagamnak adni&#8230;, \u00f6nmagammal egy\u00fctt lenni\u201c&nbsp; sokszor nagyon nehezen kivitelezhet\u0151 &#8222;feladat&#8221;&#8230;(A (p\u00e1r)Kapcsolati megfogalmaz\u00e1sban a &#8222;(p\u00e1r)&#8221; sz\u00f3 az\u00e9rt ker\u00fclt z\u00e1r\u00f3jelbe, mert b\u00e1rmilyen Kapcsolati Kr\u00edzisben ugyan\u00edgy meg\u00e9lhetj\u00fck a gy\u00e1sz \u00e9s a f\u00e1jdalom folyamat\u00e1t&#8230; \u00cdgy, ha sz\u00fcl\u0151vel, feln\u0151tt gyermekkel vagy b\u00e1rki feln\u0151ttel vagy most Kapcsolati Kr\u00edzisben, a k\u00e9pz\u00e9s Neked is sz\u00f3l&#8230; )&#8221;Mi a k\u00f6vetkez\u0151 l\u00e9p\u00e9sem?&#8221;&nbsp;Ez a k\u00e9rd\u00e9s tal\u00e1n sokkal ink\u00e1bb feler\u0151s\u00f6dik egy kr\u00edzis helyzetben, mint \u00e1ltal\u00e1ban, mert a ki\u00e1br\u00e1ndults\u00e1g, f\u00e9lelem, aggodalom, k\u00e9ts\u00e9gbeesetts\u00e9g \u00e1llapota uralkodhat el&#8230;Tal\u00e1n hajlamos lehetsz Te is a hib\u00e1ztat\u00e1shoz folyamodni: te mit rontott\u00e1l el?, mit kellett volna m\u00e1sk\u00e9pp csin\u00e1lni?, mit rontott el a m\u00e1sik? \u00e9s hasonl\u00f3 k\u00ednz\u00f3 gondolatok&#8230; ak\u00e1r \u00e1lmatlan \u00e9jszak\u00e1k&#8230;&nbsp;Ilyenkor nagyon t\u00e1mogat\u00f3, ha egy kicsit &#8222;h\u00e1tr\u00e9bbl\u00e9phetek&#8221;, \u00e9s t\u00e1volabbr\u00f3l tudom megvizsg\u00e1lni a t\u00f6rt\u00e9netem, \u00e9s egy megtart\u00f3 t\u00e9rben&nbsp; gy\u00e1szolhatom el azt, ami volt, \u00e9s ami lehetett volna, ill. n\u00e9zhetem meg, hogy mi az, amin v\u00e1ltoztatni tudok, hogy az a kapcsol\u00f3d\u00e1st, a meg\u00e9rt\u00e9st er\u0151s\u00edtse?!Azt tapasztaltam, &#8211; \u00e9s ebben a folyamatban tudok Neked is seg\u00edteni -, hogy amikor a f\u00e1jdalmam&nbsp; nincs meg\u00edt\u00e9lve, csak gyeng\u00e9den megtartva. mindig k\u00f6zelebb ker\u00fcl\u00f6k a k\u00f6vetkez\u0151 l\u00e9p\u00e9semhez&#8230; \u00d6nmag\u00e1ban m\u00e1r a &#8222;megtart\u00e1s \u00e9s elfogad\u00e1s&#8221; is egy k\u00f6vetkez\u0151 l\u00e9p\u00e9s&#8230;&nbsp;&nbsp;&#8230;szint\u00e9n tapasztaltam, hogy egy ilyen helyzetben mindig el\u00e9g egyel\u0151re Egyet l\u00e9pni&#8230; majd, ha azt megl\u00e9ptem, akkor a k\u00f6vetkez\u0151t&#8230; sz\u00e9pen, lassan, ahogy a Lelkem vezet&#8230;A TR\u00c9NING SOR\u00c1N meg fogjuk n\u00e9zni, hogy MOST mi lehet a k\u00f6vetkez\u0151 l\u00e9p\u00e9sed,teret biztos\u00edtunk arra, hogy ELEGEND\u0150 MEG\u00c9RT\u00c9ST (EMP\u00c1TI\u00c1T) KAPJ a SAJ\u00c1T F\u00c1JDALMADRA, hogy &#8222;nagyobb leveg\u0151h\u00f6z tudj jutni&#8221;,gyakorolni fogjuk azt, hogy amit ki szeretn\u00e9l mondani a p\u00e1rodnak (a m\u00e1siknak), azt lehet\u0151leg \u00fagy mondd, hogy azzal ne ellen\u00e1ll\u00e1st v\u00e1lts ki, hanem a meg\u00e9rt\u00e9s fel\u00e9 tudjatok &#8222;elmozdulni&#8221;,&nbsp;megn\u00e9zz\u00fck, hogy mit tehetsz Te akkor, ha szeretn\u00e9d meg\u00faj\u00edtani, helyre\u00e1ll\u00edtani a kapcsolatot, de a m\u00e1sik Nem&#8230;,gyakorolni fogjuk, hogy &#8222;ne azt halld&#8221;, amit mond a m\u00e1sik, hanem a f\u00e1jdalm\u00e1t, \u00e9s ami az m\u00f6g\u00f6tt VAN (mik\u00f6zben adott esetben nem fogunk egyet\u00e9rteni a strat\u00e9gi\u00e1j\u00e1val&#8230;)&nbsp;Mindezzel&nbsp; l\u00e9pegetni fogunk az \u00d6nmagad\u00e9rt v\u00e1llalt felel\u0151ss\u00e9g \u00fatj\u00e1n, hogy MINDIG t\u00f6bb SAJ\u00c1T ER\u0150T tudj meg\u00e9lni, \u00e9s az a K\u00dcLVIL\u00c1GBAN IS MEGMUTATKOZZON!&#8230;v\u00e9gs\u0151 soron mindenk\u00e9pp az \u00faj energia, az&nbsp; \u00fajra rendez\u0151d\u00e9s, \u00e9s az \u00c9let\u00f6r\u00f6m \u00fajra meg\u00e9l\u00e9se az, amit szeretn\u00e9k&#8230;Ebbe a T\u00e9rbe invit\u00e1llak T\u00e9ged is, ha OTT A SZ\u00c1ND\u00c9K, hogy a kapcsolatot Meg\u00faj\u00edts\u00e1tok, vagy szeretn\u00e9d tudni, hogy TE mit tehetsz ennek \u00e9rdek\u00e9ben&#8230;&nbsp;v\u00e1rlak akkor is, ha szeretn\u00e9d a M\u00c9LT\u00d3S\u00c1GTELJES KOMMUNIK\u00c1CI\u00d3T fenntartani akkor is, ha&nbsp; az &#8222;elenged\u00e9s&#8221; \u00e9lethelyzet\u00e9ben vagytok&#8230;&nbsp; \u00e9s akkor is, ha&nbsp; m\u00e1r sz\u00e9tv\u00e1ltak \u00fatjaitok, de nem siker\u00fclt &#8222;elszakadnod&#8221; a m\u00e1sikt\u00f3l, m\u00e9g mindig hordozod a f\u00e1jdalmakat magadban, \u00e9s j\u00f3 lenne m\u00e1r tov\u00e1bb l\u00e9pni, \u00faj energi\u00e1t beengedni&#8230; &nbsp;(K\u00e9rlek, vedd figyelembe, hogy a k\u00e9pz\u00e9shez sz\u00fcks\u00e9ges az EMK l\u00e9p\u00e9seinek ismerete, \u00e9s alapszint\u0171 gyakorlata&#8230;! &#8211; az nem elegend\u0151, hogy hallott\u00e1l r\u00f3la, \u00e9s tudod mi a 4 l\u00e9p\u00e9s, de m\u00e9g sosem haszn\u00e1ltad azt&#8230;)A tr\u00e9ning m\u00e1rcius 10-\u00e9n (p\u00e9ntek)&nbsp; indul&nbsp; (16,30-20,00)2. nap: m\u00e1rc. 24. p\u00e9ntek3.nap: m\u00e1rc. 31. p\u00e9ntek\u00c1ra: 135 Eur (2-r\u00e9szletben is fizethet\u0151)Kor\u00e1nkel\u0151 \u00e1ra (m\u00e1rc. 3-ig): 125 Eur(ha kor\u00e1bban r\u00e9szt vett\u00e9l m\u00e1r velem k\u00e9pz\u00e9sen, akkor a Te \u00e1rad a kor\u00e1n-kel\u0151 \u00e1r&#8230;)A k\u00e9pz\u00e9s maxim\u00e1lis l\u00e9tsz\u00e1ma 6 f\u0151, hogy mindenkire elegend\u0151 id\u0151 legyen!&nbsp;&nbsp;A t\u00e9m\u00e1ban magamr\u00f3l:B\u00e1r nagyon sok f\u00e1jdalmas \u00e9s k\u00e9ts\u00e9gbeesett pillanatot \u00e9ltem meg a v\u00e1l\u00e1som, majd a k\u00f6vetkez\u0151 kapcsolatom elenged\u00e9se kapcs\u00e1n, ugyanakkor ut\u00f3lag ezek rengeteg aj\u00e1nd\u00e9kot tartogattak. Azt hiszem, t\u00falz\u00e1s n\u00e9lk\u00fcl mondhatom, hogy \u00e1ltaluk &#8222;n\u0151ttem fel&#8221;, \u00e9s kezdtem felel\u0151ss\u00e9get v\u00e1llalni \u00d6nmagam\u00e9rt!Ahogy l\u00e9pegettem (\u00e9s ma is tanulom, gyakorlom tov\u00e1bb az EMK alkalmaz\u00e1s\u00e1t) egyre b\u00e1trabban haszn\u00e1lva azt, egyre tiszt\u00e1bban hallva a Lelkem hangj\u00e1t, majd a m\u00e1sikat is, ma elmondhatom, hogy az, hogy M\u00c9LT\u00d3 a kommunik\u00e1ci\u00f3nk a volt f\u00e9rjemmel \u00e9s a volt partneremmel is, az alapvet\u0151en rajtam m\u00falik&#8230; Ma, ha be is von\u00f3dom a kommunik\u00e1ci\u00f3nkban (hisz emberb\u0151l vagyok &#8211; sz\u00e1momra is van mindig tov\u00e1bb), &#8222;h\u00e1tra&nbsp; tudok egyet l\u00e9pni&#8221;, tudok gondoskodni a saj\u00e1t j\u00f3ll\u00e9temr\u0151l, hogy \u00fajra &#8222;visszal\u00e9pve&#8221; a kapcsol\u00f3d\u00e1sba&nbsp; a M\u00e9lt\u00f3s\u00e1got fenn tudjuk tartani. \u00d3ri\u00e1si erej\u00e9t \u00e9lem meg&nbsp; a ebben a folyamatban is a f\u00e1jdalmak, s\u00e9relmek feldolgoz\u00e1s\u00e1nak \u00e9s&nbsp; az EMK tudatos gyakorl\u00e1s\u00e1nak! Ebben a k\u00e9pz\u00e9sben \u00c9leted mostani szakasz\u00e1hoz szeretn\u00e9k hozz\u00e1j\u00e1rulni, hogy az a legink\u00e1bb EZT AZ IR\u00c1NYT vegye fel, ebben k\u00edv\u00e1nok a t\u00e1mogat\u00e1sodra lenni!&nbsp; Val\u00f3sz\u00edn\u0171, hogy a kialakult helyzet minden t\u00e9nyez\u0151j\u00e9vel&nbsp; nem tudunk foglalkozni, de a T\u00f6lt\u0151d\u00e9s, \u00e9s a Tov\u00e1bbl\u00e9p\u00e9s a Gyakorl\u00e1s \u00e1ltal, garant\u00e1lt! V\u00e1rlak, ha egy ilyen \u00e9letszakaszban vagy!\u00c9va<\/p>\n","protected":false},"author":2,"featured_media":0,"parent":0,"menu_order":0,"comment_status":"closed","ping_status":"closed","template":"","meta":{"footnotes":""},"class_list":["post-721","page","type-page","status-publish","hentry"],"_links":{"self":[{"href":"https:\/\/empatia-plus.sk\/index.php?rest_route=\/wp\/v2\/pages\/721","targetHints":{"allow":["GET"]}}],"collection":[{"href":"https:\/\/empatia-plus.sk\/index.php?rest_route=\/wp\/v2\/pages"}],"about":[{"href":"https:\/\/empatia-plus.sk\/index.php?rest_route=\/wp\/v2\/types\/page"}],"author":[{"embeddable":true,"href":"https:\/\/empatia-plus.sk\/index.php?rest_route=\/wp\/v2\/users\/2"}],"replies":[{"embeddable":true,"href":"https:\/\/empatia-plus.sk\/index.php?rest_route=%2Fwp%2Fv2%2Fcomments&post=721"}],"version-history":[{"count":18,"href":"https:\/\/empatia-plus.sk\/index.php?rest_route=\/wp\/v2\/pages\/721\/revisions"}],"predecessor-version":[{"id":1033,"href":"https:\/\/empatia-plus.sk\/index.php?rest_route=\/wp\/v2\/pages\/721\/revisions\/1033"}],"wp:attachment":[{"href":"https:\/\/empatia-plus.sk\/index.php?rest_route=%2Fwp%2Fv2%2Fmedia&parent=721"}],"curies":[{"name":"wp","href":"https:\/\/api.w.org\/{rel}","templated":true}]}}