{"id":714,"date":"2022-07-05T19:25:52","date_gmt":"2022-07-05T17:25:52","guid":{"rendered":"http:\/\/empatia-plus.sk\/?page_id=714"},"modified":"2022-09-08T15:36:49","modified_gmt":"2022-09-08T13:36:49","slug":"halado-kepzesek","status":"publish","type":"page","link":"https:\/\/empatia-plus.sk\/?page_id=714","title":{"rendered":"Halad\u00f3 k\u00e9pz\u00e9sek"},"content":{"rendered":"<div class=\"vce-row-container\" data-vce-boxed-width=\"true\"><div class=\"vce-row vce-row--col-gap-30 vce-row-equal-height vce-row-columns--top vce-row-content--top\" id=\"el-6e081f6f\" data-vce-do-apply=\"all el-6e081f6f\"><div class=\"vce-row-content\" data-vce-element-content=\"true\"><div class=\"vce-col vce-col--md-auto vce-col--xs-1 vce-col--xs-last vce-col--xs-first vce-col--sm-last vce-col--sm-first vce-col--md-first vce-col--lg-first vce-col--xl-first\" id=\"el-0c421432\"><div class=\"vce-col-inner\" data-vce-do-apply=\"border margin background  el-0c421432\"><div class=\"vce-col-content\" data-vce-element-content=\"true\" data-vce-do-apply=\"padding el-0c421432\"><div class=\"vce-single-image-container vce-single-image--align-left\"><div class=\"vce vce-single-image-wrapper\" id=\"el-c9bc8933\" data-vce-do-apply=\"all el-c9bc8933\"><figure><a href=\"http:\/\/empatia-plus.sk\/?page_id=76\" title=\"\" target=\"_blank\" class=\"vce-single-image-inner vce-single-image--absolute\" style=\"padding-bottom: 50%; width: 474px;\" rel=\"noopener noreferrer\"><img fetchpriority=\"high\" decoding=\"async\" class=\"vce-single-image\" width=\"474\" height=\"237\" src=\"https:\/\/empatia-plus.sk\/wp-content\/uploads\/2022\/09\/OIP-8-474x237.jpg\" srcset=\"https:\/\/empatia-plus.sk\/wp-content\/uploads\/2022\/09\/OIP-8-320x160.jpg 320w,https:\/\/empatia-plus.sk\/wp-content\/uploads\/2022\/09\/OIP-8-474x237.jpg 474w\" data-img-src=\"https:\/\/empatia-plus.sk\/wp-content\/uploads\/2022\/03\/OIP-8.jpg\" alt=\"\" title=\"OIP (8)\" \/><\/a><figcaption hidden=\"\"><\/figcaption><\/figure><\/div><\/div><div class=\"vce-text-block\"><div class=\"vce-text-block-wrapper vce\" id=\"el-83ff731e\" data-vce-do-apply=\"all el-83ff731e\"><h2>Szeretettel \u00f6nmagaddal... - Emk alapokra \u00e9p\u00fcl\u0151 \u00f6nismereti k\u00e9pz\u00e9s<\/h2><p>...katt a r\u00e9szletek\u00e9rt <a href=\"https:\/\/empatia-plus.sk\/?page_id=76\"><span style=\"color: #0000ff;\">ide!<\/span><\/a><\/p><\/div><\/div><\/div><\/div><\/div><div class=\"vce-col vce-col--md-auto vce-col--xs-1 vce-col--xs-last vce-col--xs-first vce-col--sm-last vce-col--sm-first\" id=\"el-d1d8b150\"><div class=\"vce-col-inner\" data-vce-do-apply=\"border margin background  el-d1d8b150\"><div class=\"vce-col-content\" data-vce-element-content=\"true\" data-vce-do-apply=\"padding el-d1d8b150\"><div class=\"vce-single-image-container vce-single-image--align-left\"><div class=\"vce vce-single-image-wrapper\" id=\"el-0eeeb6df\" data-vce-do-apply=\"all el-0eeeb6df\"><figure><a href=\"https:\/\/empatia-plus.sk\/?page_id=115\" title=\"\" target=\"_blank\" class=\"vce-single-image-inner vce-single-image--absolute\" style=\"padding-bottom: 71.3253%; width: 415px;\" rel=\"noopener noreferrer\"><img decoding=\"async\" class=\"vce-single-image\" width=\"415\" height=\"296\" src=\"https:\/\/empatia-plus.sk\/wp-content\/uploads\/2022\/09\/198867803_2954313411495568_8968386016040953490_n-4-415x296.jpg\" srcset=\"https:\/\/empatia-plus.sk\/wp-content\/uploads\/2022\/09\/198867803_2954313411495568_8968386016040953490_n-4-320x228.jpg 320w,https:\/\/empatia-plus.sk\/wp-content\/uploads\/2022\/09\/198867803_2954313411495568_8968386016040953490_n-4-415x296.jpg 415w\" data-img-src=\"https:\/\/empatia-plus.sk\/wp-content\/uploads\/2022\/02\/198867803_2954313411495568_8968386016040953490_n-4.jpg\" alt=\"\" title=\"198867803_2954313411495568_8968386016040953490_n 4\" \/><\/a><figcaption hidden=\"\"><\/figcaption><\/figure><\/div><\/div><div class=\"vce-text-block\"><div class=\"vce-text-block-wrapper vce\" id=\"el-f3655e6c\" data-vce-do-apply=\"all el-f3655e6c\"><h2>Az \u00f6nmagad\u00e9rt v\u00e1llalt felel\u0151ss\u00e9g \u00fatj\u00e1n.... (\u00f6nismereti k\u00e9pz\u00e9s II.)<\/h2><p>...katt a r\u00e9szletek\u00e9rt <a href=\"https:\/\/empatia-plus.sk\/?page_id=115\"><span style=\"color: #0000ff;\">ide!<\/span><\/a><\/p><\/div><\/div><\/div><\/div><\/div><div class=\"vce-col vce-col--md-auto vce-col--xs-1 vce-col--xs-last vce-col--xs-first vce-col--sm-last vce-col--sm-first vce-col--md-last vce-col--lg-last vce-col--xl-last\" id=\"el-68eef082\"><div class=\"vce-col-inner\" data-vce-do-apply=\"border margin background  el-68eef082\"><div class=\"vce-col-content\" data-vce-element-content=\"true\" data-vce-do-apply=\"padding el-68eef082\"><div class=\"vce-single-image-container vce-single-image--align-left\"><div class=\"vce vce-single-image-wrapper\" id=\"el-bc271168\" data-vce-do-apply=\"all el-bc271168\"><figure><a href=\"http:\/\/empatia-plus.sk\/?page_id=110\" title=\"\" target=\"_blank\" class=\"vce-single-image-inner vce-single-image--absolute\" style=\"padding-bottom: 56.25%; width: 1024px;\" rel=\"noopener noreferrer\"><img decoding=\"async\" class=\"vce-single-image\" width=\"1024\" height=\"576\" src=\"https:\/\/empatia-plus.sk\/wp-content\/uploads\/2022\/09\/A-k\u00f6vetkez\u0151-L\u00e9p\u00e9sem...-EMK-ra-\u00e9p\u00fcl\u0151-\u00f6nismereti-k\u00e9pz\u00e9s-1-1024x576.png\" srcset=\"https:\/\/empatia-plus.sk\/wp-content\/uploads\/2022\/09\/A-k\u00f6vetkez\u0151-L\u00e9p\u00e9sem...-EMK-ra-\u00e9p\u00fcl\u0151-\u00f6nismereti-k\u00e9pz\u00e9s-1-320x180.png 320w,https:\/\/empatia-plus.sk\/wp-content\/uploads\/2022\/09\/A-k\u00f6vetkez\u0151-L\u00e9p\u00e9sem...-EMK-ra-\u00e9p\u00fcl\u0151-\u00f6nismereti-k\u00e9pz\u00e9s-1-480x270.png 480w,https:\/\/empatia-plus.sk\/wp-content\/uploads\/2022\/09\/A-k\u00f6vetkez\u0151-L\u00e9p\u00e9sem...-EMK-ra-\u00e9p\u00fcl\u0151-\u00f6nismereti-k\u00e9pz\u00e9s-1-800x450.png 800w,https:\/\/empatia-plus.sk\/wp-content\/uploads\/2022\/09\/A-k\u00f6vetkez\u0151-L\u00e9p\u00e9sem...-EMK-ra-\u00e9p\u00fcl\u0151-\u00f6nismereti-k\u00e9pz\u00e9s-1-1024x576.png 1024w\" data-img-src=\"https:\/\/empatia-plus.sk\/wp-content\/uploads\/2022\/09\/A-k\u00f6vetkez\u0151-L\u00e9p\u00e9sem...-EMK-ra-\u00e9p\u00fcl\u0151-\u00f6nismereti-k\u00e9pz\u00e9s-1.png\" alt=\"\" title=\"A k\u00f6vetkez\u0151 L\u00e9p\u00e9sem... - EMK-ra \u00e9p\u00fcl\u0151 \u00f6nismereti k\u00e9pz\u00e9s (1)\" \/><\/a><figcaption hidden=\"\"><\/figcaption><\/figure><\/div><\/div><div class=\"vce-text-block\"><div class=\"vce-text-block-wrapper vce\" id=\"el-3f995da9\" data-vce-do-apply=\"all el-3f995da9\"><h2>A k\u00f6vetkez\u0151 L\u00e9p\u00e9sed...- (\u00f6nismereti k\u00e9pz\u00e9s III.)<\/h2><p>...katt a r\u00e9szletek\u00e9rt <a href=\"http:\/\/empatia-plus.sk\/?page_id=110\"><span style=\"color: #0000ff;\">ide!<\/span><\/a><\/p><\/div><\/div><\/div><\/div><\/div><\/div><\/div><\/div>\n","protected":false},"excerpt":{"rendered":"<p>Szeretettel \u00f6nmagaddal&#8230; &#8211; Emk alapokra \u00e9p\u00fcl\u0151 \u00f6nismereti k\u00e9pz\u00e9s&#8230;katt a r\u00e9szletek\u00e9rt ide!Az \u00f6nmagad\u00e9rt v\u00e1llalt felel\u0151ss\u00e9g \u00fatj\u00e1n&#8230;. (\u00f6nismereti k\u00e9pz\u00e9s II.)&#8230;katt a r\u00e9szletek\u00e9rt ide!A k\u00f6vetkez\u0151 L\u00e9p\u00e9sed&#8230;- (\u00f6nismereti k\u00e9pz\u00e9s III.)&#8230;katt a r\u00e9szletek\u00e9rt ide!<\/p>\n","protected":false},"author":2,"featured_media":0,"parent":0,"menu_order":0,"comment_status":"closed","ping_status":"closed","template":"","meta":{"footnotes":""},"class_list":["post-714","page","type-page","status-publish","hentry"],"_links":{"self":[{"href":"https:\/\/empatia-plus.sk\/index.php?rest_route=\/wp\/v2\/pages\/714","targetHints":{"allow":["GET"]}}],"collection":[{"href":"https:\/\/empatia-plus.sk\/index.php?rest_route=\/wp\/v2\/pages"}],"about":[{"href":"https:\/\/empatia-plus.sk\/index.php?rest_route=\/wp\/v2\/types\/page"}],"author":[{"embeddable":true,"href":"https:\/\/empatia-plus.sk\/index.php?rest_route=\/wp\/v2\/users\/2"}],"replies":[{"embeddable":true,"href":"https:\/\/empatia-plus.sk\/index.php?rest_route=%2Fwp%2Fv2%2Fcomments&post=714"}],"version-history":[{"count":7,"href":"https:\/\/empatia-plus.sk\/index.php?rest_route=\/wp\/v2\/pages\/714\/revisions"}],"predecessor-version":[{"id":823,"href":"https:\/\/empatia-plus.sk\/index.php?rest_route=\/wp\/v2\/pages\/714\/revisions\/823"}],"wp:attachment":[{"href":"https:\/\/empatia-plus.sk\/index.php?rest_route=%2Fwp%2Fv2%2Fmedia&parent=714"}],"curies":[{"name":"wp","href":"https:\/\/api.w.org\/{rel}","templated":true}]}}