{"id":543,"date":"2022-01-16T12:52:32","date_gmt":"2022-01-16T11:52:32","guid":{"rendered":"http:\/\/empatia-plus.sk\/?page_id=543"},"modified":"2024-06-20T13:11:11","modified_gmt":"2024-06-20T11:11:11","slug":"emk-cd-trilogia","status":"publish","type":"page","link":"https:\/\/empatia-plus.sk\/?page_id=543","title":{"rendered":"EMK CD Tril\u00f3gia"},"content":{"rendered":"<div class=\"vce-row-container\" data-vce-boxed-width=\"true\"><div class=\"vce-row vce-row--col-gap-30 vce-row-equal-height vce-row-columns--top vce-row-content--top\" id=\"el-ce61a65d\" data-vce-do-apply=\"all el-ce61a65d\"><div class=\"vce-row-content\" data-vce-element-content=\"true\"><div class=\"vce-col vce-col--md-auto vce-col--xs-1 vce-col--xs-last vce-col--xs-first vce-col--sm-last vce-col--sm-first vce-col--md-last vce-col--lg-last vce-col--xl-last vce-col--md-first vce-col--lg-first vce-col--xl-first\" id=\"el-e32f4176\"><div class=\"vce-col-inner\" data-vce-do-apply=\"border margin background  el-e32f4176\"><div class=\"vce-col-content\" data-vce-element-content=\"true\" data-vce-do-apply=\"padding el-e32f4176\"><div class=\"vce-button--style-basic-container vce-button--style-basic-container--align-center\"><span class=\"vce-button--style-basic-wrapper vce\" id=\"el-022732f1\" data-vce-do-apply=\"margin el-022732f1\"><a class=\"vce-button--style-basic vce-button--style-basic--border-round vce-button--style-basic--size-medium vce-button--style-basic--color-b-51-93-212--fff\" href=\"http:\/\/empatia-plus.sk\/?page_id=547\" title=\"\" target=\"_blank\" data-vce-do-apply=\"padding border background  el-022732f1\" rel=\"noopener\">K\u00e9rem a CD tril\u00f3gi\u00e1t<\/a><\/span><\/div><div class=\"vce-text-block\"><div class=\"vce-text-block-wrapper vce\" id=\"el-3d8a3e6d\" data-vce-do-apply=\"all el-3d8a3e6d\"><h3>Most ismerkedsz az Er\u0151szakmentes kommunik\u00e1ci\u00f3val?&nbsp; Vagy m\u00e1r gyakorlod is?<\/h3><h5>&nbsp;<\/h5><h5>B\u00e1rmelyik is, szeretettel aj\u00e1nlom ezt a \"Tril\u00f3gi\u00e1t\", mert \"helyrerakja\" benned az \"er\u0151szakmentess\u00e9g\", az egy\u00fcttm\u0171k\u00f6d\u00e9s, \u00e9s a Saj\u00e1t Er\u0151d haszn\u00e1lat\u00e1nak alapelveit!<\/h5><h5>Arra a tudatszintre k\u00edv\u00e1nlak seg\u00edteni \u00e1ltala, amely hitem \u00e9s tapasztalatom szerint az Egyenrang\u00fa, Min\u0151s\u00e9gi \u00e9s K\u00f6nnyed&nbsp; kapcsol\u00f3d\u00e1sokat t\u00e1mogatja! L\u00e1that\u00f3v\u00e1 \u00e9s Hallhat\u00f3v\u00e1 k\u00edv\u00e1nlak tenni \u00e1ltala is!<\/h5><h5>&nbsp;<\/h5><\/div><\/div><\/div><\/div><\/div><\/div><\/div><\/div><div class=\"vce-row-container\" data-vce-boxed-width=\"true\"><div class=\"vce-row vce-row--col-gap-30 vce-row-equal-height vce-row-columns--top vce-row-content--top vcv-state--show-resizer\" id=\"el-ff43e7ad\" data-vce-do-apply=\"all el-ff43e7ad\"><div class=\"vce-row-content\" data-vce-element-content=\"true\"><div class=\"vce-col vce-col--md-auto vce-col--xs-1 vce-col--xs-last vce-col--xs-first vce-col--sm-last vce-col--sm-first vce-col--md-first vce-col--lg-first vce-col--xl-first\" id=\"el-04bfd256\"><div class=\"vce-col-inner\" data-vce-do-apply=\"border margin background  el-04bfd256\"><div class=\"vce-col-content\" data-vce-element-content=\"true\" data-vce-do-apply=\"padding el-04bfd256\"><div class=\"vce-single-image-container vce-single-image--align-left\"><div class=\"vce vce-single-image-wrapper\" id=\"el-d7b0bf0c\" data-vce-do-apply=\"all el-d7b0bf0c\"><figure><div class=\"vce-single-image-inner vce-single-image--absolute\" style=\"padding-bottom: 100%; width: 1024px;\"><img fetchpriority=\"high\" decoding=\"async\" class=\"vce-single-image\" width=\"1024\" height=\"1024\" src=\"https:\/\/empatia-plus.sk\/wp-content\/uploads\/2024\/06\/EMK-CD-tril\u00f3gia-2-1024x1024.png\" srcset=\"https:\/\/empatia-plus.sk\/wp-content\/uploads\/2024\/06\/EMK-CD-tril\u00f3gia-2-320x320.png 320w,https:\/\/empatia-plus.sk\/wp-content\/uploads\/2024\/06\/EMK-CD-tril\u00f3gia-2-480x480.png 480w,https:\/\/empatia-plus.sk\/wp-content\/uploads\/2024\/06\/EMK-CD-tril\u00f3gia-2-800x800.png 800w,https:\/\/empatia-plus.sk\/wp-content\/uploads\/2024\/06\/EMK-CD-tril\u00f3gia-2-1024x1024.png 1024w\" data-img-src=\"https:\/\/empatia-plus.sk\/wp-content\/uploads\/2022\/01\/EMK-CD-tril\u00f3gia-2.png\" alt=\"\" title=\"EMK CD tril\u00f3gia (2)\" \/><\/div><figcaption hidden=\"\"><\/figcaption><\/figure><\/div><\/div><div class=\"vce-single-image-container vce-single-image--align-left\"><div class=\"vce vce-single-image-wrapper\" id=\"el-e51f290c\" data-vce-do-apply=\"all el-e51f290c\"><figure><div class=\"vce-single-image-inner vce-single-image--absolute\" style=\"padding-bottom: 100%; width: 960px;\"><img decoding=\"async\" class=\"vce-single-image\" width=\"960\" height=\"960\" src=\"https:\/\/empatia-plus.sk\/wp-content\/uploads\/2024\/06\/213078445_985715542252144_3149658562518760636_n-960x960.gif\" srcset=\"https:\/\/empatia-plus.sk\/wp-content\/uploads\/2024\/06\/213078445_985715542252144_3149658562518760636_n-320x320.gif 320w,https:\/\/empatia-plus.sk\/wp-content\/uploads\/2024\/06\/213078445_985715542252144_3149658562518760636_n-480x480.gif 480w,https:\/\/empatia-plus.sk\/wp-content\/uploads\/2024\/06\/213078445_985715542252144_3149658562518760636_n-800x800.gif 800w,https:\/\/empatia-plus.sk\/wp-content\/uploads\/2024\/06\/213078445_985715542252144_3149658562518760636_n-960x960.gif 960w\" data-img-src=\"https:\/\/empatia-plus.sk\/wp-content\/uploads\/2021\/07\/213078445_985715542252144_3149658562518760636_n.gif\" alt=\"\" title=\"213078445_985715542252144_3149658562518760636_n\" \/><\/div><figcaption hidden=\"\"><\/figcaption><\/figure><\/div><\/div><\/div><\/div><\/div><div class=\"vce-col vce-col--md-auto vce-col--xs-1 vce-col--xs-last vce-col--xs-first vce-col--sm-last vce-col--sm-first vce-col--md-last vce-col--lg-last vce-col--xl-last\" id=\"el-be55693f\"><div class=\"vce-col-inner\" data-vce-do-apply=\"border margin background  el-be55693f\"><div class=\"vce-col-content\" data-vce-element-content=\"true\" data-vce-do-apply=\"padding el-be55693f\"><div class=\"vce-text-block\"><div class=\"vce-text-block-wrapper vce\" id=\"el-021a4779\" data-vce-do-apply=\"all el-021a4779\"><h5>&nbsp;<\/h5><h5>&nbsp;<\/h5><h5><strong>3 t\u00e9m\u00e1ban - 3 hanganyagban, \u00e9s egy Munkaf\u00fczettel k\u00edv\u00e1nlak seg\u00edteni<\/strong>, hogy az \"egy\u00fctt\u00e9rz\u0151, er\u0151szakmentes kommunik\u00e1ci\u00f3\"&nbsp; <strong>ne csak \"m\u00f3dszerk\u00e9nt\"<\/strong> legyen a mindennapjaidban, hanem egyre ink\u00e1bb ez legyen a l\u00e9tez\u00e9si \u00e1llapotod!<\/h5><h5>...hogy egyre kev\u00e9sb\u00e9 b\u00edr\u00e1ld magad, egyre t\u00f6bb elfogad\u00e1st \u00e9lj meg magadban az \u00d6nmagad ir\u00e1ny\u00e1ba, \u00e9s egyre k\u00f6nnyedebben \u00e9s tiszt\u00e1bban tudd kifejezni az ig\u00e9nyeid a m\u00e1siknak is (ahelyett, hogy b\u00edr\u00e1ln\u00e1d)!<\/h5><h5>Tapasztalatom szerint kapcsol\u00f3dni is csak akkor tudok, ha a gondolkod\u00e1somat egyre ink\u00e1bb erre a szeml\u00e9letm\u00f3dra \u00e1ll\u00edtom \u00e1t (a kritik\u00e1k, c\u00edmk\u00e9k, b\u00e1nt\u00e1sok helyett), erre tren\u00edrozom!<\/h5><h5>&nbsp;<\/h5><h5>Mit kapsz?<\/h5><h5>Az <strong>1. hanganyag az Egy\u00fcttm\u0171k\u00f6d\u0151 (er\u0151szakmentes) HOZZ\u00c1\u00c1LL\u00c1S MEGER\u0150S\u00cdT\u00c9SEIT - gondolatokat tartalmaz<\/strong>, amelyeket b\u00e1rmikor hallgathatsz, hogy seg\u00edtse ezt a bels\u0151 folyamatot, kapcsol\u00f3d\u00e1st a Szeretettel \u00fagy \u00f6nmagadhoz, mint a M\u00e1sikhoz. (2x 30 perc)<\/h5><h5>A <strong>2. hanganyag az \u00d6nmagaddal val\u00f3 kapcsolatot hivatott er\u0151s\u00edteni, vezetett gyakorlattal.<\/strong> Megl\u00e1tni az \u00e9rt\u00e9keid, azokat er\u0151s\u00edteni, ami pedig (gondolat, sz\u00f3, cselekedet) helyre\u00e1ll\u00edt\u00e1st ig\u00e9nyel, azt szeretettel, elfogad\u00e1ssal tud tenni! (kb. 1 \u00f3ra)<\/h5><h5><strong>A 3. hanganyagban a mindennapos \u00e9let(em)b\u0151l vett konkr\u00e9t p\u00e9ld\u00e1kkal<\/strong> igyekszek seg\u00edteni ezt a l\u00e1t\u00e1sm\u00f3dodat be\u00e9p\u00edteni a Te gyakorlatodba, hogy l\u00e1sd, ez lehets\u00e9ges, \u00e9s lehets\u00e9ges a sz\u00e1modra is! (kb. 1 \u00f3ra)<\/h5><p>+ MUNKAF\u00dcZET, a 2. hanganyagban hallhat\u00f3 gyakorlatot \u00edrott form\u00e1ban is megkapod, hogy a hallgat\u00e1s mellett az t\u00e1mogassa a folyamatot!<\/p><h5>Szeretettel aj\u00e1nlom, ha szeretn\u00e9l egyre min\u0151s\u00e9gibb kapcsolatot meg\u00e9lni \u00d6nmagaddal \u00e9s M\u00e1sokkal - ak\u00e1r \"Kezd\u0151k\u00e9nt\" vagy \"Halad\u00f3k\u00e9nt\" vagy itt!<\/h5><p>(A felv\u00e9teleket mailben k\u00fcld\u00f6m azonnali hozz\u00e1f\u00e9r\u00e9ssel -&nbsp; a \"CD\" sz\u00f3t csak megnevez\u00e9sk\u00e9nt haszn\u00e1lom! Nincs sz\u00fcks\u00e9g k\u00fcl\u00f6n eszk\u00f6zre hozz\u00e1, b\u00e1rhol, b\u00e1rmikor hallgathatod!)<\/p><p><strong>A Tril\u00f3gia \u00e9rt\u00e9ke: 20 Eur<\/strong><\/p><p><strong>A h\u00edrlev\u00e9lre val\u00f3 feliratkoz\u00e1soddal KUP\u00d3N-k\u00f3dot kapsz \u00e9s KEDVEZM\u00c9NYESEN v\u00e1s\u00e1rolhatod meg: <\/strong><\/p><p><strong>15 Eur<\/strong><\/p><p>A h\u00edrlev\u00e9lre itt tudsz feliratkozni:<\/p><\/div><\/div><div class=\"vce-button--style-basic-container vce-button--style-basic-container--align-center\"><span class=\"vce-button--style-basic-wrapper vce\" id=\"el-a0588ea4\" data-vce-do-apply=\"margin el-a0588ea4\"><a class=\"vce-button--style-basic vce-button--style-basic--border-round vce-button--style-basic--size-medium vce-button--style-basic--color-557cbf--fff\" href=\"http:\/\/empatia-plus.sk\/?page_id=547\" title=\"\" data-vce-do-apply=\"padding border background  el-a0588ea4\">K\u00e9rem a h\u00edrlevelet \u00e9s vele a \"Tril\u00f3gi\u00e1t\" is<\/a><\/span><\/div><\/div><\/div><\/div><\/div><\/div><\/div>\n","protected":false},"excerpt":{"rendered":"<p>K\u00e9rem a CD tril\u00f3gi\u00e1tMost ismerkedsz az Er\u0151szakmentes kommunik\u00e1ci\u00f3val?&nbsp; Vagy m\u00e1r gyakorlod is?&nbsp;B\u00e1rmelyik is, szeretettel aj\u00e1nlom ezt a &#8222;Tril\u00f3gi\u00e1t&#8221;, mert &#8222;helyrerakja&#8221; benned az &#8222;er\u0151szakmentess\u00e9g&#8221;, az egy\u00fcttm\u0171k\u00f6d\u00e9s, \u00e9s a Saj\u00e1t Er\u0151d haszn\u00e1lat\u00e1nak alapelveit!Arra a tudatszintre k\u00edv\u00e1nlak seg\u00edteni \u00e1ltala, amely hitem \u00e9s tapasztalatom szerint az Egyenrang\u00fa, Min\u0151s\u00e9gi \u00e9s K\u00f6nnyed&nbsp; kapcsol\u00f3d\u00e1sokat t\u00e1mogatja! L\u00e1that\u00f3v\u00e1 \u00e9s Hallhat\u00f3v\u00e1 k\u00edv\u00e1nlak tenni \u00e1ltala is!&nbsp;&nbsp;&nbsp;3 t\u00e9m\u00e1ban &#8211; 3 hanganyagban, \u00e9s egy Munkaf\u00fczettel k\u00edv\u00e1nlak seg\u00edteni, hogy az &#8222;egy\u00fctt\u00e9rz\u0151, er\u0151szakmentes kommunik\u00e1ci\u00f3&#8221;&nbsp; ne csak &#8222;m\u00f3dszerk\u00e9nt&#8221; legyen a mindennapjaidban, hanem egyre ink\u00e1bb ez legyen a l\u00e9tez\u00e9si \u00e1llapotod!&#8230;hogy egyre kev\u00e9sb\u00e9 b\u00edr\u00e1ld magad, egyre t\u00f6bb elfogad\u00e1st \u00e9lj meg magadban az \u00d6nmagad ir\u00e1ny\u00e1ba, \u00e9s egyre k\u00f6nnyedebben \u00e9s tiszt\u00e1bban tudd kifejezni az ig\u00e9nyeid a m\u00e1siknak is (ahelyett, hogy b\u00edr\u00e1ln\u00e1d)!Tapasztalatom szerint kapcsol\u00f3dni is csak akkor tudok, ha a gondolkod\u00e1somat egyre ink\u00e1bb erre a szeml\u00e9letm\u00f3dra \u00e1ll\u00edtom \u00e1t (a kritik\u00e1k, c\u00edmk\u00e9k, b\u00e1nt\u00e1sok helyett), erre tren\u00edrozom!&nbsp;Mit kapsz?Az 1. hanganyag az Egy\u00fcttm\u0171k\u00f6d\u0151 (er\u0151szakmentes) HOZZ\u00c1\u00c1LL\u00c1S MEGER\u0150S\u00cdT\u00c9SEIT &#8211; gondolatokat tartalmaz, amelyeket b\u00e1rmikor hallgathatsz, hogy seg\u00edtse ezt a bels\u0151 folyamatot, kapcsol\u00f3d\u00e1st a Szeretettel \u00fagy \u00f6nmagadhoz, mint a M\u00e1sikhoz. (2x 30 perc)A 2. hanganyag az \u00d6nmagaddal val\u00f3 kapcsolatot hivatott er\u0151s\u00edteni, vezetett gyakorlattal. Megl\u00e1tni az \u00e9rt\u00e9keid, azokat er\u0151s\u00edteni, ami pedig (gondolat, sz\u00f3, cselekedet) helyre\u00e1ll\u00edt\u00e1st ig\u00e9nyel, azt szeretettel, elfogad\u00e1ssal tud tenni! (kb. 1 \u00f3ra)A 3. hanganyagban a mindennapos \u00e9let(em)b\u0151l vett konkr\u00e9t p\u00e9ld\u00e1kkal igyekszek seg\u00edteni ezt a l\u00e1t\u00e1sm\u00f3dodat be\u00e9p\u00edteni a Te gyakorlatodba, hogy l\u00e1sd, ez lehets\u00e9ges, \u00e9s lehets\u00e9ges a sz\u00e1modra is! (kb. 1 \u00f3ra)+ MUNKAF\u00dcZET, a 2. hanganyagban hallhat\u00f3 gyakorlatot \u00edrott form\u00e1ban is megkapod, hogy a hallgat\u00e1s mellett az t\u00e1mogassa a folyamatot!Szeretettel aj\u00e1nlom, ha szeretn\u00e9l egyre min\u0151s\u00e9gibb kapcsolatot meg\u00e9lni \u00d6nmagaddal \u00e9s M\u00e1sokkal &#8211; ak\u00e1r &#8222;Kezd\u0151k\u00e9nt&#8221; vagy &#8222;Halad\u00f3k\u00e9nt&#8221; vagy itt!(A felv\u00e9teleket mailben k\u00fcld\u00f6m azonnali hozz\u00e1f\u00e9r\u00e9ssel &#8211;&nbsp; a &#8222;CD&#8221; sz\u00f3t csak megnevez\u00e9sk\u00e9nt haszn\u00e1lom! Nincs sz\u00fcks\u00e9g k\u00fcl\u00f6n eszk\u00f6zre hozz\u00e1, b\u00e1rhol, b\u00e1rmikor hallgathatod!)A Tril\u00f3gia \u00e9rt\u00e9ke: 20 EurA h\u00edrlev\u00e9lre val\u00f3 feliratkoz\u00e1soddal KUP\u00d3N-k\u00f3dot kapsz \u00e9s KEDVEZM\u00c9NYESEN v\u00e1s\u00e1rolhatod meg: 15 EurA h\u00edrlev\u00e9lre itt tudsz feliratkozni:K\u00e9rem a h\u00edrlevelet \u00e9s vele a &#8222;Tril\u00f3gi\u00e1t&#8221; is<\/p>\n","protected":false},"author":2,"featured_media":0,"parent":0,"menu_order":0,"comment_status":"closed","ping_status":"closed","template":"","meta":{"footnotes":""},"class_list":["post-543","page","type-page","status-publish","hentry"],"_links":{"self":[{"href":"https:\/\/empatia-plus.sk\/index.php?rest_route=\/wp\/v2\/pages\/543","targetHints":{"allow":["GET"]}}],"collection":[{"href":"https:\/\/empatia-plus.sk\/index.php?rest_route=\/wp\/v2\/pages"}],"about":[{"href":"https:\/\/empatia-plus.sk\/index.php?rest_route=\/wp\/v2\/types\/page"}],"author":[{"embeddable":true,"href":"https:\/\/empatia-plus.sk\/index.php?rest_route=\/wp\/v2\/users\/2"}],"replies":[{"embeddable":true,"href":"https:\/\/empatia-plus.sk\/index.php?rest_route=%2Fwp%2Fv2%2Fcomments&post=543"}],"version-history":[{"count":26,"href":"https:\/\/empatia-plus.sk\/index.php?rest_route=\/wp\/v2\/pages\/543\/revisions"}],"predecessor-version":[{"id":1785,"href":"https:\/\/empatia-plus.sk\/index.php?rest_route=\/wp\/v2\/pages\/543\/revisions\/1785"}],"wp:attachment":[{"href":"https:\/\/empatia-plus.sk\/index.php?rest_route=%2Fwp%2Fv2%2Fmedia&parent=543"}],"curies":[{"name":"wp","href":"https:\/\/api.w.org\/{rel}","templated":true}]}}