{"id":450,"date":"2021-09-08T20:41:46","date_gmt":"2021-09-08T18:41:46","guid":{"rendered":"http:\/\/empatia-plus.sk\/?page_id=450"},"modified":"2026-04-13T12:50:53","modified_gmt":"2026-04-13T10:50:53","slug":"ingyenes-kerdezz-felelek-talalkozok","status":"publish","type":"page","link":"https:\/\/empatia-plus.sk\/?page_id=450","title":{"rendered":"HOGYAN H\u00daZD MEG A HAT\u00c1RAID SZERETETTEL, B\u0170NTUDAT N\u00c9LK\u00dcL?- ingyenes workshop felv\u00e9tele"},"content":{"rendered":"<div class=\"vce-row-container\" data-vce-boxed-width=\"true\"><div class=\"vce-row vce-row--col-gap-30 vce-row-equal-height vce-row-content--top\" id=\"el-1d9a79ad\" data-vce-do-apply=\"all el-1d9a79ad\"><div class=\"vce-row-content\" data-vce-element-content=\"true\"><div class=\"vce-col vce-col--md-auto vce-col--xs-1 vce-col--xs-last vce-col--xs-first vce-col--sm-last vce-col--sm-first vce-col--md-last vce-col--lg-last vce-col--xl-last vce-col--md-first vce-col--lg-first vce-col--xl-first\" id=\"el-9a08b946\"><div class=\"vce-col-inner\" data-vce-do-apply=\"border margin background  el-9a08b946\"><div class=\"vce-col-content\" data-vce-element-content=\"true\" data-vce-do-apply=\"padding el-9a08b946\"><div class=\"vce-button--style-basic-container vce-button--style-basic-container--align-center\"><span class=\"vce-button--style-basic-wrapper vce\" id=\"el-0aeb803b\" data-vce-do-apply=\"margin el-0aeb803b\"><a class=\"vce-button vce-button--style-basic vce-button--style-basic--border-round vce-button--style-basic--size-medium vce-button--style-basic--color-b-207-51-175--fff\" href=\"https:\/\/preview.mailerlite.io\/forms\/767160\/182194477802194367\/share\" title=\"\" data-vce-do-apply=\"padding border background  el-0aeb803b\">K\u00e9rem a felv\u00e9telt<\/a><\/span><\/div><\/div><\/div><\/div><\/div><\/div><\/div><div class=\"vce-row-container\" data-vce-boxed-width=\"true\"><div class=\"vce-row vce-row--col-gap-30 vce-row-equal-height vce-row-content--top\" id=\"el-ada529a5\" data-vce-do-apply=\"all el-ada529a5\"><div class=\"vce-content-background-container\"><\/div><div class=\"vce-row-content\" data-vce-element-content=\"true\"><div class=\"vce-col vce-col--md-auto vce-col--xs-1 vce-col--xs-last vce-col--xs-first vce-col--sm-last vce-col--sm-first vce-col--md-first vce-col--lg-first vce-col--xl-first\" id=\"el-ce927591\"><div class=\"vce-col-inner\" data-vce-do-apply=\"border margin background  el-ce927591\"><div class=\"vce-col-content\" data-vce-element-content=\"true\" data-vce-do-apply=\"padding el-ce927591\"><div class=\"vce-text-block\"><div class=\"vce-text-block-wrapper vce\" id=\"el-6eb1d03c\" data-vce-do-apply=\"all el-6eb1d03c\"><p>&nbsp;<\/p><ul><li style=\"list-style-type: none;\"><ul><li><h4><span style=\"color: #ba3aab;\"><strong>\u00dagy \u00e9rzed, Neked is \u00fajra \u00e9s \u00fajra&nbsp; \u00e1tl\u00e9pik a hat\u00e1raid?<\/strong><\/span><\/h4><\/li><li><h4><span style=\"color: #ba3aab;\"><strong>Majd ott \u00e1llsz fesz\u00fclten, \u00e9s nem \u00e9rted, hogy ez megint hogy t\u00f6rt\u00e9nhetett meg?<\/strong><\/span><\/h4><h4>&nbsp;<\/h4><h4><span style=\"color: #333399;\"><span style=\"font-weight: 400; font-style: normal;\">Lehet, hogy <\/span><strong>m\u00e1r sokszor megfogadtad: <\/strong><\/span><span style=\"color: #333399;\"><strong data-start=\"1264\" data-end=\"1297\">\u201eMost majd ki\u00e1llok magam\u00e9rt.\u201d<\/strong><\/span><\/h4><p style=\"text-align: left;\" data-start=\"1299\" data-end=\"1349\"><span style=\"font-weight: 400; font-style: normal; color: #333399;\">\u2026de amikor ott a helyzet, m\u00e9gis neh\u00e9z megsz\u00f3lalni.<\/span><\/p><p data-start=\"1299\" data-end=\"1349\">&nbsp;<\/p><\/li><li><h5 style=\"text-align: left;\"><span style=\"color: #ba3aab;\"><strong> Mi az a bels\u0151 akad\u00e1ly, ami meg\u00e1ll\u00edt ilyenkor?&nbsp;<\/strong><\/span><\/h5><\/li><li><h4><span style=\"color: #ba3aab;\"><strong>...\u00e9s hogyan lehet ezt \u00fagy alak\u00edtani, hogy K\u00d6NNYEDS\u00c9GGEL, b\u0171ntudat n\u00e9lk\u00fcl&nbsp; tudd k\u00e9pviselni magad?&nbsp;<\/strong><\/span><\/h4><\/li><\/ul><\/li><\/ul><h4>&nbsp;<\/h4><h4><strong><span style=\"color: #333399;\">A <a style=\"color: #333399;\" href=\"https:\/\/www.google.com\/search?client=opera&amp;hs=I8r&amp;sca_esv=9e2784469eca2aa9&amp;sxsrf=ANbL-n7DuGT29zygM7j6Lu9x4utH8YqS7w:1773746457657&amp;q=workshop&amp;spell=1&amp;sa=X&amp;ved=2ahUKEwj-rJ686KaTAxUQhf0HHcFLFHkQBSgAegQICxAB\"><i>webin\u00e1ron <\/i><\/a>&nbsp;megmutatom Neked azt a <span style=\"color: #b528b0;\">bels\u0151 folyamatot<\/span>, amivel:<\/span><\/strong><\/h4><ul><li style=\"text-align: center;\"><span style=\"font-size: 14pt; color: #ba3aab;\"><span style=\"font-weight: bold; font-style: normal;\">\u00fagy tudsz <\/span>&nbsp;<span style=\"font-weight: bold; font-style: normal;\">NEM-et mondani,<\/span> hogy <span style=\"font-weight: bold; font-style: normal;\">magadra \u00e9s a m\u00e1sikra is egyform\u00e1n figyelsz,<\/span><\/span><\/li><li style=\"text-align: center;\"><span style=\"font-size: 14pt; color: #ba3aab;\">&nbsp;<span style=\"font-weight: bold; font-style: normal;\">nem ellen\u00e1ll\u00e1st v\u00e1ltasz ki<\/span>, hanem <b>meg\u00e9rt\u00e9st<\/b>,<\/span><\/li><li style=\"text-align: center;\"><span style=\"font-size: 14pt; color: #ba3aab;\"><span style=\"font-weight: bold; font-style: normal;\">v\u00e9gre kapsz gyakorlatban is haszn\u00e1lhat\u00f3 ir\u00e1nyt <\/span>a HAT\u00c1RAID V\u00c9DELM\u00c9HEZ!<\/span><\/li><\/ul><\/div><\/div><\/div><\/div><\/div><div class=\"vce-col vce-col--md-49-93p vce-col--xs-1 vce-col--xs-last vce-col--xs-first vce-col--sm-last vce-col--sm-first vce-col--md-last vce-col--lg-last vce-col--xl-last\" id=\"el-cc5f34f9\"><div class=\"vce-col-inner\" data-vce-do-apply=\"border margin background  el-cc5f34f9\"><div class=\"vce-col-content\" data-vce-element-content=\"true\" data-vce-do-apply=\"padding el-cc5f34f9\"><div class=\"vce-text-block\"><div class=\"vce-text-block-wrapper vce\" id=\"el-9d105509\" data-vce-do-apply=\"all el-9d105509\"><\/div><\/div><div class=\"vce-single-image-container vce-single-image--align-left\"><div class=\"vce vce-single-image-wrapper\" id=\"el-3329d0d6\" data-vce-do-apply=\"all el-3329d0d6\"><figure><div class=\"vce-single-image-figure-inner\" style=\"width: 503px;\"><a href=\"https:\/\/preview.mailerlite.io\/forms\/767160\/182194477802194367\/share\" title=\"\" target=\"_blank\" class=\"vce-single-image-inner vce-single-image--absolute\" style=\"width: 100%; padding-bottom: 118.688%;\"><img fetchpriority=\"high\" decoding=\"async\" class=\"vce-single-image\"  width=\"503\" height=\"597\" srcset=\"https:\/\/empatia-plus.sk\/wp-content\/uploads\/2023\/08\/241638710_219525603478675_6956062501889064512_n-1-503x540.jpg 503w, https:\/\/empatia-plus.sk\/wp-content\/uploads\/2026\/04\/241638710_219525603478675_6956062501889064512_n-1-320x380.jpg 320w, https:\/\/empatia-plus.sk\/wp-content\/uploads\/2026\/04\/241638710_219525603478675_6956062501889064512_n-1-480x570.jpg 480w\" src=\"https:\/\/empatia-plus.sk\/wp-content\/uploads\/2023\/08\/241638710_219525603478675_6956062501889064512_n-1-503x540.jpg\" data-img-src=\"https:\/\/empatia-plus.sk\/wp-content\/uploads\/2023\/08\/241638710_219525603478675_6956062501889064512_n-1.jpg\" data-attachment-id=\"1233\"  alt=\"\" title=\"241638710_219525603478675_6956062501889064512_n-1\" \/><\/a><\/div><figcaption hidden=\"\"><\/figcaption><\/figure><\/div><\/div><div class=\"vce-button--style-basic-container vce-button--style-basic-container--align-left\"><span class=\"vce-button--style-basic-wrapper vce\" id=\"el-897c1b08\" data-vce-do-apply=\"margin el-897c1b08\"><a class=\"vce-button vce-button--style-basic vce-button--style-basic--border-round vce-button--style-basic--size-medium vce-button--style-basic--color-b-207-51-175--fff\" href=\"https:\/\/preview.mailerlite.io\/forms\/767160\/182194477802194367\/share\" title=\"\" data-vce-do-apply=\"padding border background  el-897c1b08\">Szeretn\u00e9k tudni NEM-et mondani szeretettel!<\/a><\/span><\/div><div class=\"vce-text-block\"><div class=\"vce-text-block-wrapper vce\" id=\"el-2cd12bde\" data-vce-do-apply=\"all el-2cd12bde\"><p>&nbsp;<\/p><p>&nbsp;<\/p><p>&nbsp;<\/p><p>&nbsp;<\/p><p><strong><span style=\"color: #333399;\"><em>&nbsp; &nbsp; &nbsp; &nbsp; &nbsp; &nbsp; Mott\u00f3(m) \u00e9s legyen a Ti\u00e9d is:<\/em><\/span><\/strong><\/p><p style=\"text-align: center;\"><span style=\"font-family: 'arial black', sans-serif; color: #ba38a4;\"><em><strong>A SAJ\u00c1T ER\u0150D MEGISMER\u00c9SE \u00c9S HASZN\u00c1LATA MEGFIZETHETETLEN&nbsp; \u00c9RT\u00c9K! <\/strong><\/em><\/span><\/p><p><em><span style=\"color: #333399;\">Szeretettel v\u00e1rlak T\u00e9ged is ebben a folyamatban!<\/span><\/em><\/p><h2 style=\"text-align: center;\"><span style=\"color: #ba38a4;\"><strong><span style=\"font-family: Allura;\">\u00c9va<\/span><\/strong><\/span><\/h2><\/div><\/div><\/div><\/div><\/div><div class=\"vce-col vce-col--md-50-07p vce-col--xs-1 vce-col--xs-last vce-col--xs-first vce-col--sm-last vce-col--sm-first vce-col--md-last vce-col--lg-last vce-col--xl-last vce-col--md-first vce-col--lg-first vce-col--xl-first\" id=\"el-2b010108\"><div class=\"vce-col-inner\" data-vce-do-apply=\"border margin background  el-2b010108\"><div class=\"vce-col-content\" data-vce-element-content=\"true\" data-vce-do-apply=\"padding el-2b010108\"><div class=\"vce-text-block\"><div class=\"vce-text-block-wrapper vce\" id=\"el-9182e5dd\" data-vce-do-apply=\"all el-9182e5dd\"><\/div><\/div><div class=\"vce-button--style-basic-container vce-button--style-basic-container--align-center\"><span class=\"vce-button--style-basic-wrapper vce\" id=\"el-73dc86aa\" data-vce-do-apply=\"margin el-73dc86aa\"><a class=\"vce-button vce-button--style-basic vce-button--style-basic--border-round vce-button--style-basic--size-medium vce-button--style-basic--color-b-207-51-175--fff\" href=\"https:\/\/preview.mailerlite.io\/forms\/767160\/182194477802194367\/share\" title=\"\" data-vce-do-apply=\"padding border background  el-73dc86aa\">K\u00e9rem a webin\u00e1r felv\u00e9tel\u00e9t<\/a><\/span><\/div><\/div><\/div><\/div><\/div><\/div><\/div><div class=\"vce-row-container\" data-vce-boxed-width=\"true\"><div class=\"vce-row vce-row--col-gap-30 vce-row-equal-height vce-row-content--top\" id=\"el-8ac9a515\" data-vce-do-apply=\"all el-8ac9a515\"><div class=\"vce-row-content\" data-vce-element-content=\"true\"><div class=\"vce-col vce-col--md-auto vce-col--xs-1 vce-col--xs-last vce-col--xs-first vce-col--sm-last vce-col--sm-first vce-col--md-last vce-col--lg-last vce-col--xl-last vce-col--md-first vce-col--lg-first vce-col--xl-first\" id=\"el-9ac86098\"><div class=\"vce-col-inner\" data-vce-do-apply=\"border margin background  el-9ac86098\"><div class=\"vce-col-content\" data-vce-element-content=\"true\" data-vce-do-apply=\"padding el-9ac86098\"><div class=\"vce-text-block\"><div class=\"vce-text-block-wrapper vce\" id=\"el-72155a1d\" data-vce-do-apply=\"all el-72155a1d\"><section class=\"elementor-section elementor-inner-section elementor-element elementor-element-7a15dc5 elementor-section-boxed elementor-section-height-default elementor-section-height-default wpr-particle-no wpr-jarallax-no wpr-parallax-no wpr-sticky-section-no\" data-id=\"7a15dc5\" data-element_type=\"section\"><div class=\"elementor-container elementor-column-gap-default\"><div class=\"elementor-column elementor-col-50 elementor-inner-column elementor-element elementor-element-b9c4c94\" data-id=\"b9c4c94\" data-element_type=\"column\"><div class=\"elementor-widget-wrap elementor-element-populated\"><div class=\"elementor-element elementor-element-30be4a3 elementor-widget elementor-widget-heading\" data-id=\"30be4a3\" data-element_type=\"widget\" data-widget_type=\"heading.default\"><div class=\"elementor-widget-container\"><h2 class=\"elementor-heading-title elementor-size-default\"><span style=\"color: #333399;\">Szia!<\/span><\/h2><\/div><\/div><div class=\"elementor-element elementor-element-19450a7 elementor-widget elementor-widget-heading\" data-id=\"19450a7\" data-element_type=\"widget\" data-widget_type=\"heading.default\"><div class=\"elementor-widget-container\"><h2 class=\"elementor-heading-title elementor-size-default\"><strong><span style=\"color: #b038a0;\">Lukovics \u00c9va vagyok<\/span><\/strong><\/h2><\/div><\/div><div class=\"elementor-element elementor-element-5cf7de8 elementor-widget elementor-widget-text-editor\" data-id=\"5cf7de8\" data-element_type=\"widget\" data-widget_type=\"text-editor.default\"><div class=\"elementor-widget-container\"><p><strong><span style=\"color: #b038a0;\">EMK tr\u00e9ner, Csal\u00e1d\u00e1ll\u00edt\u00f3 \u00e9s Coach<\/span><\/strong><\/p><\/div><\/div><div class=\"elementor-element elementor-element-74960cc elementor-widget elementor-widget-text-editor\" data-id=\"74960cc\" data-element_type=\"widget\" data-widget_type=\"text-editor.default\"><div class=\"elementor-widget-container\"><p><span style=\"color: #333399;\">Azon&nbsp;<strong>N\u0151knek, Any\u00e1knak seg\u00edtek els\u0151sorban<\/strong>,&nbsp;<em>akik \u201e<strong>elakadtak<\/strong>\u201d a kapcsolataikban, kommunik\u00e1ci\u00f3jukban!<\/em>&nbsp;Akik&nbsp;<strong>szeretn\u00e9k tudni kifejezni<\/strong>&nbsp;az&nbsp;<strong>\u00e9rz\u00e9seiket<\/strong>&nbsp;\u00e9s&nbsp;<strong>ig\u00e9nyeiket<\/strong>, az \u201eelv\u00e1r\u00e1sok\u201d, \u201ekellek-\u00e9s musz\u00e1jok\u201d helyett!&nbsp;<strong>Val\u00f3di kapcsol\u00f3d\u00e1sokat szeretn\u00e9nek<\/strong>&nbsp;l\u00e9trehozni,&nbsp;<strong>egyform\u00e1n<\/strong>&nbsp;tudni&nbsp;<strong>figyelni a Saj\u00e1t \u00e9s a M\u00e1sik j\u00f3ll\u00e9t\u00e9re<\/strong>&nbsp;is!<\/span><\/p><p><span style=\"color: #333399;\">Kor\u00e1bban k\u00f6zgazd\u00e1sz-tan\u00e1rk\u00e9nt dolgoztam, \u00e9s a&nbsp;<strong>saj\u00e1t kapcsolati kih\u00edv\u00e1saim vittek az \u00f6nismeret<\/strong>, \u00e9s az&nbsp;<strong>er\u0151szakmentes kommunik\u00e1ci\u00f3 (EMK) tanul\u00e1sa fel\u00e9<\/strong>.<\/span><br><span style=\"color: #333399;\">Amikor elindultam&nbsp;<strong><em>rengeteg \u00f6sszeh\u00faz\u00f3d\u00e1st, f\u00e9lelmet, szorong\u00e1st \u00e9ltem meg!<\/em><\/strong><\/span><\/p><p><span style=\"color: #333399;\"><strong>Elv\u00e1ltam<\/strong>, ott maradtam 2 kisgyerekkel (akkor m\u00e9g csak 7-9 \u00e9vesek voltak a \u201enagyok\u201d), \u00e9s&nbsp;<strong>beleszaladtam egy k\u00f6vetkez\u0151 kih\u00edv\u00e1sos kapcsolatba.&nbsp;<em>\u00dagy \u00e9reztem \u201esz\u00e9tszakadok\u201d, mert \u201emindenkinek is\u201d meg akartam felelni, majd mindebbe meg\u00e9rkezett a 3. kisl\u00e1nyom is!<\/em><\/strong><\/span><\/p><p><span style=\"color: #333399;\"><strong>Azt\u00e1n elkezdtem intenz\u00edven tanulni, gyakorolni az Er\u0151szakmentes kommunik\u00e1ci\u00f3 eszk\u00f6zeit!<\/strong><\/span><\/p><\/div><\/div><\/div><\/div><div class=\"elementor-column elementor-col-50 elementor-inner-column elementor-element elementor-element-135b1c6\" data-id=\"135b1c6\" data-element_type=\"column\"><div class=\"elementor-widget-wrap elementor-element-populated\"><div class=\"elementor-element elementor-element-b8f1bbc elementor-widget elementor-widget-image\" data-id=\"b8f1bbc\" data-element_type=\"widget\" data-widget_type=\"image.default\"><div class=\"elementor-widget-container\"><img decoding=\"async\" class=\"attachment-large size-large wp-image-1293\" src=\"https:\/\/empatia-plus.sk\/wp-content\/uploads\/2023\/08\/207813140_317912553248613_7103019671186573912_n-1.png\" sizes=\"(max-width: 720px) 100vw, 720px\" srcset=\"https:\/\/empatia-plus.sk\/wp-content\/uploads\/2023\/08\/207813140_317912553248613_7103019671186573912_n-1.png 720w, https:\/\/empatia-plus.sk\/wp-content\/uploads\/2023\/08\/207813140_317912553248613_7103019671186573912_n-1-225x300.png 225w\" alt=\"\" width=\"720\" height=\"960\"><\/div><\/div><\/div><\/div><\/div><\/section><div class=\"elementor-element elementor-element-f43dc19 elementor-widget elementor-widget-text-editor\" data-id=\"f43dc19\" data-element_type=\"widget\" data-widget_type=\"text-editor.default\"><div class=\"elementor-widget-container\"><p><span style=\"color: #333399;\">\u2026\u00e9s&nbsp;<strong>egyszer csak valami kezdett megv\u00e1ltozni! Elkezdtem l\u00e1tni az \u00f6sszef\u00fcgg\u00e9seket.<\/strong>&nbsp;Majd meg tudtam fogalmazni, hogy mit is szeretn\u00e9k val\u00f3j\u00e1ban, \u00e9s azt hogyan tudom egyre ink\u00e1bb k\u00e9rni! L\u00e9p\u00e9sr\u0151l-l\u00e9p\u00e9sre haladtam!<\/span><\/p><p><span style=\"color: #333399;\">Az, hogy&nbsp;<strong>ma \u00f6r\u00f6mteli \u00e9s biztons\u00e1gos a kapcsolatunk a gyerekekkel \u00e9s az apuk\u00e1kkal is -, a legnagyobb m\u00e9rt\u00e9kben ennek a bels\u0151 munk\u00e1nak k\u00f6sz\u00f6nhetem!<\/strong><\/span><br><span style=\"color: #333399;\">Ez nem azt jelenti, hogy nincsenek konfliktusaink (ilyenben nem hiszek\u2026),&nbsp;<strong>sokkal ink\u00e1bb azt, hogy vannak eszk\u00f6zeim, amikhez ny\u00falhatok, hogy seg\u00edtsem a kapcsol\u00f3d\u00e1st!<\/strong><\/span><\/p><p><span style=\"color: #333399;\"><strong>13 \u00e9ve tan\u00edtom \u00e9s gyakorlom az Er\u0151szakmentes kommunik\u00e1ci\u00f3t, 4 \u00e9ve pedig csal\u00e1d\u00e1ll\u00edt\u00e1sokat is tartok.&nbsp;<\/strong><\/span><\/p><\/div><\/div><div class=\"elementor-element elementor-element-8c1273b elementor-widget elementor-widget-text-editor\" data-id=\"8c1273b\" data-element_type=\"widget\" data-widget_type=\"text-editor.default\"><div class=\"elementor-widget-container\"><p><span style=\"color: #333399;\"><strong>T\u00f6bb mint 5000 tr\u00e9ning\u00f3ra van m\u00f6g\u00f6ttem, \u00e9s t\u00f6bb, mint 2000 emberrel dolgoztam.<\/strong><\/span><\/p><\/div><p><span style=\"color: #333399;\"><strong>Ha<\/strong>&nbsp;Te is v\u00e1ltoztatn\u00e1l, mert&nbsp;<strong>a fenti sorokban magadra ismert\u00e9l, szeretettel vagyok a Te szolg\u00e1latodra<\/strong>&nbsp;is!<\/span><\/p><\/div><\/div><\/div><\/div><\/div><\/div><\/div><\/div><\/div><div class=\"vce-row-container\" data-vce-boxed-width=\"true\"><div class=\"vce-row vce-row--col-gap-30 vce-row-equal-height vce-row-content--top\" id=\"el-009e8175\" data-vce-do-apply=\"all el-009e8175\"><div class=\"vce-row-content\" data-vce-element-content=\"true\"><div class=\"vce-col vce-col--md-auto vce-col--xs-1 vce-col--xs-last vce-col--xs-first vce-col--sm-last vce-col--sm-first vce-col--md-last vce-col--lg-last vce-col--xl-last vce-col--md-first vce-col--lg-first vce-col--xl-first\" id=\"el-ad5f9347\"><div class=\"vce-col-inner\" data-vce-do-apply=\"border margin background  el-ad5f9347\"><div class=\"vce-col-content\" data-vce-element-content=\"true\" data-vce-do-apply=\"padding el-ad5f9347\"><div class=\"vce-button--style-basic-container vce-button--style-basic-container--align-center\"><span class=\"vce-button--style-basic-wrapper vce\" id=\"el-619c31fd\" data-vce-do-apply=\"margin el-619c31fd\"><a class=\"vce-button vce-button--style-basic vce-button--style-basic--border-round vce-button--style-basic--size-medium vce-button--style-basic--color-b-207-51-175--fff\" href=\"https:\/\/preview.mailerlite.io\/forms\/767160\/182194477802194367\/share\" title=\"\" data-vce-do-apply=\"padding border background  el-619c31fd\">K\u00e9rem a felv\u00e9telt - van mit tanulnom...<\/a><\/span><\/div><\/div><\/div><\/div><\/div><\/div><\/div>\n","protected":false},"excerpt":{"rendered":"<p>K\u00e9rem a felv\u00e9telt&nbsp;\u00dagy \u00e9rzed, Neked is \u00fajra \u00e9s \u00fajra&nbsp; \u00e1tl\u00e9pik a hat\u00e1raid?Majd ott \u00e1llsz fesz\u00fclten, \u00e9s nem \u00e9rted, hogy ez megint hogy t\u00f6rt\u00e9nhetett meg?&nbsp;Lehet, hogy m\u00e1r sokszor megfogadtad: \u201eMost majd ki\u00e1llok magam\u00e9rt.\u201d\u2026de amikor ott a helyzet, m\u00e9gis neh\u00e9z megsz\u00f3lalni.&nbsp; Mi az a bels\u0151 akad\u00e1ly, ami meg\u00e1ll\u00edt ilyenkor?&nbsp;&#8230;\u00e9s hogyan lehet ezt \u00fagy alak\u00edtani, hogy K\u00d6NNYEDS\u00c9GGEL, b\u0171ntudat n\u00e9lk\u00fcl&nbsp; tudd k\u00e9pviselni magad?&nbsp;&nbsp;A webin\u00e1ron &nbsp;megmutatom Neked azt a bels\u0151 folyamatot, amivel:\u00fagy tudsz &nbsp;NEM-et mondani, hogy magadra \u00e9s a m\u00e1sikra is egyform\u00e1n figyelsz,&nbsp;nem ellen\u00e1ll\u00e1st v\u00e1ltasz ki, hanem meg\u00e9rt\u00e9st,v\u00e9gre kapsz gyakorlatban is haszn\u00e1lhat\u00f3 ir\u00e1nyt a HAT\u00c1RAID V\u00c9DELM\u00c9HEZ!Szeretn\u00e9k tudni NEM-et mondani szeretettel!&nbsp;&nbsp;&nbsp;&nbsp;&nbsp; &nbsp; &nbsp; &nbsp; &nbsp; &nbsp; Mott\u00f3(m) \u00e9s legyen a Ti\u00e9d is:A SAJ\u00c1T ER\u0150D MEGISMER\u00c9SE \u00c9S HASZN\u00c1LATA MEGFIZETHETETLEN&nbsp; \u00c9RT\u00c9K! Szeretettel v\u00e1rlak T\u00e9ged is ebben a folyamatban!\u00c9vaK\u00e9rem a webin\u00e1r felv\u00e9tel\u00e9tSzia!Lukovics \u00c9va vagyokEMK tr\u00e9ner, Csal\u00e1d\u00e1ll\u00edt\u00f3 \u00e9s CoachAzon&nbsp;N\u0151knek, Any\u00e1knak seg\u00edtek els\u0151sorban,&nbsp;akik \u201eelakadtak\u201d a kapcsolataikban, kommunik\u00e1ci\u00f3jukban!&nbsp;Akik&nbsp;szeretn\u00e9k tudni kifejezni&nbsp;az&nbsp;\u00e9rz\u00e9seiket&nbsp;\u00e9s&nbsp;ig\u00e9nyeiket, az \u201eelv\u00e1r\u00e1sok\u201d, \u201ekellek-\u00e9s musz\u00e1jok\u201d helyett!&nbsp;Val\u00f3di kapcsol\u00f3d\u00e1sokat szeretn\u00e9nek&nbsp;l\u00e9trehozni,&nbsp;egyform\u00e1n&nbsp;tudni&nbsp;figyelni a Saj\u00e1t \u00e9s a M\u00e1sik j\u00f3ll\u00e9t\u00e9re&nbsp;is!Kor\u00e1bban k\u00f6zgazd\u00e1sz-tan\u00e1rk\u00e9nt dolgoztam, \u00e9s a&nbsp;saj\u00e1t kapcsolati kih\u00edv\u00e1saim vittek az \u00f6nismeret, \u00e9s az&nbsp;er\u0151szakmentes kommunik\u00e1ci\u00f3 (EMK) tanul\u00e1sa fel\u00e9.Amikor elindultam&nbsp;rengeteg \u00f6sszeh\u00faz\u00f3d\u00e1st, f\u00e9lelmet, szorong\u00e1st \u00e9ltem meg!Elv\u00e1ltam, ott maradtam 2 kisgyerekkel (akkor m\u00e9g csak 7-9 \u00e9vesek voltak a \u201enagyok\u201d), \u00e9s&nbsp;beleszaladtam egy k\u00f6vetkez\u0151 kih\u00edv\u00e1sos kapcsolatba.&nbsp;\u00dagy \u00e9reztem \u201esz\u00e9tszakadok\u201d, mert \u201emindenkinek is\u201d meg akartam felelni, majd mindebbe meg\u00e9rkezett a 3. kisl\u00e1nyom is!Azt\u00e1n elkezdtem intenz\u00edven tanulni, gyakorolni az Er\u0151szakmentes kommunik\u00e1ci\u00f3 eszk\u00f6zeit!\u2026\u00e9s&nbsp;egyszer csak valami kezdett megv\u00e1ltozni! Elkezdtem l\u00e1tni az \u00f6sszef\u00fcgg\u00e9seket.&nbsp;Majd meg tudtam fogalmazni, hogy mit is szeretn\u00e9k val\u00f3j\u00e1ban, \u00e9s azt hogyan tudom egyre ink\u00e1bb k\u00e9rni! L\u00e9p\u00e9sr\u0151l-l\u00e9p\u00e9sre haladtam!Az, hogy&nbsp;ma \u00f6r\u00f6mteli \u00e9s biztons\u00e1gos a kapcsolatunk a gyerekekkel \u00e9s az apuk\u00e1kkal is -, a legnagyobb m\u00e9rt\u00e9kben ennek a bels\u0151 munk\u00e1nak k\u00f6sz\u00f6nhetem!Ez nem azt jelenti, hogy nincsenek konfliktusaink (ilyenben nem hiszek\u2026),&nbsp;sokkal ink\u00e1bb azt, hogy vannak eszk\u00f6zeim, amikhez ny\u00falhatok, hogy seg\u00edtsem a kapcsol\u00f3d\u00e1st!13 \u00e9ve tan\u00edtom \u00e9s gyakorlom az Er\u0151szakmentes kommunik\u00e1ci\u00f3t, 4 \u00e9ve pedig csal\u00e1d\u00e1ll\u00edt\u00e1sokat is tartok.&nbsp;T\u00f6bb mint 5000 tr\u00e9ning\u00f3ra van m\u00f6g\u00f6ttem, \u00e9s t\u00f6bb, mint 2000 emberrel dolgoztam.Ha&nbsp;Te is v\u00e1ltoztatn\u00e1l, mert&nbsp;a fenti sorokban magadra ismert\u00e9l, szeretettel vagyok a Te szolg\u00e1latodra&nbsp;is!K\u00e9rem a felv\u00e9telt &#8211; van mit tanulnom&#8230;<\/p>\n","protected":false},"author":2,"featured_media":0,"parent":0,"menu_order":0,"comment_status":"closed","ping_status":"closed","template":"","meta":{"footnotes":""},"class_list":["post-450","page","type-page","status-publish","hentry"],"_links":{"self":[{"href":"https:\/\/empatia-plus.sk\/index.php?rest_route=\/wp\/v2\/pages\/450","targetHints":{"allow":["GET"]}}],"collection":[{"href":"https:\/\/empatia-plus.sk\/index.php?rest_route=\/wp\/v2\/pages"}],"about":[{"href":"https:\/\/empatia-plus.sk\/index.php?rest_route=\/wp\/v2\/types\/page"}],"author":[{"embeddable":true,"href":"https:\/\/empatia-plus.sk\/index.php?rest_route=\/wp\/v2\/users\/2"}],"replies":[{"embeddable":true,"href":"https:\/\/empatia-plus.sk\/index.php?rest_route=%2Fwp%2Fv2%2Fcomments&post=450"}],"version-history":[{"count":195,"href":"https:\/\/empatia-plus.sk\/index.php?rest_route=\/wp\/v2\/pages\/450\/revisions"}],"predecessor-version":[{"id":3028,"href":"https:\/\/empatia-plus.sk\/index.php?rest_route=\/wp\/v2\/pages\/450\/revisions\/3028"}],"wp:attachment":[{"href":"https:\/\/empatia-plus.sk\/index.php?rest_route=%2Fwp%2Fv2%2Fmedia&parent=450"}],"curies":[{"name":"wp","href":"https:\/\/api.w.org\/{rel}","templated":true}]}}