{"id":403,"date":"2021-07-23T11:18:45","date_gmt":"2021-07-23T09:18:45","guid":{"rendered":"http:\/\/empatia-plus.sk\/?page_id=403"},"modified":"2023-12-21T11:08:40","modified_gmt":"2023-12-21T10:08:40","slug":"ingyenes-segedanyagok","status":"publish","type":"page","link":"https:\/\/empatia-plus.sk\/?page_id=403","title":{"rendered":"Ingyenes seg\u00e9danyagok"},"content":{"rendered":"<div class=\"vce-row-container\" data-vce-boxed-width=\"true\"><div class=\"vce-row vce-row--col-gap-30 vce-row-equal-height vce-row-columns--top vce-row-content--top\" id=\"el-679f0100\" data-vce-do-apply=\"all el-679f0100\"><div class=\"vce-row-content\" data-vce-element-content=\"true\"><div class=\"vce-col vce-col--md-auto vce-col--xs-1 vce-col--xs-last vce-col--xs-first vce-col--sm-last vce-col--sm-first vce-col--md-first vce-col--lg-first vce-col--xl-first\" id=\"el-939b9833\"><div class=\"vce-col-inner\" data-vce-do-apply=\"border margin background  el-939b9833\"><div class=\"vce-col-content\" data-vce-element-content=\"true\" data-vce-do-apply=\"padding el-939b9833\"><div class=\"vce-text-block\"><div class=\"vce-text-block-wrapper vce\" id=\"el-88b55020\" data-vce-do-apply=\"all el-88b55020\"><h3><strong><span style=\"font-family: 'book antiqua', palatino, serif;\"><em>\u00c9rz\u00e9s-sz\u00fcks\u00e9glet lista:<\/em><\/span><\/strong><\/h3><\/div><\/div><\/div><\/div><\/div><div class=\"vce-col vce-col--md-auto vce-col--xs-1 vce-col--xs-last vce-col--xs-first vce-col--sm-last vce-col--sm-first vce-col--md-last vce-col--lg-last vce-col--xl-last\" id=\"el-f5e94ee7\"><div class=\"vce-col-inner\" data-vce-do-apply=\"border margin background  el-f5e94ee7\"><div class=\"vce-col-content\" data-vce-element-content=\"true\" data-vce-do-apply=\"padding el-f5e94ee7\"><\/div><\/div><\/div><\/div><\/div><\/div><div class=\"vce-row-container\" data-vce-boxed-width=\"true\"><div class=\"vce-row vce-row--col-gap-30 vce-row-equal-height vce-row-columns--top vce-row-content--top\" id=\"el-e77ad0ce\" data-vce-do-apply=\"all el-e77ad0ce\"><div class=\"vce-row-content\" data-vce-element-content=\"true\"><div class=\"vce-col vce-col--md-auto vce-col--xs-1 vce-col--xs-last vce-col--xs-first vce-col--sm-last vce-col--sm-first vce-col--md-last vce-col--lg-last vce-col--xl-last vce-col--md-first vce-col--lg-first vce-col--xl-first\" id=\"el-2fcd262b\"><div class=\"vce-col-inner\" data-vce-do-apply=\"border margin background  el-2fcd262b\"><div class=\"vce-col-content\" data-vce-element-content=\"true\" data-vce-do-apply=\"padding el-2fcd262b\"><div class=\"vce-single-image-container vce-single-image--align-left\"><div class=\"vce vce-single-image-wrapper\" id=\"el-2037dea2\" data-vce-do-apply=\"all el-2037dea2\"><figure><div class=\"vce-single-image-inner vce-single-image--absolute\" style=\"padding-bottom: 141.436%; width: 724px;\"><img fetchpriority=\"high\" decoding=\"async\" class=\"vce-single-image\" width=\"724\" height=\"1024\" src=\"https:\/\/empatia-plus.sk\/wp-content\/uploads\/2023\/12\/uj-erzes-szukseglet-lista-1-scaled-724x1024.jpg\" srcset=\"https:\/\/empatia-plus.sk\/wp-content\/uploads\/2023\/12\/uj-erzes-szukseglet-lista-1-scaled-320x453.jpg 320w,https:\/\/empatia-plus.sk\/wp-content\/uploads\/2023\/12\/uj-erzes-szukseglet-lista-1-scaled-480x679.jpg 480w,https:\/\/empatia-plus.sk\/wp-content\/uploads\/2023\/12\/uj-erzes-szukseglet-lista-1-scaled-800x1131.jpg 800w,https:\/\/empatia-plus.sk\/wp-content\/uploads\/2023\/12\/uj-erzes-szukseglet-lista-1-scaled-724x1024.jpg 724w,https:\/\/empatia-plus.sk\/wp-content\/uploads\/2023\/12\/uj-erzes-szukseglet-lista-1-scaled-1448x2048.jpg 2x\" data-img-src=\"https:\/\/empatia-plus.sk\/wp-content\/uploads\/2023\/12\/uj-erzes-szukseglet-lista-1-scaled.jpg\" alt=\"\" title=\"\u00faj \u00e9rz\u00e9s-sz\u00fcks\u00e9glet lista 1\" \/><\/div><figcaption hidden=\"\"><\/figcaption><\/figure><\/div><\/div><\/div><\/div><\/div><\/div><\/div><\/div><div class=\"vce-row-container\" data-vce-boxed-width=\"true\"><div class=\"vce-row vce-row--col-gap-30 vce-row-equal-height vce-row-columns--top vce-row-content--top\" id=\"el-2c8dc13d\" data-vce-do-apply=\"all el-2c8dc13d\"><div class=\"vce-row-content\" data-vce-element-content=\"true\"><div class=\"vce-col vce-col--md-auto vce-col--xs-1 vce-col--xs-last vce-col--xs-first vce-col--sm-last vce-col--sm-first vce-col--md-first vce-col--lg-first vce-col--xl-first\" id=\"el-ec94a7d2\"><div class=\"vce-col-inner\" data-vce-do-apply=\"border margin background  el-ec94a7d2\"><div class=\"vce-col-content\" data-vce-element-content=\"true\" data-vce-do-apply=\"padding el-ec94a7d2\"><div class=\"vce-text-block\"><div class=\"vce-text-block-wrapper vce\" id=\"el-a2e50d40\" data-vce-do-apply=\"all el-a2e50d40\"><h3 style=\"text-align: center;\"><em><strong>K\u00e9rd az ingyenes Kapcsolati, konfliktus kalauz e-bookot is:<\/strong><\/em><\/h3><h3>&nbsp;<\/h3><\/div><\/div><\/div><\/div><\/div><div class=\"vce-col vce-col--md-auto vce-col--xs-1 vce-col--xs-last vce-col--xs-first vce-col--sm-last vce-col--sm-first vce-col--md-last vce-col--lg-last vce-col--xl-last\" id=\"el-a3df7785\"><div class=\"vce-col-inner\" data-vce-do-apply=\"border margin background  el-a3df7785\"><div class=\"vce-col-content\" data-vce-element-content=\"true\" data-vce-do-apply=\"padding el-a3df7785\"><\/div><\/div><\/div><\/div><\/div><\/div><div class=\"vce-row-container\" data-vce-boxed-width=\"true\"><div class=\"vce-row vce-row--col-gap-30 vce-row-equal-height vce-row-columns--top vce-row-content--top\" id=\"el-f5262dbe\" data-vce-do-apply=\"all el-f5262dbe\"><div class=\"vce-row-content\" data-vce-element-content=\"true\"><div class=\"vce-col vce-col--md-auto vce-col--xs-1 vce-col--xs-last vce-col--xs-first vce-col--sm-last vce-col--sm-first vce-col--md-last vce-col--lg-last vce-col--xl-last vce-col--md-first vce-col--lg-first vce-col--xl-first\" id=\"el-f8c03758\"><div class=\"vce-col-inner\" data-vce-do-apply=\"border margin background  el-f8c03758\"><div class=\"vce-col-content\" data-vce-element-content=\"true\" data-vce-do-apply=\"padding el-f8c03758\"><div class=\"vce-button--style-basic-container vce-button--style-basic-container--align-center\"><span class=\"vce-button--style-basic-wrapper vce\" id=\"el-13ec7c73\" data-vce-do-apply=\"margin el-13ec7c73\"><a class=\"vce-button--style-basic vce-button--style-basic--border-round vce-button--style-basic--size-medium vce-button--style-basic--color-557cbf--fff\" href=\"https:\/\/landing.mailerlite.com\/webforms\/landing\/y0d4r0\" title=\"Ingyenes Hanganyagok\" data-vce-do-apply=\"padding border background  el-13ec7c73\">K\u00e9rem az Ingyenes e-bookot<\/a><\/span><\/div><\/div><\/div><\/div><\/div><\/div><\/div><div class=\"vce-row-container\" data-vce-boxed-width=\"true\"><div class=\"vce-row vce-row--col-gap-30 vce-row-equal-height vce-row-columns--top vce-row-content--top\" id=\"el-e9842374\" data-vce-do-apply=\"all el-e9842374\"><div class=\"vce-row-content\" data-vce-element-content=\"true\"><div class=\"vce-col vce-col--md-auto vce-col--xs-1 vce-col--xs-last vce-col--xs-first vce-col--sm-last vce-col--sm-first vce-col--md-last vce-col--lg-last vce-col--xl-last vce-col--md-first vce-col--lg-first vce-col--xl-first\" id=\"el-de71b726\"><div class=\"vce-col-inner\" data-vce-do-apply=\"border margin background  el-de71b726\"><div class=\"vce-col-content\" data-vce-element-content=\"true\" data-vce-do-apply=\"padding el-de71b726\"><\/div><\/div><\/div><\/div><\/div><\/div><div class=\"vce-row-container\" data-vce-boxed-width=\"true\"><div class=\"vce-row vce-row--col-gap-30 vce-row-equal-height vce-row-columns--top vce-row-content--top\" id=\"el-72e04bd8\" data-vce-do-apply=\"all el-72e04bd8\"><div class=\"vce-row-content\" data-vce-element-content=\"true\"><div class=\"vce-col vce-col--md-auto vce-col--xs-1 vce-col--xs-last vce-col--xs-first vce-col--sm-last vce-col--sm-first vce-col--md-last vce-col--lg-last vce-col--xl-last vce-col--md-first vce-col--lg-first vce-col--xl-first\" id=\"el-d06fa943\"><div class=\"vce-col-inner\" data-vce-do-apply=\"border margin background  el-d06fa943\"><div class=\"vce-col-content\" data-vce-element-content=\"true\" data-vce-do-apply=\"padding el-d06fa943\"><\/div><\/div><\/div><\/div><\/div><\/div><div class=\"vce-row-container\" data-vce-boxed-width=\"true\"><div class=\"vce-row vce-row--col-gap-30 vce-row-equal-height vce-row-columns--top vce-row-content--top\" id=\"el-67877758\" data-vce-do-apply=\"all el-67877758\"><div class=\"vce-row-content\" data-vce-element-content=\"true\"><div class=\"vce-col vce-col--md-auto vce-col--xs-1 vce-col--xs-last vce-col--xs-first vce-col--sm-last vce-col--sm-first vce-col--md-first vce-col--lg-first vce-col--xl-first\" id=\"el-8938a266\"><div class=\"vce-col-inner\" data-vce-do-apply=\"border margin background  el-8938a266\"><div class=\"vce-col-content\" data-vce-element-content=\"true\" data-vce-do-apply=\"padding el-8938a266\"><\/div><\/div><\/div><div class=\"vce-col vce-col--md-auto vce-col--xs-1 vce-col--xs-last vce-col--xs-first vce-col--sm-last vce-col--sm-first vce-col--md-last vce-col--lg-last vce-col--xl-last\" id=\"el-a4cb7a26\"><div class=\"vce-col-inner\" data-vce-do-apply=\"border margin background  el-a4cb7a26\"><div class=\"vce-col-content\" data-vce-element-content=\"true\" data-vce-do-apply=\"padding el-a4cb7a26\"><\/div><\/div><\/div><\/div><\/div><\/div>\n","protected":false},"excerpt":{"rendered":"<p>\u00c9rz\u00e9s-sz\u00fcks\u00e9glet lista:K\u00e9rd az ingyenes Kapcsolati, konfliktus kalauz e-bookot is:&nbsp;K\u00e9rem az Ingyenes e-bookot<\/p>\n","protected":false},"author":2,"featured_media":0,"parent":0,"menu_order":0,"comment_status":"closed","ping_status":"closed","template":"","meta":{"footnotes":""},"class_list":["post-403","page","type-page","status-publish","hentry"],"_links":{"self":[{"href":"https:\/\/empatia-plus.sk\/index.php?rest_route=\/wp\/v2\/pages\/403","targetHints":{"allow":["GET"]}}],"collection":[{"href":"https:\/\/empatia-plus.sk\/index.php?rest_route=\/wp\/v2\/pages"}],"about":[{"href":"https:\/\/empatia-plus.sk\/index.php?rest_route=\/wp\/v2\/types\/page"}],"author":[{"embeddable":true,"href":"https:\/\/empatia-plus.sk\/index.php?rest_route=\/wp\/v2\/users\/2"}],"replies":[{"embeddable":true,"href":"https:\/\/empatia-plus.sk\/index.php?rest_route=%2Fwp%2Fv2%2Fcomments&post=403"}],"version-history":[{"count":15,"href":"https:\/\/empatia-plus.sk\/index.php?rest_route=\/wp\/v2\/pages\/403\/revisions"}],"predecessor-version":[{"id":1554,"href":"https:\/\/empatia-plus.sk\/index.php?rest_route=\/wp\/v2\/pages\/403\/revisions\/1554"}],"wp:attachment":[{"href":"https:\/\/empatia-plus.sk\/index.php?rest_route=%2Fwp%2Fv2%2Fmedia&parent=403"}],"curies":[{"name":"wp","href":"https:\/\/api.w.org\/{rel}","templated":true}]}}