{"id":2,"date":"2020-06-22T14:09:48","date_gmt":"2020-06-22T12:09:48","guid":{"rendered":"http:\/\/empatia-plus.sk\/?page_id=2"},"modified":"2022-05-03T13:17:37","modified_gmt":"2022-05-03T11:17:37","slug":"eroszakmentes-kommunikacio","status":"publish","type":"page","link":"https:\/\/empatia-plus.sk\/?page_id=2","title":{"rendered":"EMK k\u00e9pz\u00e9sek"},"content":{"rendered":"<div class=\"vce-row-container\" data-vce-boxed-width=\"true\"><div class=\"vce-row vce-row--col-gap-30 vce-row-equal-height vce-row-columns--top vce-row-content--top vcv-state--show-resizer\" id=\"el-030fd719\" data-vce-do-apply=\"all el-030fd719\"><div class=\"vce-row-content\" data-vce-element-content=\"true\"><div class=\"vce-col vce-col--md-auto vce-col--xs-1 vce-col--xs-last vce-col--xs-first vce-col--sm-last vce-col--sm-first vce-col--md-first vce-col--lg-first vce-col--xl-first\" id=\"el-3f3f0f6f\"><div class=\"vce-col-inner\" data-vce-do-apply=\"border margin background  el-3f3f0f6f\"><div class=\"vce-col-content\" data-vce-element-content=\"true\" data-vce-do-apply=\"padding el-3f3f0f6f\"><div class=\"vce-text-block\"><div class=\"vce-text-block-wrapper vce\" id=\"el-a5bdaf84\" data-vce-do-apply=\"all el-a5bdaf84\"><\/div><div class=\"vce-text-block-wrapper vce\" id=\"\" data-vce-do-apply=\"all el-a5bdaf84\" style=\"height: 0px; width: 0px; overflow: hidden; position: fixed; bottom: 0px; right: 0px;\"><\/div><\/div><\/div><\/div><\/div><div class=\"vce-col vce-col--md-auto vce-col--xs-1 vce-col--xs-last vce-col--xs-first vce-col--sm-last vce-col--sm-first vce-col--md-last vce-col--lg-last vce-col--xl-last\" id=\"el-3a77c3ba\"><div class=\"vce-col-inner\" data-vce-do-apply=\"border margin background  el-3a77c3ba\"><div class=\"vce-col-content\" data-vce-element-content=\"true\" data-vce-do-apply=\"padding el-3a77c3ba\"><div class=\"vce-text-block\"><div class=\"vce-text-block-wrapper vce\" id=\"el-0987c920\" data-vce-do-apply=\"all el-0987c920\"><h4><a href=\"http:\/\/empatia-plus.sk\/?page_id=76\"><span style=\"color: #000080;\"><em><strong>Szeretettel \u00f6nmagammal&nbsp; - <span style=\"color: #00ccff;\">EMK alapokra \u00e9p\u00fcl\u0151 \u00d6nismereti K\u00e9pz\u00e9s (I.)<\/span><\/strong><\/em><\/span><\/a><\/h4><\/div><\/div><div class=\"vce-single-image-container vce-single-image--align-left\"><div class=\"vce vce-single-image-wrapper\" id=\"el-17a868c1\" data-vce-do-apply=\"all el-17a868c1\"><figure><a href=\"http:\/\/empatia-plus.sk\/?page_id=72\" title=\"\" target=\"_blank\" class=\"vce-single-image-inner vce-single-image--absolute\" style=\"padding-bottom: 71.3253%; width: 415px;\" rel=\"noopener noreferrer\"><img fetchpriority=\"high\" decoding=\"async\" class=\"vce-single-image\" width=\"415\" height=\"296\" src=\"https:\/\/empatia-plus.sk\/wp-content\/uploads\/2022\/05\/198867803_2954313411495568_8968386016040953490_n-4-415x296.jpg\" srcset=\"https:\/\/empatia-plus.sk\/wp-content\/uploads\/2022\/05\/198867803_2954313411495568_8968386016040953490_n-4-320x228.jpg 320w,https:\/\/empatia-plus.sk\/wp-content\/uploads\/2022\/05\/198867803_2954313411495568_8968386016040953490_n-4-415x296.jpg 415w\" data-img-src=\"https:\/\/empatia-plus.sk\/wp-content\/uploads\/2022\/02\/198867803_2954313411495568_8968386016040953490_n-4.jpg\" alt=\"\" title=\"198867803_2954313411495568_8968386016040953490_n 4\" \/><\/a><figcaption hidden=\"\"><\/figcaption><\/figure><\/div><\/div><\/div><\/div><\/div><\/div><\/div><\/div><div class=\"vce-row-container\" data-vce-boxed-width=\"true\"><div class=\"vce-row vce-row--col-gap-30 vce-row-equal-height vce-row-columns--top vce-row-content--top\" id=\"el-1b8f0942\" data-vce-do-apply=\"all el-1b8f0942\"><div class=\"vce-row-content\" data-vce-element-content=\"true\"><div class=\"vce-col vce-col--md-auto vce-col--xs-1 vce-col--xs-last vce-col--xs-first vce-col--sm-last vce-col--sm-first vce-col--md-first vce-col--lg-first vce-col--xl-first\" id=\"el-0657b373\"><div class=\"vce-col-inner\" data-vce-do-apply=\"border margin background  el-0657b373\"><div class=\"vce-col-content\" data-vce-element-content=\"true\" data-vce-do-apply=\"padding el-0657b373\"><div class=\"vce-text-block\"><div class=\"vce-text-block-wrapper vce\" id=\"el-ffacd6d4\" data-vce-do-apply=\"all el-ffacd6d4\"><h4><a href=\"http:\/\/empatia-plus.sk\/?page_id=72\"><strong><em><span style=\"color: #000080;\">EMK ALAPOK<\/span><\/em><\/strong><\/a><\/h4><h4><span style=\"color: #00ccff;\"><strong><em>AUDIO- (vezetett), LET\u00d6LTHET\u0150 ONLINE K\u00c9PZ\u00c9S<\/em><\/strong><\/span><\/h4><\/div><\/div><div class=\"vce-single-image-container vce-single-image--align-left\"><div class=\"vce vce-single-image-wrapper\" id=\"el-ee681c44\" data-vce-do-apply=\"all el-ee681c44\"><figure><a href=\"http:\/\/empatia-plus.sk\/?page_id=72\" title=\"\" target=\"_blank\" class=\"vce-single-image-inner vce-single-image--absolute\" style=\"padding-bottom: 40.1515%; width: 924px;\" rel=\"noopener noreferrer\"><img decoding=\"async\" class=\"vce-single-image\" width=\"924\" height=\"371\" src=\"https:\/\/empatia-plus.sk\/wp-content\/uploads\/2022\/05\/156939094_254394076296864_2348101806093753564_n-924x371.jpg\" srcset=\"https:\/\/empatia-plus.sk\/wp-content\/uploads\/2022\/05\/156939094_254394076296864_2348101806093753564_n-320x128.jpg 320w,https:\/\/empatia-plus.sk\/wp-content\/uploads\/2022\/05\/156939094_254394076296864_2348101806093753564_n-480x193.jpg 480w,https:\/\/empatia-plus.sk\/wp-content\/uploads\/2022\/05\/156939094_254394076296864_2348101806093753564_n-800x321.jpg 800w,https:\/\/empatia-plus.sk\/wp-content\/uploads\/2022\/05\/156939094_254394076296864_2348101806093753564_n-924x371.jpg 924w\" data-img-src=\"https:\/\/empatia-plus.sk\/wp-content\/uploads\/2021\/03\/156939094_254394076296864_2348101806093753564_n.jpg\" alt=\"\" title=\"156939094_254394076296864_2348101806093753564_n\" \/><\/a><figcaption hidden=\"\"><\/figcaption><\/figure><\/div><\/div><div class=\"vce-text-block\"><div class=\"vce-text-block-wrapper vce\" id=\"el-d0c334ff\" data-vce-do-apply=\"all el-d0c334ff\"><h4><strong><span style=\"color: #0000ff;\"><em><span style=\"color: #000080;\">\u00c9p\u00edts bizalmat!<\/span> <\/em><\/span><\/strong><\/h4><h4><strong><span style=\"color: #0000ff;\"><em><span style=\"color: #00ccff;\">Emk&nbsp; halad\u00f3 k\u00e9pz\u00e9s Tudatos Sz\u00fcl\u0151knek<\/span><\/em><\/span><\/strong><\/h4><\/div><\/div><div class=\"vce-single-image-container vce-single-image--align-left\"><div class=\"vce vce-single-image-wrapper\" id=\"el-01dcf4cb\" data-vce-do-apply=\"all el-01dcf4cb\"><figure><div class=\"vce-single-image-inner vce-single-image--absolute\" style=\"padding-bottom: 56.25%; width: 1024px;\"><img decoding=\"async\" class=\"vce-single-image\" width=\"1024\" height=\"576\" src=\"https:\/\/empatia-plus.sk\/wp-content\/uploads\/2022\/05\/Halad\u00f3-EMK-k\u00e9pz\u00e9s-Sz\u00fcl\u0151knek-4-1024x576.png\" srcset=\"https:\/\/empatia-plus.sk\/wp-content\/uploads\/2022\/05\/Halad\u00f3-EMK-k\u00e9pz\u00e9s-Sz\u00fcl\u0151knek-4-320x180.png 320w,https:\/\/empatia-plus.sk\/wp-content\/uploads\/2022\/05\/Halad\u00f3-EMK-k\u00e9pz\u00e9s-Sz\u00fcl\u0151knek-4-480x270.png 480w,https:\/\/empatia-plus.sk\/wp-content\/uploads\/2022\/05\/Halad\u00f3-EMK-k\u00e9pz\u00e9s-Sz\u00fcl\u0151knek-4-800x450.png 800w,https:\/\/empatia-plus.sk\/wp-content\/uploads\/2022\/05\/Halad\u00f3-EMK-k\u00e9pz\u00e9s-Sz\u00fcl\u0151knek-4-1024x576.png 1024w\" data-img-src=\"https:\/\/empatia-plus.sk\/wp-content\/uploads\/2022\/02\/Halad\u00f3-EMK-k\u00e9pz\u00e9s-Sz\u00fcl\u0151knek-4.png\" alt=\"\" title=\"Halad\u00f3 EMK k\u00e9pz\u00e9s Sz\u00fcl\u0151knek (4)\" \/><\/div><figcaption hidden=\"\"><\/figcaption><\/figure><\/div><\/div><\/div><\/div><\/div><div class=\"vce-col vce-col--md-auto vce-col--xs-1 vce-col--xs-last vce-col--xs-first vce-col--sm-last vce-col--sm-first vce-col--md-last vce-col--lg-last vce-col--xl-last\" id=\"el-de05e8ba\"><div class=\"vce-col-inner\" data-vce-do-apply=\"border margin background  el-de05e8ba\"><div class=\"vce-col-content\" data-vce-element-content=\"true\" data-vce-do-apply=\"padding el-de05e8ba\"><div class=\"vce-text-block\"><div class=\"vce-text-block-wrapper vce\" id=\"el-5c5fc45c\" data-vce-do-apply=\"all el-5c5fc45c\"><h4><a href=\"http:\/\/empatia-plus.sk\/?page_id=115\"><span style=\"color: #000080;\"><em><strong>Az \u00d6nmagunk\u00e9rt V\u00e1llalt felel\u0151ss\u00e9g \u00fatj\u00e1n - <span style=\"color: #00ccff;\">EMK-ra \u00e9p\u00fcl\u0151 \u00d6nismereti K\u00e9pz\u00e9s (II.)<\/span><\/strong><\/em><\/span><\/a><\/h4><\/div><\/div><div class=\"vce-single-image-container vce-single-image--align-left\"><div class=\"vce vce-single-image-wrapper\" id=\"el-2658ac75\" data-vce-do-apply=\"all el-2658ac75\"><figure><a href=\"http:\/\/empatia-plus.sk\/?page_id=115\" title=\"\" target=\"_blank\" class=\"vce-single-image-inner vce-single-image--absolute\" style=\"padding-bottom: 50.3614%; width: 415px;\" rel=\"noopener noreferrer\"><img loading=\"lazy\" decoding=\"async\" class=\"vce-single-image\" width=\"415\" height=\"209\" src=\"https:\/\/empatia-plus.sk\/wp-content\/uploads\/2022\/05\/bridge-53769__340-2-415x209.jpg\" srcset=\"https:\/\/empatia-plus.sk\/wp-content\/uploads\/2022\/05\/bridge-53769__340-2-320x161.jpg 320w,https:\/\/empatia-plus.sk\/wp-content\/uploads\/2022\/05\/bridge-53769__340-2-415x209.jpg 415w\" data-img-src=\"https:\/\/empatia-plus.sk\/wp-content\/uploads\/2021\/03\/bridge-53769__340-2.jpg\" alt=\"\" title=\"bridge-53769__340\" \/><\/a><figcaption hidden=\"\"><\/figcaption><\/figure><\/div><\/div><div class=\"vce-text-block\"><div class=\"vce-text-block-wrapper vce\" id=\"el-b819882d\" data-vce-do-apply=\"all el-b819882d\"><h4><a href=\"http:\/\/empatia-plus.sk\/?page_id=110\"><em><strong><span style=\"color: #000080;\">A K\u00f6vetkez\u0151 L\u00e9p\u00e9s<\/span><\/strong><\/em><\/a><\/h4><h4><em><strong><span style=\"color: #00ccff;\">EMK-ra \u00e9p\u00fcl\u0151 \u00d6nismereti K\u00e9pz\u00e9s<\/span><\/strong><\/em><\/h4><\/div><\/div><div class=\"vce-single-image-container vce-single-image--align-left\"><div class=\"vce vce-single-image-wrapper\" id=\"el-dd3f1871\" data-vce-do-apply=\"all el-dd3f1871\"><figure><a href=\"http:\/\/empatia-plus.sk\/?page_id=110\" title=\"\" target=\"_blank\" class=\"vce-single-image-inner vce-single-image--absolute\" style=\"padding-bottom: 51.5%; width: 400px;\" rel=\"noopener noreferrer\"><img loading=\"lazy\" decoding=\"async\" class=\"vce-single-image\" width=\"400\" height=\"206\" src=\"https:\/\/empatia-plus.sk\/wp-content\/uploads\/2022\/05\/132191675_413459016508302_7182284139142856351_n-400x206.jpg\" srcset=\"https:\/\/empatia-plus.sk\/wp-content\/uploads\/2022\/05\/132191675_413459016508302_7182284139142856351_n-320x165.jpg 320w,https:\/\/empatia-plus.sk\/wp-content\/uploads\/2022\/05\/132191675_413459016508302_7182284139142856351_n-400x206.jpg 400w\" data-img-src=\"https:\/\/empatia-plus.sk\/wp-content\/uploads\/2021\/03\/132191675_413459016508302_7182284139142856351_n.jpg\" alt=\"\" title=\"132191675_413459016508302_7182284139142856351_n\" \/><\/a><figcaption hidden=\"\"><\/figcaption><\/figure><\/div><\/div><div class=\"vce-text-block\"><div class=\"vce-text-block-wrapper vce\" id=\"el-38f595f2\" data-vce-do-apply=\"all el-38f595f2\"><\/div><\/div><\/div><\/div><\/div><\/div><\/div><\/div>\n","protected":false},"excerpt":{"rendered":"<p>Szeretettel \u00f6nmagammal&nbsp; &#8211; EMK alapokra \u00e9p\u00fcl\u0151 \u00d6nismereti K\u00e9pz\u00e9s (I.)EMK ALAPOKAUDIO- (vezetett), LET\u00d6LTHET\u0150 ONLINE K\u00c9PZ\u00c9S\u00c9p\u00edts bizalmat! Emk&nbsp; halad\u00f3 k\u00e9pz\u00e9s Tudatos Sz\u00fcl\u0151knekAz \u00d6nmagunk\u00e9rt V\u00e1llalt felel\u0151ss\u00e9g \u00fatj\u00e1n &#8211; EMK-ra \u00e9p\u00fcl\u0151 \u00d6nismereti K\u00e9pz\u00e9s (II.)A K\u00f6vetkez\u0151 L\u00e9p\u00e9sEMK-ra \u00e9p\u00fcl\u0151 \u00d6nismereti K\u00e9pz\u00e9s<\/p>\n","protected":false},"author":1,"featured_media":0,"parent":0,"menu_order":0,"comment_status":"closed","ping_status":"closed","template":"","meta":{"footnotes":""},"class_list":["post-2","page","type-page","status-publish","hentry"],"_links":{"self":[{"href":"https:\/\/empatia-plus.sk\/index.php?rest_route=\/wp\/v2\/pages\/2","targetHints":{"allow":["GET"]}}],"collection":[{"href":"https:\/\/empatia-plus.sk\/index.php?rest_route=\/wp\/v2\/pages"}],"about":[{"href":"https:\/\/empatia-plus.sk\/index.php?rest_route=\/wp\/v2\/types\/page"}],"author":[{"embeddable":true,"href":"https:\/\/empatia-plus.sk\/index.php?rest_route=\/wp\/v2\/users\/1"}],"replies":[{"embeddable":true,"href":"https:\/\/empatia-plus.sk\/index.php?rest_route=%2Fwp%2Fv2%2Fcomments&post=2"}],"version-history":[{"count":40,"href":"https:\/\/empatia-plus.sk\/index.php?rest_route=\/wp\/v2\/pages\/2\/revisions"}],"predecessor-version":[{"id":677,"href":"https:\/\/empatia-plus.sk\/index.php?rest_route=\/wp\/v2\/pages\/2\/revisions\/677"}],"wp:attachment":[{"href":"https:\/\/empatia-plus.sk\/index.php?rest_route=%2Fwp%2Fv2%2Fmedia&parent=2"}],"curies":[{"name":"wp","href":"https:\/\/api.w.org\/{rel}","templated":true}]}}