{"id":153,"date":"2021-02-28T20:30:50","date_gmt":"2021-02-28T19:30:50","guid":{"rendered":"http:\/\/empatia-plus.sk\/?page_id=153"},"modified":"2023-12-20T16:24:00","modified_gmt":"2023-12-20T15:24:00","slug":"csaladallitas-programok","status":"publish","type":"page","link":"https:\/\/empatia-plus.sk\/?page_id=153","title":{"rendered":"Online Old\u00e1s Est"},"content":{"rendered":"<div class=\"vce-row-container\" data-vce-boxed-width=\"true\"><div class=\"vce-row vce-row--col-gap-30 vce-row-equal-height vce-row-columns--top vce-row-content--top\" id=\"el-ab44bb8c\" data-vce-do-apply=\"all el-ab44bb8c\"><div class=\"vce-row-content\" data-vce-element-content=\"true\"><div class=\"vce-col vce-col--md-auto vce-col--xs-1 vce-col--xs-last vce-col--xs-first vce-col--sm-last vce-col--sm-first vce-col--md-first vce-col--lg-first vce-col--xl-first\" id=\"el-9aff7bae\"><div class=\"vce-col-inner\" data-vce-do-apply=\"border margin background  el-9aff7bae\"><div class=\"vce-col-content\" data-vce-element-content=\"true\" data-vce-do-apply=\"padding el-9aff7bae\"><div class=\"vce-text-block\"><div class=\"vce-text-block-wrapper vce\" id=\"el-dda242cf\" data-vce-do-apply=\"all el-dda242cf\"><h3>&nbsp;<\/h3><h3><em>Emp\u00e1tia-Old\u00e1s Est<\/em><\/h3><p><b>(december 16-\u00e1n tartottuk, a felv\u00e9telt lejjebb k\u00e9rheted!)<\/b><\/p><h5>\"B\u00e1rmi t\u00f6rt\u00e9nt, az meg\u00e9rthet\u0151, gy\u00f3gy\u00edthat\u00f3! A Szeretet \u00e1raml\u00e1sa helyre\u00e1ll\u00edthat\u00f3! Figyelemmel, elfogad\u00e1ssal, meg\u00e9rt\u00e9ssel! \u201d<\/h5><h5>.................<\/h5><p>&nbsp;<\/p><p>A fenti gondolatok \u00e9s a kar\u00e1csony \"szellem\u00e9ben\" dolgoztunk az elakad\u00e1sainkkal, oldottuk a g\u00e1tol\u00f3 gondolati mint\u00e1zatainkat, hogy t\u00f6bb szeretetet \u00e9s biztons\u00e1got \u00e9lj\u00fcnk meg a mindennapokban!<\/p><p><strong>T\u00e9m\u00e1nk:<\/strong> A Szeretet \u00e9s Biztons\u00e1g meg\u00e9l\u00e9se a mindennapokban<\/p><ul><li>csin\u00e1ltunk egy vezetett, tiszt\u00edt\u00f3 medit\u00e1ci\u00f3t,<\/li><li>egy konkr\u00e9t kapcsolattal dolgoztunk, ahol oldottuk az elakad\u00e1sokat, f\u00e1jdalmakat, f\u00e9lelemeket.<\/li><\/ul><p>&nbsp;<\/p><p><strong>A felv\u00e9tel&nbsp; d\u00edja:<\/strong> 10 Eur.&nbsp;<\/p><p><em><strong>KLUBTAGOKNAK&nbsp; INGYENES!<\/strong><\/em><\/p><p>A felv\u00e9tel v\u00e9gighallgat\u00e1s\u00e1hoz is javaslom, biztos\u00edts magadnak zavartalan, nyugodt k\u00f6rnyezetet!&nbsp; A felv\u00e9telhez k\u00e9rhetsz emailben t\u00e1mogat\u00e1st, old\u00f3 mondato pontos\u00edt\u00e1st a Te saj\u00e1t konkr\u00e9t kapcsolatodra!<\/p><p>Szeretettel t\u00e1mogatlak, ha szeretn\u00e9l figyelmet, gyeng\u00e9ds\u00e9get, szeretetet kapni, meg\u00e9lni, old\u00f3dni a Szeretet Ter\u00e9ben!<\/p><p>\u00c9va<\/p><\/div><\/div><\/div><\/div><\/div><div class=\"vce-col vce-col--md-auto vce-col--xs-1 vce-col--xs-last vce-col--xs-first vce-col--sm-last vce-col--sm-first vce-col--md-last vce-col--lg-last vce-col--xl-last\" id=\"el-c46f7ca9\"><div class=\"vce-col-inner\" data-vce-do-apply=\"border margin background  el-c46f7ca9\"><div class=\"vce-col-content\" data-vce-element-content=\"true\" data-vce-do-apply=\"padding el-c46f7ca9\"><div class=\"vce-single-image-container vce-single-image--align-left\"><div class=\"vce vce-single-image-wrapper\" id=\"el-001c982d\" data-vce-do-apply=\"all el-001c982d\"><figure><div class=\"vce-single-image-inner vce-single-image--absolute\" style=\"padding-bottom: 71.3253%; width: 415px;\"><img fetchpriority=\"high\" decoding=\"async\" class=\"vce-single-image\" width=\"415\" height=\"296\" src=\"https:\/\/empatia-plus.sk\/wp-content\/uploads\/2023\/12\/198867803_2954313411495568_8968386016040953490_n-4-e169211734285-415x296.png\" srcset=\"https:\/\/empatia-plus.sk\/wp-content\/uploads\/2023\/12\/198867803_2954313411495568_8968386016040953490_n-4-e169211734285-320x228.png 320w,https:\/\/empatia-plus.sk\/wp-content\/uploads\/2023\/12\/198867803_2954313411495568_8968386016040953490_n-4-e169211734285-415x296.png 415w\" data-img-src=\"https:\/\/empatia-plus.sk\/wp-content\/uploads\/2023\/12\/198867803_2954313411495568_8968386016040953490_n-4-e169211734285.png\" alt=\"\" title=\"198867803_2954313411495568_8968386016040953490_n-4-e169211734285\" \/><\/div><figcaption hidden=\"\"><\/figcaption><\/figure><\/div><\/div><\/div><\/div><\/div><\/div><\/div><\/div><div class=\"vce-row-container\" data-vce-boxed-width=\"true\"><div class=\"vce-row vce-row--col-gap-30 vce-row-equal-height vce-row-columns--top vce-row-content--top\" id=\"el-a4727168\" data-vce-do-apply=\"all el-a4727168\"><div class=\"vce-row-content\" data-vce-element-content=\"true\"><div class=\"vce-col vce-col--md-auto vce-col--xs-1 vce-col--xs-last vce-col--xs-first vce-col--sm-last vce-col--sm-first vce-col--md-last vce-col--lg-last vce-col--xl-last vce-col--md-first vce-col--lg-first vce-col--xl-first\" id=\"el-1c12efc4\"><div class=\"vce-col-inner\" data-vce-do-apply=\"border margin background  el-1c12efc4\"><div class=\"vce-col-content\" data-vce-element-content=\"true\" data-vce-do-apply=\"padding el-1c12efc4\"><div class=\"vce-button--style-basic-container vce-button--style-basic-container--align-center\"><span class=\"vce-button--style-basic-wrapper vce\" id=\"el-23e95c08\" data-vce-do-apply=\"margin el-23e95c08\"><a class=\"vce-button--style-basic vce-button--style-basic--border-round vce-button--style-basic--size-large vce-button--style-basic--color-b-51-93-212--fff\" href=\"http:\/\/empatia-plus.sk\/?page_id=526\" title=\"\" data-vce-do-apply=\"padding border background  el-23e95c08\">K\u00e9rem a felv\u00e9telt<\/a><\/span><\/div><\/div><\/div><\/div><\/div><\/div><\/div>\n","protected":false},"excerpt":{"rendered":"<p>&nbsp;Emp\u00e1tia-Old\u00e1s Est(december 16-\u00e1n tartottuk, a felv\u00e9telt lejjebb k\u00e9rheted!)&#8221;B\u00e1rmi t\u00f6rt\u00e9nt, az meg\u00e9rthet\u0151, gy\u00f3gy\u00edthat\u00f3! A Szeretet \u00e1raml\u00e1sa helyre\u00e1ll\u00edthat\u00f3! Figyelemmel, elfogad\u00e1ssal, meg\u00e9rt\u00e9ssel! \u201d&#8230;&#8230;&#8230;&#8230;&#8230;..&nbsp;A fenti gondolatok \u00e9s a kar\u00e1csony &#8222;szellem\u00e9ben&#8221; dolgoztunk az elakad\u00e1sainkkal, oldottuk a g\u00e1tol\u00f3 gondolati mint\u00e1zatainkat, hogy t\u00f6bb szeretetet \u00e9s biztons\u00e1got \u00e9lj\u00fcnk meg a mindennapokban!T\u00e9m\u00e1nk: A Szeretet \u00e9s Biztons\u00e1g meg\u00e9l\u00e9se a mindennapokbancsin\u00e1ltunk egy vezetett, tiszt\u00edt\u00f3 medit\u00e1ci\u00f3t,egy konkr\u00e9t kapcsolattal dolgoztunk, ahol oldottuk az elakad\u00e1sokat, f\u00e1jdalmakat, f\u00e9lelemeket.&nbsp;A felv\u00e9tel&nbsp; d\u00edja: 10 Eur.&nbsp;KLUBTAGOKNAK&nbsp; INGYENES!A felv\u00e9tel v\u00e9gighallgat\u00e1s\u00e1hoz is javaslom, biztos\u00edts magadnak zavartalan, nyugodt k\u00f6rnyezetet!&nbsp; A felv\u00e9telhez k\u00e9rhetsz emailben t\u00e1mogat\u00e1st, old\u00f3 mondato pontos\u00edt\u00e1st a Te saj\u00e1t konkr\u00e9t kapcsolatodra!Szeretettel t\u00e1mogatlak, ha szeretn\u00e9l figyelmet, gyeng\u00e9ds\u00e9get, szeretetet kapni, meg\u00e9lni, old\u00f3dni a Szeretet Ter\u00e9ben!\u00c9vaK\u00e9rem a felv\u00e9telt<\/p>\n","protected":false},"author":2,"featured_media":0,"parent":0,"menu_order":0,"comment_status":"closed","ping_status":"closed","template":"","meta":{"footnotes":""},"class_list":["post-153","page","type-page","status-publish","hentry"],"_links":{"self":[{"href":"https:\/\/empatia-plus.sk\/index.php?rest_route=\/wp\/v2\/pages\/153","targetHints":{"allow":["GET"]}}],"collection":[{"href":"https:\/\/empatia-plus.sk\/index.php?rest_route=\/wp\/v2\/pages"}],"about":[{"href":"https:\/\/empatia-plus.sk\/index.php?rest_route=\/wp\/v2\/types\/page"}],"author":[{"embeddable":true,"href":"https:\/\/empatia-plus.sk\/index.php?rest_route=\/wp\/v2\/users\/2"}],"replies":[{"embeddable":true,"href":"https:\/\/empatia-plus.sk\/index.php?rest_route=%2Fwp%2Fv2%2Fcomments&post=153"}],"version-history":[{"count":31,"href":"https:\/\/empatia-plus.sk\/index.php?rest_route=\/wp\/v2\/pages\/153\/revisions"}],"predecessor-version":[{"id":1537,"href":"https:\/\/empatia-plus.sk\/index.php?rest_route=\/wp\/v2\/pages\/153\/revisions\/1537"}],"wp:attachment":[{"href":"https:\/\/empatia-plus.sk\/index.php?rest_route=%2Fwp%2Fv2%2Fmedia&parent=153"}],"curies":[{"name":"wp","href":"https:\/\/api.w.org\/{rel}","templated":true}]}}