{"id":151,"date":"2021-02-28T20:29:14","date_gmt":"2021-02-28T19:29:14","guid":{"rendered":"http:\/\/empatia-plus.sk\/?page_id=151"},"modified":"2021-03-04T21:11:35","modified_gmt":"2021-03-04T20:11:35","slug":"eroszakmentes-kommunikacio-kepzesek","status":"publish","type":"page","link":"https:\/\/empatia-plus.sk\/?page_id=151","title":{"rendered":"Er\u0151szakmentes kommunik\u00e1ci\u00f3"},"content":{"rendered":"<div class=\"vce-row-container\" data-vce-boxed-width=\"true\"><div class=\"vce-row vce-row--col-gap-30 vce-row-equal-height vce-row-columns--top vce-row-content--top\" id=\"el-e46b2d0e\" data-vce-do-apply=\"all el-e46b2d0e\"><div class=\"vce-row-content\" data-vce-element-content=\"true\"><div class=\"vce-col vce-col--md-auto vce-col--xs-1 vce-col--xs-last vce-col--xs-first vce-col--sm-last vce-col--sm-first vce-col--md-last vce-col--lg-last vce-col--xl-last vce-col--md-first vce-col--lg-first vce-col--xl-first\" id=\"el-e8fae1ff\"><div class=\"vce-col-inner\" data-vce-do-apply=\"border margin background  el-e8fae1ff\"><div class=\"vce-col-content\" data-vce-element-content=\"true\" data-vce-do-apply=\"padding el-e8fae1ff\"><div class=\"vce-text-block\"><div class=\"vce-text-block-wrapper vce\" id=\"el-6c586884\" data-vce-do-apply=\"all el-6c586884\"><\/div><\/div><\/div><\/div><\/div><\/div><\/div><\/div><div class=\"vce-row-container\" data-vce-boxed-width=\"true\"><div class=\"vce-row vce-row--col-gap-30 vce-row-equal-height vce-row-columns--top vce-row-content--top\" id=\"el-ebb34c35\" data-vce-do-apply=\"all el-ebb34c35\"><div class=\"vce-row-content\" data-vce-element-content=\"true\"><div class=\"vce-col vce-col--md-auto vce-col--xs-1 vce-col--xs-last vce-col--xs-first vce-col--sm-last vce-col--sm-first vce-col--md-first vce-col--lg-first vce-col--xl-first\" id=\"el-dd45b6f1\"><div class=\"vce-col-inner\" data-vce-do-apply=\"border margin background  el-dd45b6f1\"><div class=\"vce-col-content\" data-vce-element-content=\"true\" data-vce-do-apply=\"padding el-dd45b6f1\"><div class=\"vce-text-block\"><div class=\"vce-text-block-wrapper vce\" id=\"el-5162036d\" data-vce-do-apply=\"all el-5162036d\"><p style=\"text-align: center;\"><span style=\"color: #3366ff;\"><strong><span style=\"font-family: 'comic sans ms', sans-serif;\"><em>Tudni kimondani azt, hogy hogy is vagyok val\u00f3j\u00e1ban, \u0151szint\u00e9n, \u00f6nmagam \u00e9s a m\u00e1sik elmarasztal\u00e1sa n\u00e9lk\u00fcl, a legt\u00f6bb\u00fcnk sz\u00e1m\u00e1ra kih\u00edv\u00e1s lehet.<\/em><\/span><\/strong><\/span><\/p>\n<p><!-- \/wp:paragraph --><!-- wp:paragraph --><\/p>\n<p>Valljuk be, sokkal prec\u00edzebben tudjuk kifejezni azt, hogy \u201eki milyen\u201d, vagy hogy \u201ekivel mi a gond\u201d (magunkat is bele\u00e9rtve), mint azt, hogy \u00e9pp mi \u00e9l a sz\u00edv\u00fcnkben \u00e9s mit szeretn\u00e9nk?!<\/p>\n<p><!-- \/wp:paragraph --><!-- wp:paragraph --><\/p>\n<p>Ugyan ezzel az \u00edt\u00e9lkez\u0151 megfogalmaz\u00e1ssal t\u0171nhet \u00fagy, hogy &nbsp;a val\u00f3s\u00e1gr\u00f3l besz\u00e9l\u00fcnk - mert ezt szoktuk meg \u2013&nbsp; \u00e9s tal\u00e1n k\u00f6nnyedebb\u00e9 teszi sz\u00e1munkra a nemtetsz\u00e9s\u00fcnk kinyilv\u00e1n\u00edt\u00e1s\u00e1t, ugyanakkor az \u00e9lethez \u2013 sz\u00e1momra legal\u00e1bbis - &nbsp;a <span style=\"font-family: 'comic sans ms', sans-serif;\">legl\u00e9nyegesebb dolog marad ki bel\u0151le \u2013 A KAPCSOL\u00d3D\u00c1S, \u00f6nmagammal \u00e9s a m\u00e1sikkal.<\/span> &nbsp;<strong><em>Arra v\u00e1gyunk, hogy meghalljanak benn\u00fcnket, meg\u00e9rtsenek benn\u00fcnket \u00e9s t\u00e1mogat\u00e1st kapjunk, azaz kapcsol\u00f3djunk \u2013 (\u00e9s meghalljuk-, meg\u00e9rts\u00fck- \u00e9s t\u00e1mogassuk magunkat-, azaz kapcsol\u00f3djunk \u00f6nmagunkkal) , m\u00e9gis erre egy olyan \u00e9letet-g\u00e1tl\u00f3, folyamatosan \u00f6nmagunkat \u00e9s a m\u00e1sikat b\u00edr\u00e1l\u00f3 gondolkod\u00e1st \u00e9s kommunik\u00e1ci\u00f3t haszn\u00e1lunk, amely szinte lehetetlenn\u00e9 teszi, hogy ezeket megkapjuk!<\/em><\/strong><\/p>\n<p><!-- \/wp:paragraph --><!-- wp:paragraph --><\/p>\n<p><em>Tapasztal\u00e1som \u2013 mert j\u00f3l megtanultam ezt a nyelvezetet<\/em> (<span style=\"font-family: 'comic sans ms', sans-serif;\">Marshall Rosenberg<\/span> ezt a <span style=\"font-family: 'comic sans ms', sans-serif;\">Sak\u00e1l nyelv<\/span>nek nevezte el) -, <em>hogy az ez szerinti gondolkod\u00e1sunk m\u00f6g\u00f6tt er\u0151teljes fesz\u00fclts\u00e9g is megh\u00faz\u00f3dik, ha az id\u0151ben nincs \"\u00e1talak\u00edtva\", \u00edgy csak id\u0151 k\u00e9rd\u00e9se, hogy hol \u00e9s hogyan \u201erobban\u201d, vagy elnyomva, milyen k\u00e1rokat okoz benn\u00fcnk, arr\u00f3l nem is besz\u00e9lve, hogy elt\u00e1volod\u00e1st okoz a kapcsolatainkban...<\/em><\/p>\n<p><!-- \/wp:paragraph --><!-- wp:paragraph --><\/p>\n<p><span style=\"font-family: 'comic sans ms', sans-serif;\">A fesz\u00fclts\u00e9g\u00fcnk m\u00f6g\u00f6tti val\u00f3di ok az, hogy&nbsp; a benn\u00fcnk jelentkez\u0151 \u00c9LET, azaz az aktu\u00e1lis sz\u00fcks\u00e9glet\u00fcnk, nem ker\u00fcl megnevez\u00e9sre \u00e9s \u00edgy felt\u00f6lt\u00e9sre sincs lehet\u0151s\u00e9g\u00fcnk...&nbsp; nem vagyunk kapcsolatban ezzel a val\u00f3di okkal \u2013 mag\u00e1val az \u00c9lettel.<\/span><\/p>\n<p><!-- \/wp:paragraph --><!-- wp:paragraph --><\/p>\n<p><em>Azt hissz\u00fck, hogy a m\u00e1sik az oka a mi fesz\u00fclts\u00e9g\u00fcnknek, &nbsp;\u00edgy tehetetlenek maradunk. A m\u00e1sikat ugyan er\u0151szakkal (d\u00fchhel, manipul\u00e1ci\u00f3val, zsarol\u00e1ssal) r\u00e1vehetj\u00fck arra, hogy megcsin\u00e1lja, amit mi szeretn\u00e9nk, \u00e1m hossz\u00fa t\u00e1von ennek BIZTOSAN mi is megfizetj\u00fck az \u00e1r\u00e1t! Elvesz\u00edtj\u00fck a m\u00e1sik egy\u00fctt\u00e9rz\u00e9s\u00e9t \u00e9s bizalm\u00e1t, hogy sz\u00edvb\u0151l, szeretetb\u0151l \u00e9s meggy\u0151z\u0151d\u00e9sb\u0151l j\u00e1ruljon hozz\u00e1 az \u00e9let\u00fcnkh\u00f6z. S\u00e9r\u00fcl a kapcsolat, \u00edgy mindenk\u00e9pp s\u00e9r\u00fcl\u00f6k \u00e9n is.<\/em><\/p>\n<p><!-- \/wp:paragraph --><!-- wp:paragraph --><\/p>\n<p><span style=\"font-family: 'comic sans ms', sans-serif;\">...\u00e9s elvesztve a kapcsol\u00f3d\u00e1st \u00f6nmagunkkal, m\u00e1r azt sem tudjuk, hogy mi magunk mit tehet\u00fcnk \u00f6nmagunk\u00e9rt, hogy a benn\u00fcnk l\u00e9v\u0151 \u00c9LETET t\u00e1mogassuk. Ilyenkor elindul egy bels\u0151 \u201e\u00f6rd\u00f6gi k\u00f6r\u201d, \u00f6nb\u00fcntet\u00e9s- b\u0171ntudat, sz\u00e9gyen, depresszi\u00f3 form\u00e1j\u00e1ban...<\/span><\/p>\n<p><!-- \/wp:paragraph --><!-- wp:paragraph --><\/p>\n<p><em><strong>Az Er\u0151szakmentes kommunik\u00e1ci\u00f3 (EMK),- vagy ahogy azt Marshall Rosenberg a ZSIR\u00c1F-nyelvnek nevezte el,- abban seg\u00edt, hogy ezt a \u201etehetetlens\u00e9g\u00fcnket\u201d seg\u00edtse feloldani &nbsp;az \u00c9LET szolg\u00e1lat\u00e1nak ir\u00e1ny\u00e1ba. Hogy megtanuljunk val\u00f3ban k\u00e9rni, a k\u00f6vetel\u00e9s helyett \u00e9s megtanuljuk \u00f6nmagunkkal is egy\u00fctt\u00e9rezni, jobban szeretni \u00e9s t\u00e1mogatni \u00f6nmagunkat.<\/strong><\/em><\/p>\n<p><!-- \/wp:paragraph --><!-- wp:paragraph --><\/p>\n<p><span style=\"font-family: 'comic sans ms', sans-serif;\">Kimondani, azt, hogy \u201efesz\u00fclt vagyok, mert meg\u00e9rt\u00e9sre v\u00e1gyom, sz\u00edvesen megtenn\u00e9d, hogy...?\u201d<\/span> els\u0151 hall\u00e1sra f\u00e9lelmetesnek t\u0171nhet, \u00e1m gyakorolva \u00e9s kimondva <span style=\"font-family: 'comic sans ms', sans-serif;\">v\u00e9gtelen\u00fcl felszabad\u00edt\u00f3!<\/span><\/p>\n<p><!-- \/wp:paragraph --><!-- wp:paragraph --><\/p>\n<p>Biztos mindannyiunk sz\u00e1m\u00e1ra ismer\u0151s a <span style=\"font-family: 'comic sans ms', sans-serif;\">\u201eCs\u00e1sz\u00e1r \u00faj ruh\u00e1ja\u201d mese<\/span>, ahol a gyermek kimondja, hogy <span style=\"font-family: 'comic sans ms', sans-serif;\">\u201ede hisz nincs is a cs\u00e1sz\u00e1ron ruha!\u201d... \u00e9s v\u00e9gre mindenki megk\u00f6nnyebb\u00fcl... <\/span>\u201eahh, j\u00f3l l\u00e1ttam, nem vagyok \u201ebuta\u201d...\u201d. Senki nem merte ezt felv\u00e1llalni, de az \u201e\u00e1rtatlans\u00e1g\u201d- ahogy a mes\u00e9ben \u00edrj\u00e1k - igen. &nbsp;<span style=\"font-family: 'comic sans ms', sans-serif;\">Ugyanezt az \u201e\u00e1rtatlans\u00e1got\u201d (vagy sebezhet\u0151s\u00e9g\u00fcnket, ahogy Marshall Rosenberg nevezi) h\u00edvjuk seg\u00edts\u00e9g\u00fcl \u00e9s tulajdonk\u00e9ppen t\u00e9r\u00fcnk vissza az eredeti, term\u00e9szetes \u00e1llapotunkhoz. <em>Mert ez a term\u00e9szetes \u00e1llapotunk \u2013 a fentit csak j\u00f3l megtanultuk.<\/em><\/span><\/p>\n<p><!-- \/wp:paragraph --><!-- wp:paragraph --><\/p>\n<p><span style=\"font-family: 'comic sans ms', sans-serif;\"><em>Valami ilyesmi t\u00f6rt\u00e9nik, t\u00f6rt\u00e9nhet ez\u00e1ltal a mindennapos kapcsol\u00f3d\u00e1sainkban, mint a mes\u00e9ben:<\/em><\/span><\/p>\n<p><span style=\"font-family: 'comic sans ms', sans-serif;\"><em><!-- \/wp:paragraph --><!-- wp:list --><\/em><\/span><\/p>\n<ul>\n<li><span style=\"font-family: 'comic sans ms', sans-serif;\"><em>megk\u00f6nnyebb\u00fcl\u00fcnk, mert a l\u00e9nyegr\u0151l besz\u00e9l\u00fcnk,<\/em><\/span><\/li>\n<li><span style=\"font-family: 'comic sans ms', sans-serif;\"><em>hat\u00e9konyabb\u00e1 v\u00e1lunk , mert a megold\u00e1sokra f\u00f3kusz\u00e1lunk,<\/em><\/span><\/li>\n<li><span style=\"font-family: 'comic sans ms', sans-serif;\"><em>azokat a megold\u00e1sokat keress\u00fck, amelyben mindenki sz\u00fcks\u00e9gletei kiel\u00e9g\u00fclnek, a f\u00e9lelemt\u0151l, b\u0171ntudatt\u00f3l vez\u00e9relt helyett, &nbsp;<\/em><\/span><\/li>\n<li><span style=\"font-family: 'comic sans ms', sans-serif;\"><em>letisztulnak a kapcsolataink, egyszer\u0171s\u00f6dik az \u00e9let\u00fcnk, tudni fogjuk,&nbsp;hogy kivel tudunk \u00e9s szeretn\u00e9nk &nbsp;egy\u00fcttm\u0171k\u00f6dni \u00e9s kivel nem, vagy hogyan m\u00e1sk\u00e9pp,<\/em><\/span><\/li>\n<li><span style=\"font-family: 'comic sans ms', sans-serif;\"><em>n\u00f6vekszik az egy\u00fctt\u00e9rz\u00e9s\u00fcnk (tudom\u00e1nyosan az &nbsp;EQ-nk)<\/em><\/span><\/li>\n<li><span style=\"font-family: 'comic sans ms', sans-serif;\"><em>Val\u00f3di kapcsol\u00f3d\u00e1sok j\u00f6nnek l\u00e9tre, val\u00f3di t\u00e1mogat\u00e1ssal, meg\u00e9rt\u00e9ssel, szeretettel...<\/em><\/span><\/li>\n<\/ul>\n<p><span style=\"font-family: 'comic sans ms', sans-serif;\"><em><!-- \/wp:list --><!-- wp:paragraph --><\/em><\/span><\/p>\n<p>A mindennapokban \u00e1ltal\u00e1noss\u00e1gban a felel\u0151ss\u00e9g h\u00e1r\u00edt\u00e1sa a:<\/p>\n<p><!-- \/wp:paragraph --><!-- wp:list --><\/p>\n<ul>\n<li>V\u00e9dekez\u00e9s,<\/li>\n<li>T\u00e1mad\u00e1s,<\/li>\n<\/ul>\n<p>(azaz a saj\u00e1t sebezhet\u0151s\u00e9gem fel nem v\u00e1llal\u00e1sa, a pillanatnyi \u00c9LETtel val\u00f3 kapcsol\u00f3d\u00e1som- \u00e9s egy\u00fctt\u00e9rz\u00e9sem hi\u00e1nya)<\/p>\n<p><!-- \/wp:list --><!-- wp:paragraph --><\/p>\n<p><strong><em>A felel\u0151ss\u00e9g v\u00e1llal\u00e1sa az EMk seg\u00edts\u00e9g\u00e9vel a gondolkod\u00e1sunkban \u00e9s kommunik\u00e1ci\u00f3nkban r\u00f6viden \u00edgy n\u00e9z ki:<\/em><\/strong><\/p>\n<p><!-- \/wp:paragraph --><!-- wp:list --><\/p>\n<ul>\n<li><em>Amikor ezt hallom\/l\u00e1tom, &nbsp;..... \u00e9rzem magam (pl. csal\u00f3dottnak), mert t\u00f6bb .... (pl. meg\u00e9rt\u00e9sre) van sz\u00fcks\u00e9gem, megtenn\u00e9d, hogy... (elmodan\u00e1d, hogy mit hallott\u00e1l)?<\/em><\/li>\n<li><em>Amikor ezt mondod, .... \u00e9rzed magad (pl. tan\u00e1cstalannak), mert t\u00f6bb .... (pl. tiszt\u00e1nl\u00e1t\u00e1sra) lenne sz\u00fcks\u00e9ged \u00e9s szeretn\u00e9d, ha.... (elmondan\u00e1m \u00e9n hogy \u00e9ltem meg a tegnap est\u00e9t)?<\/em><\/li>\n<\/ul>\n<p><!-- \/wp:list --><!-- wp:paragraph --><\/p>\n<p>Ezt tanuljuk \u00e9s gyakoroljuk a k\u00e9pz\u00e9seken bel\u00fcl!<\/p>\n<p><!-- \/wp:paragraph --><!-- wp:paragraph --><\/p>\n<p>Szeretettel l\u00e1tlak T\u00e9ged is valamely k\u00e9pz\u00e9semen!<\/p>\n<p>\u00c9va<\/p><\/div><\/div><\/div><\/div><\/div><div class=\"vce-col vce-col--md-auto vce-col--xs-1 vce-col--xs-last vce-col--xs-first vce-col--sm-last vce-col--sm-first vce-col--md-last vce-col--lg-last vce-col--xl-last\" id=\"el-64175e59\"><div class=\"vce-col-inner\" data-vce-do-apply=\"border margin background  el-64175e59\"><div class=\"vce-col-content\" data-vce-element-content=\"true\" data-vce-do-apply=\"padding el-64175e59\"><div class=\"vce-single-image-container vce-single-image--align-left\"><div class=\"vce vce-single-image-wrapper\" id=\"el-b7c08428\" data-vce-do-apply=\"all el-b7c08428\"><figure><div class=\"vce-single-image-inner vce-single-image--absolute vce-single-image--border-round\"><\/div><figcaption hidden=\"\"><\/figcaption><\/figure><\/div><\/div><div class=\"vce-text-block\"><div class=\"vce-text-block-wrapper vce\" id=\"el-738ca74d\" data-vce-do-apply=\"all el-738ca74d\"><h2><a href=\"http:\/\/empatia-plus.sk\/?page_id=74\"><span style=\"font-size: 16pt;\"><em><span style=\"color: #000080;\"><strong><span style=\"color: #00ccff;\">Aktu\u00e1lis k\u00e9pz\u00e9sek itt!<\/span><\/strong><\/span><\/em><\/span><\/a><\/h2><\/div><\/div><div class=\"vce-single-image-container vce-single-image--align-left\"><div class=\"vce vce-single-image-wrapper\" id=\"el-eab5921a\" data-vce-do-apply=\"all el-eab5921a\"><figure><a href=\"http:\/\/empatia-plus.sk\/?page_id=74\" title=\"\" target=\"_blank\" class=\"vce-single-image-inner vce-single-image--absolute vce-single-image--border-round\" style=\"padding-bottom: 100%; width: 340px;\" rel=\"noopener noreferrer\"><img fetchpriority=\"high\" decoding=\"async\" class=\"vce-single-image\" width=\"340\" height=\"340\" src=\"https:\/\/empatia-plus.sk\/wp-content\/uploads\/2021\/03\/giraffes-627031__340-340x340.jpg\" srcset=\"https:\/\/empatia-plus.sk\/wp-content\/uploads\/2021\/03\/giraffes-627031__340-320x320.jpg 320w,https:\/\/empatia-plus.sk\/wp-content\/uploads\/2021\/03\/giraffes-627031__340-340x340.jpg 340w\" data-img-src=\"https:\/\/empatia-plus.sk\/wp-content\/uploads\/2021\/02\/giraffes-627031__340.jpg\" alt=\"\" title=\"giraffes-627031__340\" \/><\/a><figcaption hidden=\"\"><\/figcaption><\/figure><\/div><\/div><\/div><\/div><\/div><\/div><\/div><\/div>","protected":false},"excerpt":{"rendered":"<p>Tudni kimondani azt, hogy hogy is vagyok val\u00f3j\u00e1ban, \u0151szint\u00e9n, \u00f6nmagam \u00e9s a m\u00e1sik elmarasztal\u00e1sa n\u00e9lk\u00fcl, a legt\u00f6bb\u00fcnk sz\u00e1m\u00e1ra kih\u00edv\u00e1s lehet. Valljuk be, sokkal prec\u00edzebben tudjuk kifejezni azt, hogy \u201eki milyen\u201d, vagy hogy \u201ekivel mi a gond\u201d (magunkat is bele\u00e9rtve), mint azt, hogy \u00e9pp mi \u00e9l a sz\u00edv\u00fcnkben \u00e9s mit szeretn\u00e9nk?! Ugyan ezzel az \u00edt\u00e9lkez\u0151 megfogalmaz\u00e1ssal t\u0171nhet \u00fagy, hogy &nbsp;a val\u00f3s\u00e1gr\u00f3l besz\u00e9l\u00fcnk &#8211; mert ezt szoktuk meg \u2013&nbsp; \u00e9s tal\u00e1n k\u00f6nnyedebb\u00e9 teszi sz\u00e1munkra a nemtetsz\u00e9s\u00fcnk kinyilv\u00e1n\u00edt\u00e1s\u00e1t, ugyanakkor az \u00e9lethez \u2013 sz\u00e1momra legal\u00e1bbis &#8211; &nbsp;a legl\u00e9nyegesebb dolog marad ki bel\u0151le \u2013 A KAPCSOL\u00d3D\u00c1S, \u00f6nmagammal \u00e9s a m\u00e1sikkal. &nbsp;Arra v\u00e1gyunk, hogy meghalljanak benn\u00fcnket, meg\u00e9rtsenek benn\u00fcnket \u00e9s t\u00e1mogat\u00e1st kapjunk, azaz kapcsol\u00f3djunk \u2013 (\u00e9s meghalljuk-, meg\u00e9rts\u00fck- \u00e9s t\u00e1mogassuk magunkat-, azaz kapcsol\u00f3djunk \u00f6nmagunkkal) , m\u00e9gis erre egy olyan \u00e9letet-g\u00e1tl\u00f3, folyamatosan \u00f6nmagunkat \u00e9s a m\u00e1sikat b\u00edr\u00e1l\u00f3 gondolkod\u00e1st \u00e9s kommunik\u00e1ci\u00f3t haszn\u00e1lunk, amely szinte lehetetlenn\u00e9 teszi, hogy ezeket megkapjuk! Tapasztal\u00e1som \u2013 mert j\u00f3l megtanultam ezt a nyelvezetet (Marshall Rosenberg ezt a Sak\u00e1l nyelvnek nevezte el) -, hogy az ez szerinti gondolkod\u00e1sunk m\u00f6g\u00f6tt er\u0151teljes fesz\u00fclts\u00e9g is megh\u00faz\u00f3dik, ha az id\u0151ben nincs &#8222;\u00e1talak\u00edtva&#8221;, \u00edgy csak id\u0151 k\u00e9rd\u00e9se, hogy hol \u00e9s hogyan \u201erobban\u201d, vagy elnyomva, milyen k\u00e1rokat okoz benn\u00fcnk, arr\u00f3l nem is besz\u00e9lve, hogy elt\u00e1volod\u00e1st okoz a kapcsolatainkban&#8230; A fesz\u00fclts\u00e9g\u00fcnk m\u00f6g\u00f6tti val\u00f3di ok az, hogy&nbsp; a benn\u00fcnk jelentkez\u0151 \u00c9LET, azaz az aktu\u00e1lis sz\u00fcks\u00e9glet\u00fcnk, nem ker\u00fcl megnevez\u00e9sre \u00e9s \u00edgy felt\u00f6lt\u00e9sre sincs lehet\u0151s\u00e9g\u00fcnk&#8230;&nbsp; nem vagyunk kapcsolatban ezzel a val\u00f3di okkal \u2013 mag\u00e1val az \u00c9lettel. Azt hissz\u00fck, hogy a m\u00e1sik az oka a mi fesz\u00fclts\u00e9g\u00fcnknek, &nbsp;\u00edgy tehetetlenek maradunk. A m\u00e1sikat ugyan er\u0151szakkal (d\u00fchhel, manipul\u00e1ci\u00f3val, zsarol\u00e1ssal) r\u00e1vehetj\u00fck arra, hogy megcsin\u00e1lja, amit mi szeretn\u00e9nk, \u00e1m hossz\u00fa t\u00e1von ennek BIZTOSAN mi is megfizetj\u00fck az \u00e1r\u00e1t! Elvesz\u00edtj\u00fck a m\u00e1sik egy\u00fctt\u00e9rz\u00e9s\u00e9t \u00e9s bizalm\u00e1t, hogy sz\u00edvb\u0151l, szeretetb\u0151l \u00e9s meggy\u0151z\u0151d\u00e9sb\u0151l j\u00e1ruljon hozz\u00e1 az \u00e9let\u00fcnkh\u00f6z. S\u00e9r\u00fcl a kapcsolat, \u00edgy mindenk\u00e9pp s\u00e9r\u00fcl\u00f6k \u00e9n is. &#8230;\u00e9s elvesztve a kapcsol\u00f3d\u00e1st \u00f6nmagunkkal, m\u00e1r azt sem tudjuk, hogy mi magunk mit tehet\u00fcnk \u00f6nmagunk\u00e9rt, hogy a benn\u00fcnk l\u00e9v\u0151 \u00c9LETET t\u00e1mogassuk. Ilyenkor elindul egy bels\u0151 \u201e\u00f6rd\u00f6gi k\u00f6r\u201d, \u00f6nb\u00fcntet\u00e9s- b\u0171ntudat, sz\u00e9gyen, depresszi\u00f3 form\u00e1j\u00e1ban&#8230; Az Er\u0151szakmentes kommunik\u00e1ci\u00f3 (EMK),- vagy ahogy azt Marshall Rosenberg a ZSIR\u00c1F-nyelvnek nevezte el,- abban seg\u00edt, hogy ezt a \u201etehetetlens\u00e9g\u00fcnket\u201d seg\u00edtse feloldani &nbsp;az \u00c9LET szolg\u00e1lat\u00e1nak ir\u00e1ny\u00e1ba. Hogy megtanuljunk val\u00f3ban k\u00e9rni, a k\u00f6vetel\u00e9s helyett \u00e9s megtanuljuk \u00f6nmagunkkal is egy\u00fctt\u00e9rezni, jobban szeretni \u00e9s t\u00e1mogatni \u00f6nmagunkat. Kimondani, azt, hogy \u201efesz\u00fclt vagyok, mert meg\u00e9rt\u00e9sre v\u00e1gyom, sz\u00edvesen megtenn\u00e9d, hogy&#8230;?\u201d els\u0151 hall\u00e1sra f\u00e9lelmetesnek t\u0171nhet, \u00e1m gyakorolva \u00e9s kimondva v\u00e9gtelen\u00fcl felszabad\u00edt\u00f3! Biztos mindannyiunk sz\u00e1m\u00e1ra ismer\u0151s a \u201eCs\u00e1sz\u00e1r \u00faj ruh\u00e1ja\u201d mese, ahol a gyermek kimondja, hogy \u201ede hisz nincs is a cs\u00e1sz\u00e1ron ruha!\u201d&#8230; \u00e9s v\u00e9gre mindenki megk\u00f6nnyebb\u00fcl&#8230; \u201eahh, j\u00f3l l\u00e1ttam, nem vagyok \u201ebuta\u201d&#8230;\u201d. Senki nem merte ezt felv\u00e1llalni, de az \u201e\u00e1rtatlans\u00e1g\u201d- ahogy a mes\u00e9ben \u00edrj\u00e1k &#8211; igen. &nbsp;Ugyanezt az \u201e\u00e1rtatlans\u00e1got\u201d (vagy sebezhet\u0151s\u00e9g\u00fcnket, ahogy Marshall Rosenberg nevezi) h\u00edvjuk seg\u00edts\u00e9g\u00fcl \u00e9s tulajdonk\u00e9ppen t\u00e9r\u00fcnk vissza az eredeti, term\u00e9szetes \u00e1llapotunkhoz. Mert ez a term\u00e9szetes \u00e1llapotunk \u2013 a fentit csak j\u00f3l megtanultuk. Valami ilyesmi t\u00f6rt\u00e9nik, t\u00f6rt\u00e9nhet ez\u00e1ltal a mindennapos kapcsol\u00f3d\u00e1sainkban, mint a mes\u00e9ben: megk\u00f6nnyebb\u00fcl\u00fcnk, mert a l\u00e9nyegr\u0151l besz\u00e9l\u00fcnk, hat\u00e9konyabb\u00e1 v\u00e1lunk , mert a megold\u00e1sokra f\u00f3kusz\u00e1lunk, azokat a megold\u00e1sokat keress\u00fck, amelyben mindenki sz\u00fcks\u00e9gletei kiel\u00e9g\u00fclnek, a f\u00e9lelemt\u0151l, b\u0171ntudatt\u00f3l vez\u00e9relt helyett, &nbsp; letisztulnak a kapcsolataink, egyszer\u0171s\u00f6dik az \u00e9let\u00fcnk, tudni fogjuk,&nbsp;hogy kivel tudunk \u00e9s szeretn\u00e9nk &nbsp;egy\u00fcttm\u0171k\u00f6dni \u00e9s kivel nem, vagy hogyan m\u00e1sk\u00e9pp, n\u00f6vekszik az egy\u00fctt\u00e9rz\u00e9s\u00fcnk (tudom\u00e1nyosan az &nbsp;EQ-nk) Val\u00f3di kapcsol\u00f3d\u00e1sok j\u00f6nnek l\u00e9tre, val\u00f3di t\u00e1mogat\u00e1ssal, meg\u00e9rt\u00e9ssel, szeretettel&#8230; A mindennapokban \u00e1ltal\u00e1noss\u00e1gban a felel\u0151ss\u00e9g h\u00e1r\u00edt\u00e1sa a: V\u00e9dekez\u00e9s, T\u00e1mad\u00e1s, (azaz a saj\u00e1t sebezhet\u0151s\u00e9gem fel nem v\u00e1llal\u00e1sa, a pillanatnyi \u00c9LETtel val\u00f3 kapcsol\u00f3d\u00e1som- \u00e9s egy\u00fctt\u00e9rz\u00e9sem hi\u00e1nya) A felel\u0151ss\u00e9g v\u00e1llal\u00e1sa az EMk seg\u00edts\u00e9g\u00e9vel a gondolkod\u00e1sunkban \u00e9s kommunik\u00e1ci\u00f3nkban r\u00f6viden \u00edgy n\u00e9z ki: Amikor ezt hallom\/l\u00e1tom, &nbsp;&#8230;.. \u00e9rzem magam (pl. csal\u00f3dottnak), mert t\u00f6bb &#8230;. (pl. meg\u00e9rt\u00e9sre) van sz\u00fcks\u00e9gem, megtenn\u00e9d, hogy&#8230; (elmodan\u00e1d, hogy mit hallott\u00e1l)? Amikor ezt mondod, &#8230;. \u00e9rzed magad (pl. tan\u00e1cstalannak), mert t\u00f6bb &#8230;. (pl. tiszt\u00e1nl\u00e1t\u00e1sra) lenne sz\u00fcks\u00e9ged \u00e9s szeretn\u00e9d, ha&#8230;. (elmondan\u00e1m \u00e9n hogy \u00e9ltem meg a tegnap est\u00e9t)? Ezt tanuljuk \u00e9s gyakoroljuk a k\u00e9pz\u00e9seken bel\u00fcl! Szeretettel l\u00e1tlak T\u00e9ged is valamely k\u00e9pz\u00e9semen! \u00c9vaAktu\u00e1lis k\u00e9pz\u00e9sek itt!<\/p>\n","protected":false},"author":2,"featured_media":0,"parent":0,"menu_order":0,"comment_status":"closed","ping_status":"closed","template":"","meta":{"footnotes":""},"class_list":["post-151","page","type-page","status-publish","hentry"],"_links":{"self":[{"href":"https:\/\/empatia-plus.sk\/index.php?rest_route=\/wp\/v2\/pages\/151","targetHints":{"allow":["GET"]}}],"collection":[{"href":"https:\/\/empatia-plus.sk\/index.php?rest_route=\/wp\/v2\/pages"}],"about":[{"href":"https:\/\/empatia-plus.sk\/index.php?rest_route=\/wp\/v2\/types\/page"}],"author":[{"embeddable":true,"href":"https:\/\/empatia-plus.sk\/index.php?rest_route=\/wp\/v2\/users\/2"}],"replies":[{"embeddable":true,"href":"https:\/\/empatia-plus.sk\/index.php?rest_route=%2Fwp%2Fv2%2Fcomments&post=151"}],"version-history":[{"count":16,"href":"https:\/\/empatia-plus.sk\/index.php?rest_route=\/wp\/v2\/pages\/151\/revisions"}],"predecessor-version":[{"id":254,"href":"https:\/\/empatia-plus.sk\/index.php?rest_route=\/wp\/v2\/pages\/151\/revisions\/254"}],"wp:attachment":[{"href":"https:\/\/empatia-plus.sk\/index.php?rest_route=%2Fwp%2Fv2%2Fmedia&parent=151"}],"curies":[{"name":"wp","href":"https:\/\/api.w.org\/{rel}","templated":true}]}}