{"id":15,"date":"2020-06-22T20:41:26","date_gmt":"2020-06-22T18:41:26","guid":{"rendered":"http:\/\/empatia-plus.sk\/?page_id=15"},"modified":"2025-02-06T11:19:55","modified_gmt":"2025-02-06T10:19:55","slug":"rolam","status":"publish","type":"page","link":"https:\/\/empatia-plus.sk\/","title":{"rendered":"C\u00edmlap"},"content":{"rendered":"<div class=\"vce-row-container\" data-vce-boxed-width=\"true\"><div class=\"vce-row vce-row--col-gap-30 vce-row-equal-height vce-row-content--top\" id=\"el-342ffd07\" data-vce-do-apply=\"all el-342ffd07\"><div class=\"vce-row-content\" data-vce-element-content=\"true\"><div class=\"vce-col vce-col--md-auto vce-col--xs-1 vce-col--xs-last vce-col--xs-first vce-col--sm-last vce-col--sm-first vce-col--md-last vce-col--lg-last vce-col--xl-last vce-col--md-first vce-col--lg-first vce-col--xl-first\" id=\"el-8711a6e5\"><div class=\"vce-col-inner\" data-vce-do-apply=\"border margin background  el-8711a6e5\"><div class=\"vce-col-content\" data-vce-element-content=\"true\" data-vce-do-apply=\"padding el-8711a6e5\"><div class=\"vce-text-block\"><div class=\"vce-text-block-wrapper vce\" id=\"el-05606a21\" data-vce-do-apply=\"all el-05606a21\"><\/div><\/div><\/div><\/div><\/div><\/div><\/div><\/div><div class=\"vce-row-container\" data-vce-boxed-width=\"true\"><div class=\"vce-row vce-row--col-gap-30 vce-row-equal-height vce-row-content--top\" id=\"el-679b2938\" data-vce-do-apply=\"all el-679b2938\"><div class=\"vce-row-content\" data-vce-element-content=\"true\"><div class=\"vce-col vce-col--md-25p vce-col--xs-1 vce-col--xs-last vce-col--xs-first vce-col--sm-last vce-col--sm-first vce-col--md-first vce-col--lg-first vce-col--xl-first\" id=\"el-a915c522\"><div class=\"vce-col-inner\" data-vce-do-apply=\"border margin background  el-a915c522\"><div class=\"vce-col-content\" data-vce-element-content=\"true\" data-vce-do-apply=\"padding el-a915c522\"><div class=\"vcv-row-control-wrapper\"><\/div><\/div><\/div><\/div><div class=\"vce-col vce-col--md-50p vce-col--xs-1 vce-col--xs-last vce-col--xs-first vce-col--sm-last vce-col--sm-first\" id=\"el-ebd3287b\"><div class=\"vce-col-inner\" data-vce-do-apply=\"border margin background  el-ebd3287b\"><div class=\"vce-col-content\" data-vce-element-content=\"true\" data-vce-do-apply=\"padding el-ebd3287b\"><div class=\"vce-button--style-basic-container vce-button--style-basic-container--align-left\"><span class=\"vce-button--style-basic-wrapper vce\" id=\"el-fe196384\" data-vce-do-apply=\"margin el-fe196384\"><a class=\"vce-button vce-button--style-basic vce-button--style-basic--border-round vce-button--style-basic--size-medium vce-button--style-basic--color-557cbf--fff\" href=\"https:\/\/dashboard.mailerlite.com\/forms\/767160\/111698928513058800\/share\" title=\"konfliktus kalauz\" data-vce-do-apply=\"padding border background  el-fe196384\">K\u00e9rem az Ingyenes Konfliktus-Kalauzt!<\/a><\/span><\/div><\/div><\/div><\/div><div class=\"vce-col vce-col--md-25p vce-col--xs-1 vce-col--xs-last vce-col--xs-first vce-col--sm-last vce-col--sm-first vce-col--md-last vce-col--lg-last vce-col--xl-last\" id=\"el-a12d09f4\"><div class=\"vce-col-inner\" data-vce-do-apply=\"border margin background  el-a12d09f4\"><div class=\"vce-col-content\" data-vce-element-content=\"true\" data-vce-do-apply=\"padding el-a12d09f4\"><div class=\"vcv-row-control-wrapper\"><\/div><\/div><\/div><\/div><\/div><\/div><\/div><div class=\"vce-row-container\" data-vce-boxed-width=\"true\"><div class=\"vce-row vce-row--col-gap-30 vce-row-equal-height vce-row-content--top\" id=\"el-ad54825d\" data-vce-do-apply=\"all el-ad54825d\"><div class=\"vce-row-content\" data-vce-element-content=\"true\"><div class=\"vce-col vce-col--md-auto vce-col--xs-1 vce-col--xs-last vce-col--xs-first vce-col--sm-last vce-col--sm-first vce-col--md-first vce-col--lg-first vce-col--xl-first\" id=\"el-18e092a3\"><div class=\"vce-col-inner\" data-vce-do-apply=\"border margin background  el-18e092a3\"><div class=\"vce-col-content\" data-vce-element-content=\"true\" data-vce-do-apply=\"padding el-18e092a3\"><div class=\"vcv-row-control-wrapper\"><\/div><\/div><\/div><\/div><div class=\"vce-col vce-col--md-auto vce-col--xs-1 vce-col--xs-last vce-col--xs-first vce-col--sm-last vce-col--sm-first vce-col--md-last vce-col--lg-last vce-col--xl-last\" id=\"el-e4357d83\"><div class=\"vce-col-inner\" data-vce-do-apply=\"border margin background  el-e4357d83\"><div class=\"vce-col-content\" data-vce-element-content=\"true\" data-vce-do-apply=\"padding el-e4357d83\"><div class=\"vcv-row-control-wrapper\"><\/div><\/div><\/div><\/div><\/div><\/div><\/div><div class=\"vce-row-container\" data-vce-boxed-width=\"true\"><div class=\"vce-row vce-row--col-gap-30 vce-row-equal-height vce-row-content--top\" id=\"el-5827188a\" data-vce-do-apply=\"all el-5827188a\"><div class=\"vce-row-content\" data-vce-element-content=\"true\"><div class=\"vce-col vce-col--md-auto vce-col--xs-1 vce-col--xs-last vce-col--xs-first vce-col--sm-last vce-col--sm-first vce-col--md-first vce-col--lg-first vce-col--xl-first\" id=\"el-bd7c2817\"><div class=\"vce-col-inner\" data-vce-do-apply=\"border margin background  el-bd7c2817\"><div class=\"vce-col-content\" data-vce-element-content=\"true\" data-vce-do-apply=\"padding el-bd7c2817\"><div class=\"vce-text-block\"><div class=\"vce-text-block-wrapper vce\" id=\"el-5c3b8feb\" data-vce-do-apply=\"all el-5c3b8feb\"><h3><strong><span style=\"color: #000080;\"><em>Szeretettel k\u00f6sz\u00f6ntelek!<\/em><\/span><\/strong><\/h3><h5>&nbsp;<\/h5><h5><strong><span style=\"color: #8a290b;\"><em>A k\u00f6vetkez\u0151 oldalakon Hozz\u00e1d is sz\u00f3lok, ha:<\/em><\/span><\/strong><\/h5><ul><li><span style=\"font-family: 'comic sans ms', sans-serif; color: #000080;\">Elf\u00e1radt\u00e1l a \u201ek\u00f6rbe-k\u00f6rbe\u201d ism\u00e9tl\u0151d\u0151 helyzetekt\u0151l az \u00e9letedben \u00e9s j\u00f3 lenne m\u00e1r el\u0151rel\u00e9pni,<\/span><\/li><li><span style=\"font-family: 'comic sans ms', sans-serif; color: #000080;\">Szeretn\u00e9l val\u00f3di, \u0151szinte \u00e9s k\u00f6lcs\u00f6n\u00f6sen t\u00e1mogat\u00f3, szeretetteljes kapcsol\u00f3d\u00e1sokat l\u00e9trehozni, meg\u00e9lni a mindennapjaidban j\u00e1tszm\u00e1k, al\u00e1-, f\u00f6l\u00e9 rendelt \u00e9s f\u00e9lelemt\u0151l vez\u00e9relt kapcsolatok helyett,<\/span><\/li><li><span style=\"font-family: 'comic sans ms', sans-serif; color: #000080;\">Szeretn\u00e9l tudni m\u00e9lyebben kapcsol\u00f3dni \u00f6nmagaddal is \u2013 az \u00e9rz\u00e9seiddel \u2013 b\u00e1rmilyenek is, er\u0151forr\u00e1saiddal, v\u00e1gyaiddal elfogad\u00e1ssal \u00e9s azt tudni megfogalmazni a k\u00f6r\u00fcl\u00f6tted \u00e9l\u0151knek is k\u00f6vetel\u00e9s \u00e9s b\u00edr\u00e1lat n\u00e9lk\u00fcl,<\/span><\/li><li><span style=\"font-family: 'comic sans ms', sans-serif; color: #000080;\">Tudni kimondani tal\u00e1n azt is, amit most m\u00e9g meg sem tudsz fogalmazni, csak valahol \u00e9rzed, \u201eez \u00edgy nincs j\u00f3l\u201d,<\/span><\/li><li><span style=\"color: #000080;\"><span style=\"font-family: 'comic sans ms', sans-serif;\">Megtapasztalni a Saj\u00e1t Bels\u0151 Er\u0151det, hat\u00e1ssal lenni a t\u00f6rt\u00e9n\u00e9sekre abba az ir\u00e1nyba, amelybe menni szeretn\u00e9l, ...<\/span>\u00e9s mindez \u00e1ltal...<\/span><\/li><li><span style=\"font-family: 'comic sans ms', sans-serif; color: #000080;\">T\u00f6bb \u00f6r\u00f6m\u00f6t, el\u00e9gedetts\u00e9get, nagyobb bels\u0151 b\u00e9k\u00e9t meg\u00e9lni a mindennapokban!<\/span><\/li><\/ul><p>J\u00f3magam nagyon sok bukd\u00e1csol\u00e1son, f\u00e9lelmen, kih\u00edv\u00e1son kereszt\u00fcl tanultam meg \u00e9s tanulom tov\u00e1bb &nbsp;egyre ink\u00e1bb Meghallani \u00d6nmagam (ha \u00fagy tetszik a Lelkem hangj\u00e1t).<\/p><p>Sokszor \u00e9s sokat f\u00e9ltem. Azt is mondhatn\u00e1m, hogy a mindennapjaimban a f\u00e9lelem \u00e9s fesz\u00fclts\u00e9g volt a l\u00e9t-\u00e9lm\u00e9nyem. Legink\u00e1bb bels\u0151 b\u00e9k\u00e9re, kiny\u00edl\u00e1sra, felszabadults\u00e1gra \u00e9s k\u00f6nnyeds\u00e9gre v\u00e1gytam. Tiszt\u00e1nl\u00e1t\u00e1st \u00e9s meg\u00e9rt\u00e9st szerettem volna a t\u00f6rt\u00e9n\u00e9sekre \u00e9s a kapcsolataimban. Rengeteg emp\u00e1ti\u00e1ra \u2013 gy\u00f3gyul\u00e1sra - volt sz\u00fcks\u00e9gem ahhoz, hogy \u00fajra felfedezzem a Bennem \u00e9l\u0151 ER\u0150FORR\u00c1SOKAT \u00e9s megtanuljak vel\u00fck kapcsol\u00f3dni, gondoskodni a felt\u00f6t\u00e9s\u00fckr\u0151l. Tudni egyre ink\u00e1bb er\u0151szakmentesen kifejezni ezeket, ki\u00e1llni magam\u00e9rt \u00e9s egy\u00fctt\u00e9rz\u00e9ssel (ak\u00e1r \u00fagy is, hogy nem \u00e9rtek egyet) &nbsp;kapcsol\u00f3dni a m\u00e1sikkal is. Ma egyre csak \u00e1mulok, hogyan k\u00e9pes ez az ER\u0150 kibontakozni, hatni, &nbsp;v\u00e1ltoztatni, k\u00f6nnyedebb\u00e9 tenni az \u00e9letem, (\u00e9s tal\u00e1n mondhatom, hogy az \u00e9let\u00fcnket), ha megtanulom \u00e9rezni, \u00e9rz\u00e9kelni, megtanulok vele, azaz \u00d6NMAGAMMAL TUDATOSAN kapcsol\u00f3dni. Ha bele\u00e1llok a kellemetlen helyzetekbe is, szemben\u00e9zek, m\u00e9g ha f\u00e9lve, rettegve is, de felv\u00e1llalva a meg\u00e9l\u00e9seimet&nbsp; azzal a sz\u00e1nd\u00e9kkal, hogy egyre ink\u00e1bb J\u00d3L-LEGYEK \u00e9s J\u00d3L-LEGY\u00c9L, azaz &nbsp;EGYFORM\u00c1N FONTOS MINDANNYIUNK J\u00d3L-L\u00c9TE \u00e9s&nbsp; hogy v\u00e9gre helyre\u00e1lljon a REND!<\/p><p><em><span style=\"color: #000080;\"><strong>Ebben a folyamatban tudok Neked is seg\u00edteni a figyelmem, \u00e9rz\u00e9kenys\u00e9gem, &nbsp;tud\u00e1som \u00e9s tapasztal\u00e1som \u00e1ltal. <\/strong><\/span><\/em><\/p><p><span style=\"color: #c28119;\"><em><strong>Mindezt legf\u0151k\u00e9ppen \u00d6nismereti, kommunik\u00e1ci\u00f3s k\u00e9pz\u00e9sek- (az <a style=\"color: #c28119;\" href=\"http:\/\/empatia-plus.sk\/?page_id=151\">Er\u0151szakmentes Kommunik\u00e1ci\u00f3 szeml\u00e9letm\u00f3dj\u00e1val<\/a>), <a style=\"color: #c28119;\" href=\"http:\/\/empatia-plus.sk\/?page_id=87\">Integr\u00e1l szeml\u00e9let\u0171 Csal\u00e1d\u00e1ll\u00edt\u00e1s-<\/a> \u00e9s <a style=\"color: #c28119;\" href=\"http:\/\/empatia-plus.sk\/?page_id=89\">Egy\u00e9ni konzult\u00e1ci\u00f3 form\u00e1j\u00e1ban.&nbsp;<\/a><\/strong><\/em><\/span><\/p><p>L\u00e9pj beljebb, inspir\u00e1l\u00f3dj \u00e9s keress b\u00e1tran!<\/p><p>\u00c9va<\/p><p>A programokr\u00f3l <a href=\"http:\/\/empatia-plus.sk\/?page_id=30\">itt<\/a>, r\u00f3lam<a href=\"http:\/\/empatia-plus.sk\/?page_id=141\"> itt<\/a> olvashatsz t\u00f6bbet, ha felvenn\u00e9d a kapcsolatot velem, <a href=\"http:\/\/empatia-plus.sk\/?page_id=46\">itt<\/a> tudod megtenni!<\/p><\/div><\/div><\/div><\/div><\/div><div class=\"vce-col vce-col--md-auto vce-col--xs-1 vce-col--xs-last vce-col--xs-first vce-col--sm-last vce-col--sm-first vce-col--md-last vce-col--lg-last vce-col--xl-last\" id=\"el-7e76cdc3\"><div class=\"vce-col-inner\" data-vce-do-apply=\"border margin background  el-7e76cdc3\"><div class=\"vce-col-content\" data-vce-element-content=\"true\" data-vce-do-apply=\"padding el-7e76cdc3\"><div class=\"vce-text-block\"><div class=\"vce-text-block-wrapper vce\" id=\"el-9a6fb23d\" data-vce-do-apply=\"all el-9a6fb23d\"><h3><strong><span style=\"font-family: inherit;\"><em><span style=\"color: #000080;\">Aktualit\u00e1sok:<\/span><\/em><\/span><\/strong><\/h3><\/div><\/div><div class=\"vce-text-block\"><div class=\"vce-text-block-wrapper vce\" id=\"el-950cd2f0\" data-vce-do-apply=\"all el-950cd2f0\"><\/div><\/div><div class=\"vce-text-block\"><div class=\"vce-text-block-wrapper vce\" id=\"el-d339e911\" data-vce-do-apply=\"all el-d339e911\"><h2>&nbsp;<\/h2><h2 style=\"text-align: center;\"><span style=\"color: #94230f;\"><strong><em>El\u00e9rhet\u0151! <\/em><\/strong><\/span><\/h2><h3 style=\"text-align: center;\"><span style=\"color: #94230f;\"><strong><em>INGYENESEN LET\u00d6LTHET\u0150 - \"kalauz\"!<\/em><\/strong><\/span><\/h3><h2>&nbsp;<\/h2><\/div><\/div><div class=\"vce-button--style-basic-container vce-button--style-basic-container--align-center\"><span class=\"vce-button--style-basic-wrapper vce\" id=\"el-0893492a\" data-vce-do-apply=\"margin el-0893492a\"><a class=\"vce-button vce-button--style-basic vce-button--style-basic--border-round vce-button--style-basic--size-medium vce-button--style-basic--color-557cbf--fff\" href=\"https:\/\/dashboard.mailerlite.com\/forms\/767160\/111698928513058800\/share\" title=\"\" data-vce-do-apply=\"padding border background  el-0893492a\">K\u00c9REM az INGYENES KALAUZT!<\/a><\/span><\/div><div class=\"vce-single-image-container vce-single-image--align-left\"><div class=\"vce vce-single-image-wrapper\" id=\"el-574eb0ee\" data-vce-do-apply=\"all el-574eb0ee\"><figure><div class=\"vce-single-image-figure-inner\" style=\"width: 528px;\"><a href=\"https:\/\/landing.mailerlite.com\/webforms\/landing\/y0d4r0\" title=\"\" target=\"_blank\" class=\"vce-single-image-inner vce-single-image--absolute\" style=\"width: 100%; padding-bottom: 133.144%;\"><img fetchpriority=\"high\" decoding=\"async\" class=\"vce-single-image\"  width=\"528\" height=\"703\" srcset=\"https:\/\/empatia-plus.sk\/wp-content\/uploads\/2022\/09\/308243014_5745449525500605_6624300217441959169_n-528x540.png 528w, https:\/\/empatia-plus.sk\/wp-content\/uploads\/2025\/02\/308243014_5745449525500605_6624300217441959169_n-320x426.png 320w, https:\/\/empatia-plus.sk\/wp-content\/uploads\/2025\/02\/308243014_5745449525500605_6624300217441959169_n-480x639.png 480w\" src=\"https:\/\/empatia-plus.sk\/wp-content\/uploads\/2022\/09\/308243014_5745449525500605_6624300217441959169_n-528x540.png\" data-img-src=\"https:\/\/empatia-plus.sk\/wp-content\/uploads\/2022\/09\/308243014_5745449525500605_6624300217441959169_n.png\" data-attachment-id=\"840\"  alt=\"\" title=\"308243014_5745449525500605_6624300217441959169_n\" \/><\/a><\/div><figcaption hidden=\"\"><\/figcaption><\/figure><\/div><\/div><\/div><\/div><\/div><\/div><\/div><\/div><div class=\"vce-row-container\" data-vce-boxed-width=\"true\"><div class=\"vce-row vce-row--col-gap-30 vce-row-equal-height vce-row-content--top\" id=\"el-f86b6d36\" data-vce-do-apply=\"all el-f86b6d36\"><div class=\"vce-row-content\" data-vce-element-content=\"true\"><div class=\"vce-col vce-col--md-auto vce-col--xs-1 vce-col--xs-last vce-col--xs-first vce-col--sm-last vce-col--sm-first vce-col--md-last vce-col--lg-last vce-col--xl-last vce-col--md-first vce-col--lg-first vce-col--xl-first\" id=\"el-bf82240c\"><div class=\"vce-col-inner\" data-vce-do-apply=\"border margin background  el-bf82240c\"><div class=\"vce-col-content\" data-vce-element-content=\"true\" data-vce-do-apply=\"padding el-bf82240c\"><div class=\"vcv-row-control-wrapper\"><\/div><\/div><\/div><\/div><\/div><\/div><\/div><div class=\"vce-row-container\" data-vce-boxed-width=\"true\"><div class=\"vce-row vce-row--col-gap-30 vce-row-equal-height vce-row-content--top\" id=\"el-ba26cad8\" data-vce-do-apply=\"all el-ba26cad8\"><div class=\"vce-row-content\" data-vce-element-content=\"true\"><div class=\"vce-col vce-col--md-auto vce-col--xs-1 vce-col--xs-last vce-col--xs-first vce-col--sm-last vce-col--sm-first vce-col--md-last vce-col--lg-last vce-col--xl-last vce-col--md-first vce-col--lg-first vce-col--xl-first\" id=\"el-b0a85fc6\"><div class=\"vce-col-inner\" data-vce-do-apply=\"border margin background  el-b0a85fc6\"><div class=\"vce-col-content\" data-vce-element-content=\"true\" data-vce-do-apply=\"padding el-b0a85fc6\"><div class=\"vcv-row-control-wrapper\"><\/div><\/div><\/div><\/div><\/div><\/div><\/div>","protected":false},"excerpt":{"rendered":"<p>K\u00e9rem az Ingyenes Konfliktus-Kalauzt!Szeretettel k\u00f6sz\u00f6ntelek!&nbsp;A k\u00f6vetkez\u0151 oldalakon Hozz\u00e1d is sz\u00f3lok, ha:Elf\u00e1radt\u00e1l a \u201ek\u00f6rbe-k\u00f6rbe\u201d ism\u00e9tl\u0151d\u0151 helyzetekt\u0151l az \u00e9letedben \u00e9s j\u00f3 lenne m\u00e1r el\u0151rel\u00e9pni,Szeretn\u00e9l val\u00f3di, \u0151szinte \u00e9s k\u00f6lcs\u00f6n\u00f6sen t\u00e1mogat\u00f3, szeretetteljes kapcsol\u00f3d\u00e1sokat l\u00e9trehozni, meg\u00e9lni a mindennapjaidban j\u00e1tszm\u00e1k, al\u00e1-, f\u00f6l\u00e9 rendelt \u00e9s f\u00e9lelemt\u0151l vez\u00e9relt kapcsolatok helyett,Szeretn\u00e9l tudni m\u00e9lyebben kapcsol\u00f3dni \u00f6nmagaddal is \u2013 az \u00e9rz\u00e9seiddel \u2013 b\u00e1rmilyenek is, er\u0151forr\u00e1saiddal, v\u00e1gyaiddal elfogad\u00e1ssal \u00e9s azt tudni megfogalmazni a k\u00f6r\u00fcl\u00f6tted \u00e9l\u0151knek is k\u00f6vetel\u00e9s \u00e9s b\u00edr\u00e1lat n\u00e9lk\u00fcl,Tudni kimondani tal\u00e1n azt is, amit most m\u00e9g meg sem tudsz fogalmazni, csak valahol \u00e9rzed, \u201eez \u00edgy nincs j\u00f3l\u201d,Megtapasztalni a Saj\u00e1t Bels\u0151 Er\u0151det, hat\u00e1ssal lenni a t\u00f6rt\u00e9n\u00e9sekre abba az ir\u00e1nyba, amelybe menni szeretn\u00e9l, &#8230;\u00e9s mindez \u00e1ltal&#8230;T\u00f6bb \u00f6r\u00f6m\u00f6t, el\u00e9gedetts\u00e9get, nagyobb bels\u0151 b\u00e9k\u00e9t meg\u00e9lni a mindennapokban!J\u00f3magam nagyon sok bukd\u00e1csol\u00e1son, f\u00e9lelmen, kih\u00edv\u00e1son kereszt\u00fcl tanultam meg \u00e9s tanulom tov\u00e1bb &nbsp;egyre ink\u00e1bb Meghallani \u00d6nmagam (ha \u00fagy tetszik a Lelkem hangj\u00e1t).Sokszor \u00e9s sokat f\u00e9ltem. Azt is mondhatn\u00e1m, hogy a mindennapjaimban a f\u00e9lelem \u00e9s fesz\u00fclts\u00e9g volt a l\u00e9t-\u00e9lm\u00e9nyem. Legink\u00e1bb bels\u0151 b\u00e9k\u00e9re, kiny\u00edl\u00e1sra, felszabadults\u00e1gra \u00e9s k\u00f6nnyeds\u00e9gre v\u00e1gytam. Tiszt\u00e1nl\u00e1t\u00e1st \u00e9s meg\u00e9rt\u00e9st szerettem volna a t\u00f6rt\u00e9n\u00e9sekre \u00e9s a kapcsolataimban. Rengeteg emp\u00e1ti\u00e1ra \u2013 gy\u00f3gyul\u00e1sra &#8211; volt sz\u00fcks\u00e9gem ahhoz, hogy \u00fajra felfedezzem a Bennem \u00e9l\u0151 ER\u0150FORR\u00c1SOKAT \u00e9s megtanuljak vel\u00fck kapcsol\u00f3dni, gondoskodni a felt\u00f6t\u00e9s\u00fckr\u0151l. Tudni egyre ink\u00e1bb er\u0151szakmentesen kifejezni ezeket, ki\u00e1llni magam\u00e9rt \u00e9s egy\u00fctt\u00e9rz\u00e9ssel (ak\u00e1r \u00fagy is, hogy nem \u00e9rtek egyet) &nbsp;kapcsol\u00f3dni a m\u00e1sikkal is. Ma egyre csak \u00e1mulok, hogyan k\u00e9pes ez az ER\u0150 kibontakozni, hatni, &nbsp;v\u00e1ltoztatni, k\u00f6nnyedebb\u00e9 tenni az \u00e9letem, (\u00e9s tal\u00e1n mondhatom, hogy az \u00e9let\u00fcnket), ha megtanulom \u00e9rezni, \u00e9rz\u00e9kelni, megtanulok vele, azaz \u00d6NMAGAMMAL TUDATOSAN kapcsol\u00f3dni. Ha bele\u00e1llok a kellemetlen helyzetekbe is, szemben\u00e9zek, m\u00e9g ha f\u00e9lve, rettegve is, de felv\u00e1llalva a meg\u00e9l\u00e9seimet&nbsp; azzal a sz\u00e1nd\u00e9kkal, hogy egyre ink\u00e1bb J\u00d3L-LEGYEK \u00e9s J\u00d3L-LEGY\u00c9L, azaz &nbsp;EGYFORM\u00c1N FONTOS MINDANNYIUNK J\u00d3L-L\u00c9TE \u00e9s&nbsp; hogy v\u00e9gre helyre\u00e1lljon a REND!Ebben a folyamatban tudok Neked is seg\u00edteni a figyelmem, \u00e9rz\u00e9kenys\u00e9gem, &nbsp;tud\u00e1som \u00e9s tapasztal\u00e1som \u00e1ltal. Mindezt legf\u0151k\u00e9ppen \u00d6nismereti, kommunik\u00e1ci\u00f3s k\u00e9pz\u00e9sek- (az Er\u0151szakmentes Kommunik\u00e1ci\u00f3 szeml\u00e9letm\u00f3dj\u00e1val), Integr\u00e1l szeml\u00e9let\u0171 Csal\u00e1d\u00e1ll\u00edt\u00e1s- \u00e9s Egy\u00e9ni konzult\u00e1ci\u00f3 form\u00e1j\u00e1ban.&nbsp;L\u00e9pj beljebb, inspir\u00e1l\u00f3dj \u00e9s keress b\u00e1tran!\u00c9vaA programokr\u00f3l itt, r\u00f3lam itt olvashatsz t\u00f6bbet, ha felvenn\u00e9d a kapcsolatot velem, itt tudod megtenni!Aktualit\u00e1sok:&nbsp;El\u00e9rhet\u0151! INGYENESEN LET\u00d6LTHET\u0150 &#8211; &#8222;kalauz&#8221;!&nbsp;K\u00c9REM az INGYENES KALAUZT!<\/p>\n","protected":false},"author":2,"featured_media":0,"parent":0,"menu_order":0,"comment_status":"closed","ping_status":"closed","template":"","meta":{"footnotes":""},"class_list":["post-15","page","type-page","status-publish","hentry"],"_links":{"self":[{"href":"https:\/\/empatia-plus.sk\/index.php?rest_route=\/wp\/v2\/pages\/15","targetHints":{"allow":["GET"]}}],"collection":[{"href":"https:\/\/empatia-plus.sk\/index.php?rest_route=\/wp\/v2\/pages"}],"about":[{"href":"https:\/\/empatia-plus.sk\/index.php?rest_route=\/wp\/v2\/types\/page"}],"author":[{"embeddable":true,"href":"https:\/\/empatia-plus.sk\/index.php?rest_route=\/wp\/v2\/users\/2"}],"replies":[{"embeddable":true,"href":"https:\/\/empatia-plus.sk\/index.php?rest_route=%2Fwp%2Fv2%2Fcomments&post=15"}],"version-history":[{"count":84,"href":"https:\/\/empatia-plus.sk\/index.php?rest_route=\/wp\/v2\/pages\/15\/revisions"}],"predecessor-version":[{"id":2220,"href":"https:\/\/empatia-plus.sk\/index.php?rest_route=\/wp\/v2\/pages\/15\/revisions\/2220"}],"wp:attachment":[{"href":"https:\/\/empatia-plus.sk\/index.php?rest_route=%2Fwp%2Fv2%2Fmedia&parent=15"}],"curies":[{"name":"wp","href":"https:\/\/api.w.org\/{rel}","templated":true}]}}