{"id":141,"date":"2021-02-27T16:19:50","date_gmt":"2021-02-27T15:19:50","guid":{"rendered":"http:\/\/empatia-plus.sk\/?page_id=141"},"modified":"2021-07-05T16:14:31","modified_gmt":"2021-07-05T14:14:31","slug":"rolam-kuldetesem","status":"publish","type":"page","link":"https:\/\/empatia-plus.sk\/?page_id=141","title":{"rendered":"R\u00f3lam-K\u00fcldet\u00e9sem"},"content":{"rendered":"<div class=\"vce-row-container\" data-vce-boxed-width=\"true\"><div class=\"vce-row vce-row--col-gap-30 vce-row-equal-height vce-row-columns--top vce-row-content--top\" id=\"el-dbc3571f\" data-vce-do-apply=\"all el-dbc3571f\"><div class=\"vce-row-content\" data-vce-element-content=\"true\"><div class=\"vce-col vce-col--md-auto vce-col--xs-1 vce-col--xs-last vce-col--xs-first vce-col--sm-last vce-col--sm-first vce-col--md-last vce-col--lg-last vce-col--xl-last vce-col--md-first vce-col--lg-first vce-col--xl-first\" id=\"el-01e2604c\"><div class=\"vce-col-inner\" data-vce-do-apply=\"border margin background  el-01e2604c\"><div class=\"vce-col-content\" data-vce-element-content=\"true\" data-vce-do-apply=\"padding el-01e2604c\"><div class=\"vce-text-block\"><div class=\"vce-text-block-wrapper vce\" id=\"el-1e618c40\" data-vce-do-apply=\"all el-1e618c40\"><h3>\"<em>Akkor tudom a legt\u00f6bbet adni \u00f6nmagamb\u00f3l, ha \u00e9n j\u00f3l vagyok! Ez\u00e9rt a legt\u00f6bb, amit tehetek, hogy mindent megteszek \u00d6nmagam j\u00f3l-l\u00e9t\u00e9\u00e9rt!\"<\/em><\/h3><\/div><\/div><\/div><\/div><\/div><\/div><\/div><\/div><div class=\"vce-row-container\" data-vce-boxed-width=\"true\"><div class=\"vce-row vce-row--col-gap-30 vce-row-equal-height vce-row-columns--top vce-row-content--top\" id=\"el-3467d461\" data-vce-do-apply=\"all el-3467d461\"><div class=\"vce-row-content\" data-vce-element-content=\"true\"><div class=\"vce-col vce-col--md-auto vce-col--xs-1 vce-col--xs-last vce-col--xs-first vce-col--sm-last vce-col--sm-first vce-col--md-first vce-col--lg-first vce-col--xl-first\" id=\"el-6ba1f06a\"><div class=\"vce-col-inner\" data-vce-do-apply=\"border margin background  el-6ba1f06a\"><div class=\"vce-col-content\" data-vce-element-content=\"true\" data-vce-do-apply=\"padding el-6ba1f06a\"><div class=\"vce-text-block\"><div class=\"vce-text-block-wrapper vce\" id=\"el-9aafea96\" data-vce-do-apply=\"all el-9aafea96\"><h4 class=\"has-text-align-center\"><span style=\"font-size: 24pt;\"><em>Szeretettel k\u00f6sz\u00f6ntelek!<\/em><\/span><\/h4>\n<p>&nbsp;<\/p>\n<p><!-- \/wp:heading --><!-- wp:paragraph --><\/p>\n<p><strong><span style=\"font-size: 14pt;\"><em>Lukovics \u00c9va vagyok \u2013 EMK tr\u00e9ner, Csal\u00e1d\u00e1ll\u00edt\u00f3 \u00e9s Coach<\/em><\/span><\/strong><\/p>\n<p><!-- \/wp:paragraph --><!-- wp:paragraph {\"align\":\"center\"} --><\/p>\n<p class=\"has-text-align-center\"><span style=\"color: #0000ff;\"><em><strong><span class=\"has-inline-color\">... tev\u00e9kenys\u00e9gem az \u00d6nmagad- \u00e9s kapcsolataid meg\u00e9rt\u00e9s\u00e9nek \u00e9s felszabad\u00edt\u00e1s\u00e1nak szolg\u00e1lat\u00e1ban v\u00e9gzem<\/span><\/strong><\/em>...<\/span><\/p>\n<p><!-- \/wp:paragraph --><!-- wp:paragraph {\"align\":\"center\"} --><\/p>\n<p>&nbsp;<\/p>\n<p class=\"has-text-align-center\">K\u00f6zgazd\u00e1sz m\u00e9rn\u00f6k - tan\u00e1rk\u00e9nt v\u00e9geztem az egyetemen \u00e9s nagyon szerettem a&nbsp;pedag\u00f3gusi tev\u00e9kenys\u00e9gem, mik\u00f6zben a&nbsp;saj\u00e1t mindennapos meg\u00e9l\u00e9seimmel, konfliktusaimmal, f\u00e9lelmeimmel kapcsolatban kerestem megold\u00e1sokat, ill. olyan, sz\u00e1momra fontos&nbsp;k\u00e9rd\u00e9sek foglalkoztattak, mint pl. a \u201eKi vagyok \u00e9n val\u00f3j\u00e1ban?\u201c, \u201eMi a&nbsp;dolgom?\u201c, \u201eMi\u00e9rt t\u00f6rt\u00e9nnek velem azok a&nbsp;dolgok, amik t\u00f6rt\u00e9nnek?\u201c, \u201eHogyan tudom mindezt befoly\u00e1solni?\u201c.<\/p>\n<p><!-- \/wp:paragraph --><!-- wp:paragraph {\"align\":\"center\"} --><\/p>\n<p class=\"has-text-align-center\">\u00cdgy p\u00e1rhuzamosan a tan\u00edt\u00e1s mellett elkezdtem keresni \u00f6nismereti utakat, tan\u00edt\u00e1sokat, mentorokat... majd v\u00e1ltottam a tev\u00e9kenys\u00e9gemben is... Elkezdtem beteljes\u00edteni a k\u00fcldet\u00e9sem...<\/p>\n<p><!-- \/wp:paragraph --><!-- wp:paragraph {\"align\":\"center\"} --><\/p>\n<p class=\"has-text-align-center\">2008-ban tal\u00e1lkoztam az Er\u0151szakmentes kommunik\u00e1ci\u00f3val \u00e9s szoktam mondani, hogy szerelem volt az els\u0151 olvas\u00e1sra,majd hall\u00e1sra \u00e9s ez a&nbsp;szerelem a&nbsp;mai napig tart.<\/p>\n<p><!-- \/wp:paragraph --><!-- wp:paragraph --><\/p>\n<p>(Az EMK-r\u00f3l b\u0151vebben <a href=\"http:\/\/empatia-plus.sk\/?page_id=151\">itt<\/a> tudsz olvasni \u00e9s a&nbsp;k\u00e9pz\u00e9seket <a href=\"http:\/\/empatia-plus.sk\/?page_id=2\">itt<\/a> tudod megn\u00e9zni.)<\/p>\n<p><!-- \/wp:paragraph --><!-- wp:paragraph {\"align\":\"center\"} --><\/p>\n<p class=\"has-text-align-center\">2016-ban az ICF&nbsp;Nemzetk\u00f6zi Coaching Sz\u00f6vets\u00e9g felt\u00e9telei alapj\u00e1n Coach k\u00e9pz\u00e9ssel b\u0151v\u00edtettem a&nbsp;tanulm\u00e1nyaim.<\/p>\n<p><!-- \/wp:paragraph --><!-- wp:paragraph {\"align\":\"center\"} --><\/p>\n<p class=\"has-text-align-center\">Mindemellett foglalkoztatott a&nbsp;Csal\u00e1di Rendszer- \u00e9s rejtett dinamik\u00e1inak megismer\u00e9se - annak hat\u00e1sa az \u00e9let\u00fcnkre, \u00edgy 2016-2018 k\u00f6z\u00f6tt elv\u00e9geztem a&nbsp;Csal\u00e1d\u00e1ll\u00edt\u00e1st Integr\u00e1l Szeml\u00e9letben.<\/p>\n<p><!-- \/wp:paragraph --><!-- wp:paragraph {\"align\":\"center\"} --><\/p>\n<p class=\"has-text-align-center\">(A Csal\u00e1d\u00e1ll\u00edt\u00e1sr\u00f3l <a href=\"http:\/\/empatia-plus.sk\/?page_id=87\">itt<\/a> tudsz t\u00f6bbet olvasni \u00e9s <a href=\"http:\/\/empatia-plus.sk\/?page_id=153\">itt<\/a> tudod megn\u00e9zni az aktu\u00e1lis Csal\u00e1d\u00e1ll\u00edt\u00e1s esem\u00e9nyeit!)<\/p>\n<p><!-- \/wp:paragraph --><!-- wp:paragraph {\"align\":\"center\"} --><\/p>\n<p class=\"has-text-align-center\">Hiszem \u00e9s tapasztalom, hogy a&nbsp;hozott (sokszor gener\u00e1ci\u00f3s) mint\u00e1inkat, reakci\u00f3inkat tudatos\u00edt\u00e1ssal, f\u00e1jdalmaink elismer\u00e9s\u00e9vel, &nbsp;feldolgoz\u00e1s\u00e1val transzform\u00e1lni tudjuk \u00e9letet t\u00e1mogat\u00f3 gondolkod\u00e1sra, cselekedetekre \u00e9s kommunik\u00e1ci\u00f3ra. &nbsp;Ezt a hitvall\u00e1somat gyakorlom a mindennapokban \u00e9s ebben seg\u00edtek a hozz\u00e1m forudl\u00f3knak.<\/p>\n<p><!-- \/wp:paragraph --><!-- wp:paragraph {\"align\":\"center\"} --><\/p>\n<p class=\"has-text-align-center\">2009 \u00f3ta dolgozom tr\u00e9nerk\u00e9nt, 2020 janu\u00e1rj\u00e1t\u00f3l \u00f6n\u00e1ll\u00f3an. T\u00f6bb, mint ezer megtartott tr\u00e9ning\u00f3ra van m\u00f6g\u00f6ttem, t\u00f6bb, mint 1000 r\u00e9sztvev\u0151vel.<\/p>\n<p><!-- \/wp:paragraph --><!-- wp:paragraph {\"align\":\"center\"} --><\/p>\n<p class=\"has-text-align-center\">Er\u0151szakmentes kommunik\u00e1ci\u00f3t \u00e9s arra \u00e9p\u00fcl\u0151 \u00f6nismereti k\u00e9pz\u00e9seket-, csal\u00e1d\u00e1ll\u00edt\u00e1sokat- \u00e9s egy\u00e9ni konzult\u00e1ci\u00f3kat\/coachingot tartok.<\/p>\n<p><!-- \/wp:paragraph --><!-- wp:paragraph {\"align\":\"center\"} --><\/p>\n<p class=\"has-text-align-center\">Folyamatos mentori programban fejlesztem magam tov\u00e1bb, nemzetk\u00f6zileg elismert tr\u00e9nerekkel. <em>Jelenleg az EMK Vil\u00e1gk\u00f6zpont (www.cnvc.org) \u00e1ltali nemzetk\u00f6zi tr\u00e9neri akkredit\u00e1ci\u00f3 folyamat\u00e1nak felt\u00e9leit teljes\u00edtem.<\/em><\/p>\n<p><!-- \/wp:paragraph --><!-- wp:paragraph {\"align\":\"center\"} --><\/p>\n<p class=\"has-text-align-center\"><strong><em><span class=\"has-inline-color has-vivid-cyan-blue-color\">K\u00fcldet\u00e9sem: seg\u00edteni a hozz\u00e1m fordul\u00f3kat \u00f6sszekapcsol\u00f3dni \u00f6nmagukkal, \u00e9rz\u00e9seikkel \u00e9s ig\u00e9nyeikkel \u00e9s az mellett tudni ki\u00e1llni... tudni kimondani azt, ami f\u00e1j (\u00e9s tal\u00e1n azt is, amit n\u00e9ha m\u00e9g megfogalmazni is neh\u00e9z...), felel\u0151ss\u00e9get v\u00e1llalni a saj\u00e1t meg\u00e9l\u00e9seik\u00e9rt, megtapasztalni a saj\u00e1t befoly\u00e1sol\u00f3 erej\u00fcket azokban a helyzetekben is, amelyek kih\u00edv\u00e1sokkal j\u00e1rnak, ismeretlenek... t\u00e1mogatva mindezzel az egyre nagyobb kiteljesed\u00e9s\u00fcket \u00e9s t\u00f6bb szeretet meg\u00e9l\u00e9s\u00e9t a Mindennapokban.<\/span><\/em><\/strong><\/p>\n<p><!-- \/wp:paragraph --><!-- wp:paragraph {\"align\":\"center\"} --><\/p>\n<p class=\"has-text-align-center\">Ha elakadt\u00e1l \u00e9s szeretn\u00e9l nagyobb meg\u00e9rt\u00e9s \u00f6nmagaddal \u00e9s a kapcsolataiddal kapcsolatban, szeretettel l\u00e1tlak a k\u00e9pz\u00e9sek valamelyik\u00e9ben (<a href=\"http:\/\/empatia-plus.sk\/?page_id=30\">itt<\/a>), vagy egy\u00e9ni konzult\u00e1ci\u00f3ban! Keress b\u00e1tran <a href=\"http:\/\/empatia-plus.sk\/?page_id=46\">itt<\/a> vagy Messenger \u00fczenetben!<\/p>\n<p>Szeretettel,<\/p>\n<p><!-- \/wp:paragraph --><!-- wp:paragraph --><\/p>\n<p>\u00c9va<\/p><\/div><\/div><\/div><\/div><\/div><div class=\"vce-col vce-col--md-auto vce-col--xs-1 vce-col--xs-last vce-col--xs-first vce-col--sm-last vce-col--sm-first vce-col--md-last vce-col--lg-last vce-col--xl-last\" id=\"el-835648d8\"><div class=\"vce-col-inner\" data-vce-do-apply=\"border margin background  el-835648d8\"><div class=\"vce-col-content\" data-vce-element-content=\"true\" data-vce-do-apply=\"padding el-835648d8\"><div class=\"vce-text-block\"><div class=\"vce-text-block-wrapper vce\" id=\"el-ac5d4291\" data-vce-do-apply=\"all el-ac5d4291\"><\/div><\/div><div class=\"vce-text-block\"><div class=\"vce-text-block-wrapper vce\" id=\"el-5526866a\" data-vce-do-apply=\"all el-5526866a\"><\/div><\/div><div class=\"vce-single-image-container vce-single-image--align-left\"><div class=\"vce vce-single-image-wrapper\" id=\"el-112e8dc7\" data-vce-do-apply=\"all el-112e8dc7\"><figure><div class=\"vce-single-image-inner vce-single-image--absolute\" style=\"padding-bottom: 125.185%; width: 675px;\"><img fetchpriority=\"high\" decoding=\"async\" class=\"vce-single-image\" width=\"675\" height=\"845\" src=\"https:\/\/empatia-plus.sk\/wp-content\/uploads\/2021\/07\/209674804_535302907510345_4442433021691808348_n-675x845.jpg\" srcset=\"https:\/\/empatia-plus.sk\/wp-content\/uploads\/2021\/07\/209674804_535302907510345_4442433021691808348_n-320x401.jpg 320w,https:\/\/empatia-plus.sk\/wp-content\/uploads\/2021\/07\/209674804_535302907510345_4442433021691808348_n-480x601.jpg 480w,https:\/\/empatia-plus.sk\/wp-content\/uploads\/2021\/07\/209674804_535302907510345_4442433021691808348_n-675x845.jpg 675w\" data-img-src=\"https:\/\/empatia-plus.sk\/wp-content\/uploads\/2021\/06\/209674804_535302907510345_4442433021691808348_n.jpg\" alt=\"\" title=\"209674804_535302907510345_4442433021691808348_n\" \/><\/div><figcaption hidden=\"\"><\/figcaption><\/figure><\/div><\/div><\/div><\/div><\/div><\/div><\/div><\/div><div class=\"vce-row-container\" data-vce-boxed-width=\"true\"><div class=\"vce-row vce-row--col-gap-30 vce-row-equal-height vce-row-columns--top vce-row-content--top\" id=\"el-a859f8e6\" data-vce-do-apply=\"all el-a859f8e6\"><div class=\"vce-row-content\" data-vce-element-content=\"true\"><div class=\"vce-col vce-col--md-auto vce-col--xs-1 vce-col--xs-last vce-col--xs-first vce-col--sm-last vce-col--sm-first vce-col--md-last vce-col--lg-last vce-col--xl-last vce-col--md-first vce-col--lg-first vce-col--xl-first\" id=\"el-7ddae2ab\"><div class=\"vce-col-inner\" data-vce-do-apply=\"border margin background  el-7ddae2ab\"><div class=\"vce-col-content\" data-vce-element-content=\"true\" data-vce-do-apply=\"padding el-7ddae2ab\"><\/div><\/div><\/div><\/div><\/div><\/div><div class=\"vce-row-container\" data-vce-boxed-width=\"true\"><div class=\"vce-row vce-row--col-gap-30 vce-row-equal-height vce-row-columns--top vce-row-content--top\" id=\"el-9f6b276e\" data-vce-do-apply=\"all el-9f6b276e\"><div class=\"vce-row-content\" data-vce-element-content=\"true\"><div class=\"vce-col vce-col--md-auto vce-col--xs-1 vce-col--xs-last vce-col--xs-first vce-col--sm-last vce-col--sm-first vce-col--md-last vce-col--lg-last vce-col--xl-last vce-col--md-first vce-col--lg-first vce-col--xl-first\" id=\"el-cc86f731\"><div class=\"vce-col-inner\" data-vce-do-apply=\"border margin background  el-cc86f731\"><div class=\"vce-col-content\" data-vce-element-content=\"true\" data-vce-do-apply=\"padding el-cc86f731\"><\/div><\/div><\/div><\/div><\/div><\/div><div class=\"vce-row-container\" data-vce-boxed-width=\"true\"><div class=\"vce-row vce-row--col-gap-30 vce-row-equal-height vce-row-columns--top vce-row-content--top\" id=\"el-ca673ae9\" data-vce-do-apply=\"all el-ca673ae9\"><div class=\"vce-row-content\" data-vce-element-content=\"true\"><div class=\"vce-col vce-col--md-auto vce-col--xs-1 vce-col--xs-last vce-col--xs-first vce-col--sm-last vce-col--sm-first vce-col--md-last vce-col--lg-last vce-col--xl-last vce-col--md-first vce-col--lg-first vce-col--xl-first\" id=\"el-cc553709\"><div class=\"vce-col-inner\" data-vce-do-apply=\"border margin background  el-cc553709\"><div class=\"vce-col-content\" data-vce-element-content=\"true\" data-vce-do-apply=\"padding el-cc553709\"><\/div><\/div><\/div><\/div><\/div><\/div><div class=\"vce-row-container\" data-vce-boxed-width=\"true\"><div class=\"vce-row vce-row--col-gap-30 vce-row-equal-height vce-row-columns--top vce-row-content--top\" id=\"el-dcc6e961\" data-vce-do-apply=\"all el-dcc6e961\"><div class=\"vce-row-content\" data-vce-element-content=\"true\"><div class=\"vce-col vce-col--md-auto vce-col--xs-1 vce-col--xs-last vce-col--xs-first vce-col--sm-last vce-col--sm-first vce-col--md-last vce-col--lg-last vce-col--xl-last vce-col--md-first vce-col--lg-first vce-col--xl-first\" id=\"el-2b24f9c9\"><div class=\"vce-col-inner\" data-vce-do-apply=\"border margin background  el-2b24f9c9\"><div class=\"vce-col-content\" data-vce-element-content=\"true\" data-vce-do-apply=\"padding el-2b24f9c9\"><\/div><\/div><\/div><\/div><\/div><\/div><div class=\"vce-row-container\" data-vce-boxed-width=\"true\"><div class=\"vce-row vce-row--col-gap-30 vce-row-equal-height vce-row-columns--top vce-row-content--top\" id=\"el-3f5c6d4b\" data-vce-do-apply=\"all el-3f5c6d4b\"><div class=\"vce-row-content\" data-vce-element-content=\"true\"><div class=\"vce-col vce-col--md-auto vce-col--xs-1 vce-col--xs-last vce-col--xs-first vce-col--sm-last vce-col--sm-first vce-col--md-last vce-col--lg-last vce-col--xl-last vce-col--md-first vce-col--lg-first vce-col--xl-first\" id=\"el-21ac8b32\"><div class=\"vce-col-inner\" data-vce-do-apply=\"border margin background  el-21ac8b32\"><div class=\"vce-col-content\" data-vce-element-content=\"true\" data-vce-do-apply=\"padding el-21ac8b32\"><\/div><\/div><\/div><\/div><\/div><\/div>","protected":false},"excerpt":{"rendered":"<p>&#8222;Akkor tudom a legt\u00f6bbet adni \u00f6nmagamb\u00f3l, ha \u00e9n j\u00f3l vagyok! Ez\u00e9rt a legt\u00f6bb, amit tehetek, hogy mindent megteszek \u00d6nmagam j\u00f3l-l\u00e9t\u00e9\u00e9rt!&#8221;Szeretettel k\u00f6sz\u00f6ntelek! &nbsp; Lukovics \u00c9va vagyok \u2013 EMK tr\u00e9ner, Csal\u00e1d\u00e1ll\u00edt\u00f3 \u00e9s Coach &#8230; tev\u00e9kenys\u00e9gem az \u00d6nmagad- \u00e9s kapcsolataid meg\u00e9rt\u00e9s\u00e9nek \u00e9s felszabad\u00edt\u00e1s\u00e1nak szolg\u00e1lat\u00e1ban v\u00e9gzem&#8230; &nbsp; K\u00f6zgazd\u00e1sz m\u00e9rn\u00f6k &#8211; tan\u00e1rk\u00e9nt v\u00e9geztem az egyetemen \u00e9s nagyon szerettem a&nbsp;pedag\u00f3gusi tev\u00e9kenys\u00e9gem, mik\u00f6zben a&nbsp;saj\u00e1t mindennapos meg\u00e9l\u00e9seimmel, konfliktusaimmal, f\u00e9lelmeimmel kapcsolatban kerestem megold\u00e1sokat, ill. olyan, sz\u00e1momra fontos&nbsp;k\u00e9rd\u00e9sek foglalkoztattak, mint pl. a \u201eKi vagyok \u00e9n val\u00f3j\u00e1ban?\u201c, \u201eMi a&nbsp;dolgom?\u201c, \u201eMi\u00e9rt t\u00f6rt\u00e9nnek velem azok a&nbsp;dolgok, amik t\u00f6rt\u00e9nnek?\u201c, \u201eHogyan tudom mindezt befoly\u00e1solni?\u201c. \u00cdgy p\u00e1rhuzamosan a tan\u00edt\u00e1s mellett elkezdtem keresni \u00f6nismereti utakat, tan\u00edt\u00e1sokat, mentorokat&#8230; majd v\u00e1ltottam a tev\u00e9kenys\u00e9gemben is&#8230; Elkezdtem beteljes\u00edteni a k\u00fcldet\u00e9sem&#8230; 2008-ban tal\u00e1lkoztam az Er\u0151szakmentes kommunik\u00e1ci\u00f3val \u00e9s szoktam mondani, hogy szerelem volt az els\u0151 olvas\u00e1sra,majd hall\u00e1sra \u00e9s ez a&nbsp;szerelem a&nbsp;mai napig tart. (Az EMK-r\u00f3l b\u0151vebben itt tudsz olvasni \u00e9s a&nbsp;k\u00e9pz\u00e9seket itt tudod megn\u00e9zni.) 2016-ban az ICF&nbsp;Nemzetk\u00f6zi Coaching Sz\u00f6vets\u00e9g felt\u00e9telei alapj\u00e1n Coach k\u00e9pz\u00e9ssel b\u0151v\u00edtettem a&nbsp;tanulm\u00e1nyaim. Mindemellett foglalkoztatott a&nbsp;Csal\u00e1di Rendszer- \u00e9s rejtett dinamik\u00e1inak megismer\u00e9se &#8211; annak hat\u00e1sa az \u00e9let\u00fcnkre, \u00edgy 2016-2018 k\u00f6z\u00f6tt elv\u00e9geztem a&nbsp;Csal\u00e1d\u00e1ll\u00edt\u00e1st Integr\u00e1l Szeml\u00e9letben. (A Csal\u00e1d\u00e1ll\u00edt\u00e1sr\u00f3l itt tudsz t\u00f6bbet olvasni \u00e9s itt tudod megn\u00e9zni az aktu\u00e1lis Csal\u00e1d\u00e1ll\u00edt\u00e1s esem\u00e9nyeit!) Hiszem \u00e9s tapasztalom, hogy a&nbsp;hozott (sokszor gener\u00e1ci\u00f3s) mint\u00e1inkat, reakci\u00f3inkat tudatos\u00edt\u00e1ssal, f\u00e1jdalmaink elismer\u00e9s\u00e9vel, &nbsp;feldolgoz\u00e1s\u00e1val transzform\u00e1lni tudjuk \u00e9letet t\u00e1mogat\u00f3 gondolkod\u00e1sra, cselekedetekre \u00e9s kommunik\u00e1ci\u00f3ra. &nbsp;Ezt a hitvall\u00e1somat gyakorlom a mindennapokban \u00e9s ebben seg\u00edtek a hozz\u00e1m forudl\u00f3knak. 2009 \u00f3ta dolgozom tr\u00e9nerk\u00e9nt, 2020 janu\u00e1rj\u00e1t\u00f3l \u00f6n\u00e1ll\u00f3an. T\u00f6bb, mint ezer megtartott tr\u00e9ning\u00f3ra van m\u00f6g\u00f6ttem, t\u00f6bb, mint 1000 r\u00e9sztvev\u0151vel. Er\u0151szakmentes kommunik\u00e1ci\u00f3t \u00e9s arra \u00e9p\u00fcl\u0151 \u00f6nismereti k\u00e9pz\u00e9seket-, csal\u00e1d\u00e1ll\u00edt\u00e1sokat- \u00e9s egy\u00e9ni konzult\u00e1ci\u00f3kat\/coachingot tartok. Folyamatos mentori programban fejlesztem magam tov\u00e1bb, nemzetk\u00f6zileg elismert tr\u00e9nerekkel. Jelenleg az EMK Vil\u00e1gk\u00f6zpont (www.cnvc.org) \u00e1ltali nemzetk\u00f6zi tr\u00e9neri akkredit\u00e1ci\u00f3 folyamat\u00e1nak felt\u00e9leit teljes\u00edtem. K\u00fcldet\u00e9sem: seg\u00edteni a hozz\u00e1m fordul\u00f3kat \u00f6sszekapcsol\u00f3dni \u00f6nmagukkal, \u00e9rz\u00e9seikkel \u00e9s ig\u00e9nyeikkel \u00e9s az mellett tudni ki\u00e1llni&#8230; tudni kimondani azt, ami f\u00e1j (\u00e9s tal\u00e1n azt is, amit n\u00e9ha m\u00e9g megfogalmazni is neh\u00e9z&#8230;), felel\u0151ss\u00e9get v\u00e1llalni a saj\u00e1t meg\u00e9l\u00e9seik\u00e9rt, megtapasztalni a saj\u00e1t befoly\u00e1sol\u00f3 erej\u00fcket azokban a helyzetekben is, amelyek kih\u00edv\u00e1sokkal j\u00e1rnak, ismeretlenek&#8230; t\u00e1mogatva mindezzel az egyre nagyobb kiteljesed\u00e9s\u00fcket \u00e9s t\u00f6bb szeretet meg\u00e9l\u00e9s\u00e9t a Mindennapokban. Ha elakadt\u00e1l \u00e9s szeretn\u00e9l nagyobb meg\u00e9rt\u00e9s \u00f6nmagaddal \u00e9s a kapcsolataiddal kapcsolatban, szeretettel l\u00e1tlak a k\u00e9pz\u00e9sek valamelyik\u00e9ben (itt), vagy egy\u00e9ni konzult\u00e1ci\u00f3ban! Keress b\u00e1tran itt vagy Messenger \u00fczenetben! Szeretettel, \u00c9va<\/p>\n","protected":false},"author":2,"featured_media":0,"parent":0,"menu_order":0,"comment_status":"closed","ping_status":"closed","template":"","meta":{"footnotes":""},"class_list":["post-141","page","type-page","status-publish","hentry"],"_links":{"self":[{"href":"https:\/\/empatia-plus.sk\/index.php?rest_route=\/wp\/v2\/pages\/141","targetHints":{"allow":["GET"]}}],"collection":[{"href":"https:\/\/empatia-plus.sk\/index.php?rest_route=\/wp\/v2\/pages"}],"about":[{"href":"https:\/\/empatia-plus.sk\/index.php?rest_route=\/wp\/v2\/types\/page"}],"author":[{"embeddable":true,"href":"https:\/\/empatia-plus.sk\/index.php?rest_route=\/wp\/v2\/users\/2"}],"replies":[{"embeddable":true,"href":"https:\/\/empatia-plus.sk\/index.php?rest_route=%2Fwp%2Fv2%2Fcomments&post=141"}],"version-history":[{"count":22,"href":"https:\/\/empatia-plus.sk\/index.php?rest_route=\/wp\/v2\/pages\/141\/revisions"}],"predecessor-version":[{"id":401,"href":"https:\/\/empatia-plus.sk\/index.php?rest_route=\/wp\/v2\/pages\/141\/revisions\/401"}],"wp:attachment":[{"href":"https:\/\/empatia-plus.sk\/index.php?rest_route=%2Fwp%2Fv2%2Fmedia&parent=141"}],"curies":[{"name":"wp","href":"https:\/\/api.w.org\/{rel}","templated":true}]}}