{"id":1379,"date":"2023-10-16T09:20:40","date_gmt":"2023-10-16T07:20:40","guid":{"rendered":"https:\/\/empatia-plus.sk\/?page_id=1379"},"modified":"2023-11-09T17:06:23","modified_gmt":"2023-11-09T16:06:23","slug":"epitsd-a-kapcsolatot-onmagaddal-kapcsolodj-a-bizalmaddal","status":"publish","type":"page","link":"https:\/\/empatia-plus.sk\/?page_id=1379","title":{"rendered":"\u00c9p\u00edtsd a kapcsolatot \u00d6nmagaddal, kapcsol\u00f3dj a bizalmaddal!"},"content":{"rendered":"<div class=\"vce-row-container\" data-vce-boxed-width=\"true\"><div class=\"vce-row vce-row--col-gap-30 vce-row-equal-height vce-row-columns--top vce-row-content--top\" id=\"el-9da55d0c\" data-vce-do-apply=\"all el-9da55d0c\"><div class=\"vce-row-content\" data-vce-element-content=\"true\"><div class=\"vce-col vce-col--md-49-93p vce-col--xs-1 vce-col--xs-last vce-col--xs-first vce-col--sm-last vce-col--sm-first vce-col--md-first vce-col--lg-first vce-col--xl-first\" id=\"el-f27d10f0\"><div class=\"vce-col-inner\" data-vce-do-apply=\"border margin background  el-f27d10f0\"><div class=\"vce-col-content\" data-vce-element-content=\"true\" data-vce-do-apply=\"padding el-f27d10f0\"><div class=\"vce-text-block\"><div class=\"vce-text-block-wrapper vce\" id=\"el-5a8d881b\" data-vce-do-apply=\"all el-5a8d881b\"><p>Ugye egyet\u00e9rthet\u00fcnk abban, hogy \"az&nbsp; \u00f6nmagammal l\u00e9v\u0151 kapcsolatom min\u0151s\u00e9ge&nbsp; nagyban befoly\u00e1solja a b\u00e1rmilyen kapcsolatom min\u0151s\u00e9g\u00e9t is?\"<\/p><p>Ebb\u0151l egyenes ar\u00e1nyban k\u00f6vetkezik, hogy <em><strong>ha jav\u00edtom a kapcsolatot \u00f6nmagammal, emelem azt, akkor k\u00f6nnyedebb, min\u0151s\u00e9gi kapcsol\u00f3d\u00e1sokat &nbsp;\u00e9s besz\u00e9lget\u00e9seket tudok l\u00e9trehozni, ki tudom tenni a hat\u00e1raim,&nbsp; hat\u00e9konyabban tudom befoly\u00e1solni a t\u00f6rt\u00e9n\u00e9seket, d\u00f6nt\u00e9seimet - az \u00e9rt\u00e9keimmel \u00f6sszhangban.<\/strong><\/em><\/p><p>Ez az\u00e9rt izgalmas ter\u00fclet, mert hitem szerint <em><strong>semmire sincs akkora hat\u00e1som az \u00e9letemben, mint \u00f6nmagamra!<\/strong><\/em><\/p><p>Ha egyre ink\u00e1bb elkezdem <em><strong>l\u00e1tni, \u00e9s tapasztalni magamon bel\u00fcl is, konkr\u00e9tan mire van hat\u00e1som \u00e9s azt elkezdem&nbsp; haszn\u00e1lni, val\u00f3j\u00e1ban haszn\u00e1lom az er\u0151met. Kil\u00e9pek az \"\u00e1ldozat\" szerep\u00e9b\u0151l \u00e9s az \"alkot\u00f3ba\" l\u00e9pek.<\/strong><\/em>&nbsp;<\/p><p>Ezzel egyre ink\u00e1bb <em><strong>be tudok foly\u00e1solni t\u00f6rt\u00e9n\u00e9seket,&nbsp; besz\u00e9lget\u00e9seket, kapcsol\u00f3d\u00e1sokat, \u00f6sszhangban az \u00e9rt\u00e9krendemmel.&nbsp;<\/strong><\/em><\/p><p><strong>Akkor javaslom Neked ezt a tr\u00e9ninget, ha<\/strong><\/p><p><em>@ Szeretn\u00e9l szeretetteljesebb lenni \u00f6nmagaddal, \u00e9s most m\u00e9g gyakran sokkal ink\u00e1bb elmarasztalod magad,<\/em><\/p><p><em>@Szeretn\u00e9d l\u00e1tni, \u00e9s tapasztalni a lehet\u0151s\u00e9geid a hib\u00e1k helyett,<\/em><\/p><p><em>@ Van, hogy el sem kezdesz dolgokat az\u00e9rt, mert a f\u00e9lelem megakaszt, pedig nagyon szeretn\u00e9l halad\u00e1st tapasztalni,<\/em><\/p><p><em>@ Szeretn\u00e9d \u00e9rteni magad \u00e9s tudni egy\u00fctt\u00e9rz\u00e9ssel fordulni magadhoz, akkor is, ha valami nem t\u00f6k\u00e9letes! Meg\u00e9lni az \u00f6n\u00e1ll\u00f3s\u00e1got a f\u00fcgg\u0151s\u00e9g helyett,<\/em><\/p><p><em>@ Szeretn\u00e9l tudni kapcsol\u00f3dni ahhoz az er\u0151-forr\u00e1shoz, ami benned \u00e9l, \u00e9s azt tudni b\u00e1rmikor haszn\u00e1lni?!<\/em><\/p><p>Ezt a&nbsp;<strong>\u201efakultat\u00edv\u201d k\u00e9pz\u00e9st akkor aj\u00e1nlom, ha legal\u00e1bb ismered az &nbsp;EMK &nbsp;alapl\u00e9p\u00e9seit - m\u00e9g ha azt nem is gyakoroltad -&nbsp; \u00e9s a fenti k\u00e9rd\u00e9sek T\u00e9ged is GYAKORLATI szinten foglalkoztatnak! <\/strong><\/p><p><em>(legal\u00e1bb egyszer tal\u00e1lkozt\u00e1l velem, vagy valaki m\u00e1son kereszt\u00fcl hallottad, tapasztaltad az EMK l\u00e9p\u00e9seit!)<\/em><\/p><\/div><\/div><div class=\"vce-button--style-basic-container vce-button--style-basic-container--align-center\"><span class=\"vce-button--style-basic-wrapper vce\" id=\"el-84ddc142\" data-vce-do-apply=\"margin el-84ddc142\"><a class=\"vce-button--style-basic vce-button--style-basic--border-round vce-button--style-basic--size-medium vce-button--style-basic--color-557cbf--fff\" href=\"https:\/\/landing.mailerlite.com\/webforms\/landing\/m1k2l5\" title=\"\u00c9p\u00edtsd a kapcsolatot \u00d6nmagaddal, kapcsol\u00f3dj a bizalmaddal!\" data-vce-do-apply=\"padding border background  el-84ddc142\">Jelentkezem a tr\u00e9ningre<\/a><\/span><\/div><\/div><\/div><\/div><div class=\"vce-col vce-col--md-50-07p vce-col--xs-1 vce-col--xs-last vce-col--xs-first vce-col--sm-last vce-col--sm-first vce-col--md-last vce-col--lg-last vce-col--xl-last\" id=\"el-e69d905e\"><div class=\"vce-col-inner\" data-vce-do-apply=\"border margin background  el-e69d905e\"><div class=\"vce-col-content\" data-vce-element-content=\"true\" data-vce-do-apply=\"padding el-e69d905e\"><div class=\"vce-single-image-container vce-single-image--align-left\"><div class=\"vce vce-single-image-wrapper\" id=\"el-b3164c5e\" data-vce-do-apply=\"all el-b3164c5e\"><figure><div class=\"vce-single-image-inner vce-single-image--absolute\" style=\"padding-bottom: 99.3538%; width: 619px;\"><img fetchpriority=\"high\" decoding=\"async\" class=\"vce-single-image\" width=\"619\" height=\"615\" src=\"https:\/\/empatia-plus.sk\/wp-content\/uploads\/2023\/11\/198867803_2954313411495568_8968386016040953490_n-3-619x615.jpg\" srcset=\"https:\/\/empatia-plus.sk\/wp-content\/uploads\/2023\/11\/198867803_2954313411495568_8968386016040953490_n-3-320x318.jpg 320w,https:\/\/empatia-plus.sk\/wp-content\/uploads\/2023\/11\/198867803_2954313411495568_8968386016040953490_n-3-480x477.jpg 480w,https:\/\/empatia-plus.sk\/wp-content\/uploads\/2023\/11\/198867803_2954313411495568_8968386016040953490_n-3-619x615.jpg 619w\" data-img-src=\"https:\/\/empatia-plus.sk\/wp-content\/uploads\/2022\/02\/198867803_2954313411495568_8968386016040953490_n-3.jpg\" alt=\"\" title=\"198867803_2954313411495568_8968386016040953490_n 3\" \/><\/div><figcaption hidden=\"\"><\/figcaption><\/figure><\/div><\/div><\/div><\/div><\/div><\/div><\/div><\/div><div class=\"vce-row-container\" data-vce-boxed-width=\"true\"><div class=\"vce-row vce-row--col-gap-30 vce-row-equal-height vce-row-columns--top vce-row-content--top\" id=\"el-356fae31\" data-vce-do-apply=\"all el-356fae31\"><div class=\"vce-row-content\" data-vce-element-content=\"true\"><div class=\"vce-col vce-col--md-49-93p vce-col--xs-1 vce-col--xs-last vce-col--xs-first vce-col--sm-last vce-col--sm-first vce-col--md-first vce-col--lg-first vce-col--xl-first\" id=\"el-a8b3a6cd\"><div class=\"vce-col-inner\" data-vce-do-apply=\"border margin background  el-a8b3a6cd\"><div class=\"vce-col-content\" data-vce-element-content=\"true\" data-vce-do-apply=\"padding el-a8b3a6cd\"><div class=\"vce-text-block\"><div class=\"vce-text-block-wrapper vce\" id=\"el-a2b561f5\" data-vce-do-apply=\"all el-a2b561f5\"><p>Miut\u00e1n<em><strong> sz\u00e1mtalan f\u00e1jdalmas \u00e9s f\u00e9lelmetes helyzetet oldottam az elm\u00falt \u00e9vekben, amelyekben &nbsp;j\u00f3csk\u00e1n pr\u00f3b\u00e1ra volt t\u00e9ve &nbsp;a bizalmam \u00d6nmagamban, \u00edgy \u201ek\u00e9nytelen voltam\/vagyok\u201c azzal er\u0151teljesen foglalkozni<\/strong><\/em>, <em>hogy a <strong>t\u00f6rt\u00e9n\u00e9sek, \u00e9s az arra adott reakci\u00f3im &nbsp;\u00e1ltalam sokkal ink\u00e1bb befoly\u00e1solhat\u00f3ak lehessenek<\/strong>.<\/em><\/p><p>Ezen kereszt\u00fcl tanulom a&nbsp;gondolataim, hozz\u00e1\u00e1ll\u00e1som, reakci\u00f3im &nbsp;egyre ink\u00e1bb \u00f6sszhangba hozni az&nbsp;\u00e9rt\u00e9keimmel. <strong><em>Ebben m\u00e1r nem csak m\u00e1sok ig\u00e9nyeit, hanem az \u00d6nmagam\u00e9t is figyelembe veszem.<\/em><\/strong><\/p><p><strong>A tr\u00e9ningen a Te konkr\u00e9t elakad\u00e1saiddal, &nbsp;\u00e9lethelyzeteiddel dolgozunk.&nbsp; Meghat\u00e1rozzuk a sz\u00e1nd\u00e9kod (az ir\u00e1nyt, amelybe menni szeretn\u00e9l) \u00e9s megkeress\u00fck azokat a GYAKORLATI megold\u00e1si strat\u00e9gi\u00e1kat, amelyek MOST T\u00e9ged \u00e9s az Er\u0151ddel&nbsp; val\u00f3 kapcsolatot &nbsp;a legink\u00e1bb t\u00e1mogatj\u00e1k!<\/strong><\/p><p><strong><em>Ha \u00fagy \u00e9rzed, elj\u00f6tt az id\u0151, hogy Tegy\u00e9l a Bizalom\u00e9rt, ak\u00e1r az\u00e9rt, hogy az m\u00e9gink\u00e1bb er\u0151s\u00f6dj\u00f6n, ak\u00e1r az\u00e9rt, mert az j\u00f3csk\u00e1n megingott, szeretettel V\u00e1rlak T\u00e9ged is!<\/em><\/strong><\/p><p><strong>A l\u00e9tsz\u00e1m korl\u00e1tozott<\/strong>, hogy mindenkire jusson elegend\u0151 id\u0151! Ha szeretn\u00e9l m\u00e1r ebben el\u0151rel\u00e9pni, gyere, csatlakozz Te is!<\/p><p><strong>A k\u00e9pz\u00e9s teljes \u00e1ra: 135 Eur (2 r\u00e9szletben&nbsp; is fizethet\u0151)<\/strong><\/p><p><strong>Kor\u00e1nkel\u0151 \u00e1ra (nov.12-ig): 125&nbsp; Eur<\/strong><\/p><ol><li><strong> tal\u00e1koz\u00f3:&nbsp; november 17.&nbsp; (p\u00e9ntek) 16,30-20,00<\/strong><\/li><li>A 2. \u00e9s 3. tal\u00e1lkoz\u00f3t k\u00f6z\u00f6sen egyeztetj\u00fck a r\u00e9sztvev\u0151kkel<\/li><\/ol><p>( Kiscsoportban dolgozunk, tapasztalatb\u00f3l tudom, hogy azt k\u00f6nnyed\u00e9n \u00f6sszerakjuk!)<\/p><\/div><\/div><div class=\"vce-button--style-basic-container vce-button--style-basic-container--align-center\"><span class=\"vce-button--style-basic-wrapper vce\" id=\"el-2ac5524f\" data-vce-do-apply=\"margin el-2ac5524f\"><a class=\"vce-button--style-basic vce-button--style-basic--border-round vce-button--style-basic--size-medium vce-button--style-basic--color-557cbf--fff\" href=\"https:\/\/landing.mailerlite.com\/webforms\/landing\/m1k2l5\" title=\"\u00c9p\u00edtsd a kapcsolatot \u00d6nmagaddal, kapcsol\u00f3dj a bizalmaddal!\" data-vce-do-apply=\"padding border background  el-2ac5524f\">Jelentkezem a tr\u00e9ningre<\/a><\/span><\/div><div class=\"vce-text-block\"><div class=\"vce-text-block-wrapper vce\" id=\"el-4319996b\" data-vce-do-apply=\"all el-4319996b\"><p>A k\u00e9pz\u00e9s r\u00e9szek\u00e9nt <em><strong>kapsz egy Munkaf\u00fczetet is&nbsp; gyakorlatokkal \u00e9s az \u00d6nbizalmad t\u00e1mogat\u00f3 k\u00e9rd\u00e9s-sorozattal, \u00e9s egy AJ\u00c1ND\u00c9K MEDIT\u00c1CI\u00d3T IS, amely kifejezetten ehhez a k\u00e9pz\u00e9shez sz\u00fcletett, \u00e9s a BIZALOM VISSZA\u00c9P\u00dcL\u00c9S\u00c9T T\u00c1MOGATJA!<\/strong><\/em><\/p><p><em>A tr\u00e9ning napok k\u00f6z\u00f6tt pedig mini-h\u00e1zi feladat is lesz, amit napi szinten meg fogsz tudni csin\u00e1lni, hogy f\u00f3kuszban maradj!<\/em><\/p><p>&nbsp;<\/p><p>Ha k\u00e9rd\u00e9sed van,&nbsp; \u00edrd meg nekem, k\u00e9rlek, az empatia7@gmail.com emailc\u00edmre! Szeretettel v\u00e1laszolok!&nbsp;<\/p><p>Szeretettel v\u00e1rlak!<\/p><p>\u00c9va<\/p><p>M\u00e9g t\u00f6bb tartalom\u00e9rt csatlakozz hozz\u00e1nk itt is:<\/p><p>\u00c9lhet\u0151bb, er\u0151szakmentesebb mindennapok&nbsp;<a href=\"https:\/\/www.facebook.com\/groups\/471110923583524\">\u00c9lhet\u0151bb, er\u0151szakmentesebb mindennapok | Facebook<\/a><\/p><p>...\u00e9s szeretettel v\u00e1rlak a f\u0151 Fb oldalamon is, k\u00f6vesd be azt is:<\/p><p><a href=\"https:\/\/www.facebook.com\/empatiaplus\">(1) Emp\u00e1tiaplusz - Lukovics \u00c9va | Facebook<\/a><\/p><\/div><\/div><\/div><\/div><\/div><div class=\"vce-col vce-col--md-50-07p vce-col--xs-1 vce-col--xs-last vce-col--xs-first vce-col--sm-last vce-col--sm-first vce-col--md-last vce-col--lg-last vce-col--xl-last\" id=\"el-15a612ce\"><div class=\"vce-col-inner\" data-vce-do-apply=\"border margin background  el-15a612ce\"><div class=\"vce-col-content\" data-vce-element-content=\"true\" data-vce-do-apply=\"padding el-15a612ce\"><\/div><\/div><\/div><\/div><\/div><\/div>\n","protected":false},"excerpt":{"rendered":"<p>Ugye egyet\u00e9rthet\u00fcnk abban, hogy &#8222;az&nbsp; \u00f6nmagammal l\u00e9v\u0151 kapcsolatom min\u0151s\u00e9ge&nbsp; nagyban befoly\u00e1solja a b\u00e1rmilyen kapcsolatom min\u0151s\u00e9g\u00e9t is?&#8221;Ebb\u0151l egyenes ar\u00e1nyban k\u00f6vetkezik, hogy ha jav\u00edtom a kapcsolatot \u00f6nmagammal, emelem azt, akkor k\u00f6nnyedebb, min\u0151s\u00e9gi kapcsol\u00f3d\u00e1sokat &nbsp;\u00e9s besz\u00e9lget\u00e9seket tudok l\u00e9trehozni, ki tudom tenni a hat\u00e1raim,&nbsp; hat\u00e9konyabban tudom befoly\u00e1solni a t\u00f6rt\u00e9n\u00e9seket, d\u00f6nt\u00e9seimet &#8211; az \u00e9rt\u00e9keimmel \u00f6sszhangban.Ez az\u00e9rt izgalmas ter\u00fclet, mert hitem szerint semmire sincs akkora hat\u00e1som az \u00e9letemben, mint \u00f6nmagamra!Ha egyre ink\u00e1bb elkezdem l\u00e1tni, \u00e9s tapasztalni magamon bel\u00fcl is, konkr\u00e9tan mire van hat\u00e1som \u00e9s azt elkezdem&nbsp; haszn\u00e1lni, val\u00f3j\u00e1ban haszn\u00e1lom az er\u0151met. Kil\u00e9pek az &#8222;\u00e1ldozat&#8221; szerep\u00e9b\u0151l \u00e9s az &#8222;alkot\u00f3ba&#8221; l\u00e9pek.&nbsp;Ezzel egyre ink\u00e1bb be tudok foly\u00e1solni t\u00f6rt\u00e9n\u00e9seket,&nbsp; besz\u00e9lget\u00e9seket, kapcsol\u00f3d\u00e1sokat, \u00f6sszhangban az \u00e9rt\u00e9krendemmel.&nbsp;Akkor javaslom Neked ezt a tr\u00e9ninget, ha@ Szeretn\u00e9l szeretetteljesebb lenni \u00f6nmagaddal, \u00e9s most m\u00e9g gyakran sokkal ink\u00e1bb elmarasztalod magad,@Szeretn\u00e9d l\u00e1tni, \u00e9s tapasztalni a lehet\u0151s\u00e9geid a hib\u00e1k helyett,@ Van, hogy el sem kezdesz dolgokat az\u00e9rt, mert a f\u00e9lelem megakaszt, pedig nagyon szeretn\u00e9l halad\u00e1st tapasztalni,@ Szeretn\u00e9d \u00e9rteni magad \u00e9s tudni egy\u00fctt\u00e9rz\u00e9ssel fordulni magadhoz, akkor is, ha valami nem t\u00f6k\u00e9letes! Meg\u00e9lni az \u00f6n\u00e1ll\u00f3s\u00e1got a f\u00fcgg\u0151s\u00e9g helyett,@ Szeretn\u00e9l tudni kapcsol\u00f3dni ahhoz az er\u0151-forr\u00e1shoz, ami benned \u00e9l, \u00e9s azt tudni b\u00e1rmikor haszn\u00e1lni?!Ezt a&nbsp;\u201efakultat\u00edv\u201d k\u00e9pz\u00e9st akkor aj\u00e1nlom, ha legal\u00e1bb ismered az &nbsp;EMK &nbsp;alapl\u00e9p\u00e9seit &#8211; m\u00e9g ha azt nem is gyakoroltad &#8211;&nbsp; \u00e9s a fenti k\u00e9rd\u00e9sek T\u00e9ged is GYAKORLATI szinten foglalkoztatnak! (legal\u00e1bb egyszer tal\u00e1lkozt\u00e1l velem, vagy valaki m\u00e1son kereszt\u00fcl hallottad, tapasztaltad az EMK l\u00e9p\u00e9seit!)Jelentkezem a tr\u00e9ningreMiut\u00e1n sz\u00e1mtalan f\u00e1jdalmas \u00e9s f\u00e9lelmetes helyzetet oldottam az elm\u00falt \u00e9vekben, amelyekben &nbsp;j\u00f3csk\u00e1n pr\u00f3b\u00e1ra volt t\u00e9ve &nbsp;a bizalmam \u00d6nmagamban, \u00edgy \u201ek\u00e9nytelen voltam\/vagyok\u201c azzal er\u0151teljesen foglalkozni, hogy a t\u00f6rt\u00e9n\u00e9sek, \u00e9s az arra adott reakci\u00f3im &nbsp;\u00e1ltalam sokkal ink\u00e1bb befoly\u00e1solhat\u00f3ak lehessenek.Ezen kereszt\u00fcl tanulom a&nbsp;gondolataim, hozz\u00e1\u00e1ll\u00e1som, reakci\u00f3im &nbsp;egyre ink\u00e1bb \u00f6sszhangba hozni az&nbsp;\u00e9rt\u00e9keimmel. Ebben m\u00e1r nem csak m\u00e1sok ig\u00e9nyeit, hanem az \u00d6nmagam\u00e9t is figyelembe veszem.A tr\u00e9ningen a Te konkr\u00e9t elakad\u00e1saiddal, &nbsp;\u00e9lethelyzeteiddel dolgozunk.&nbsp; Meghat\u00e1rozzuk a sz\u00e1nd\u00e9kod (az ir\u00e1nyt, amelybe menni szeretn\u00e9l) \u00e9s megkeress\u00fck azokat a GYAKORLATI megold\u00e1si strat\u00e9gi\u00e1kat, amelyek MOST T\u00e9ged \u00e9s az Er\u0151ddel&nbsp; val\u00f3 kapcsolatot &nbsp;a legink\u00e1bb t\u00e1mogatj\u00e1k!Ha \u00fagy \u00e9rzed, elj\u00f6tt az id\u0151, hogy Tegy\u00e9l a Bizalom\u00e9rt, ak\u00e1r az\u00e9rt, hogy az m\u00e9gink\u00e1bb er\u0151s\u00f6dj\u00f6n, ak\u00e1r az\u00e9rt, mert az j\u00f3csk\u00e1n megingott, szeretettel V\u00e1rlak T\u00e9ged is!A l\u00e9tsz\u00e1m korl\u00e1tozott, hogy mindenkire jusson elegend\u0151 id\u0151! Ha szeretn\u00e9l m\u00e1r ebben el\u0151rel\u00e9pni, gyere, csatlakozz Te is!A k\u00e9pz\u00e9s teljes \u00e1ra: 135 Eur (2 r\u00e9szletben&nbsp; is fizethet\u0151)Kor\u00e1nkel\u0151 \u00e1ra (nov.12-ig): 125&nbsp; Eur tal\u00e1koz\u00f3:&nbsp; november 17.&nbsp; (p\u00e9ntek) 16,30-20,00A 2. \u00e9s 3. tal\u00e1lkoz\u00f3t k\u00f6z\u00f6sen egyeztetj\u00fck a r\u00e9sztvev\u0151kkel( Kiscsoportban dolgozunk, tapasztalatb\u00f3l tudom, hogy azt k\u00f6nnyed\u00e9n \u00f6sszerakjuk!)Jelentkezem a tr\u00e9ningreA k\u00e9pz\u00e9s r\u00e9szek\u00e9nt kapsz egy Munkaf\u00fczetet is&nbsp; gyakorlatokkal \u00e9s az \u00d6nbizalmad t\u00e1mogat\u00f3 k\u00e9rd\u00e9s-sorozattal, \u00e9s egy AJ\u00c1ND\u00c9K MEDIT\u00c1CI\u00d3T IS, amely kifejezetten ehhez a k\u00e9pz\u00e9shez sz\u00fcletett, \u00e9s a BIZALOM VISSZA\u00c9P\u00dcL\u00c9S\u00c9T T\u00c1MOGATJA!A tr\u00e9ning napok k\u00f6z\u00f6tt pedig mini-h\u00e1zi feladat is lesz, amit napi szinten meg fogsz tudni csin\u00e1lni, hogy f\u00f3kuszban maradj!&nbsp;Ha k\u00e9rd\u00e9sed van,&nbsp; \u00edrd meg nekem, k\u00e9rlek, az empatia7@gmail.com emailc\u00edmre! Szeretettel v\u00e1laszolok!&nbsp;Szeretettel v\u00e1rlak!\u00c9vaM\u00e9g t\u00f6bb tartalom\u00e9rt csatlakozz hozz\u00e1nk itt is:\u00c9lhet\u0151bb, er\u0151szakmentesebb mindennapok&nbsp;\u00c9lhet\u0151bb, er\u0151szakmentesebb mindennapok | Facebook&#8230;\u00e9s szeretettel v\u00e1rlak a f\u0151 Fb oldalamon is, k\u00f6vesd be azt is:(1) Emp\u00e1tiaplusz &#8211; Lukovics \u00c9va | Facebook<\/p>\n","protected":false},"author":2,"featured_media":0,"parent":0,"menu_order":0,"comment_status":"closed","ping_status":"closed","template":"","meta":{"footnotes":""},"class_list":["post-1379","page","type-page","status-publish","hentry"],"_links":{"self":[{"href":"https:\/\/empatia-plus.sk\/index.php?rest_route=\/wp\/v2\/pages\/1379","targetHints":{"allow":["GET"]}}],"collection":[{"href":"https:\/\/empatia-plus.sk\/index.php?rest_route=\/wp\/v2\/pages"}],"about":[{"href":"https:\/\/empatia-plus.sk\/index.php?rest_route=\/wp\/v2\/types\/page"}],"author":[{"embeddable":true,"href":"https:\/\/empatia-plus.sk\/index.php?rest_route=\/wp\/v2\/users\/2"}],"replies":[{"embeddable":true,"href":"https:\/\/empatia-plus.sk\/index.php?rest_route=%2Fwp%2Fv2%2Fcomments&post=1379"}],"version-history":[{"count":29,"href":"https:\/\/empatia-plus.sk\/index.php?rest_route=\/wp\/v2\/pages\/1379\/revisions"}],"predecessor-version":[{"id":1421,"href":"https:\/\/empatia-plus.sk\/index.php?rest_route=\/wp\/v2\/pages\/1379\/revisions\/1421"}],"wp:attachment":[{"href":"https:\/\/empatia-plus.sk\/index.php?rest_route=%2Fwp%2Fv2%2Fmedia&parent=1379"}],"curies":[{"name":"wp","href":"https:\/\/api.w.org\/{rel}","templated":true}]}}